{"id":1147,"date":"2023-06-12T16:22:16","date_gmt":"2023-06-12T14:22:16","guid":{"rendered":"https:\/\/www.worldcocoaconference.org\/?page_id=1147"},"modified":"2023-07-05T11:56:21","modified_gmt":"2023-07-05T09:56:21","slug":"politica-de-cookies","status":"publish","type":"page","link":"https:\/\/www.worldcocoaconference.org\/es\/politica-de-cookies\/","title":{"rendered":"Pol\u00edtica de cookies"},"content":{"rendered":"\t\t<div data-elementor-type=\"wp-page\" data-elementor-id=\"1147\" class=\"elementor elementor-1147 elementor-1146\" data-elementor-post-type=\"page\">\n\t\t\t\t\t\t<section class=\"elementor-section elementor-top-section elementor-element elementor-element-3ec5a2c elementor-section-boxed elementor-section-height-default elementor-section-height-default\" data-id=\"3ec5a2c\" data-element_type=\"section\" data-e-type=\"section\">\n\t\t\t\t\t\t\t<div class=\"elementor-background-overlay\"><\/div>\n\t\t\t\t\t\t\t<div class=\"elementor-container elementor-column-gap-default\">\n\t\t\t\t\t<div class=\"elementor-column elementor-col-100 elementor-top-column elementor-element elementor-element-8a4081d\" data-id=\"8a4081d\" data-element_type=\"column\" data-e-type=\"column\">\n\t\t\t<div class=\"elementor-widget-wrap elementor-element-populated\">\n\t\t\t\t\t\t<div class=\"elementor-element elementor-element-6f39a30 elementor-widget elementor-widget-text-editor\" data-id=\"6f39a30\" data-element_type=\"widget\" data-e-type=\"widget\" data-widget_type=\"text-editor.default\">\n\t\t\t\t<div class=\"elementor-widget-container\">\n\t\t\t\t\t\t\t\t\t<h2><strong><u>Pol\u00edtica de cookies<\/u><\/strong><\/h2>\n<\/p>\n<p>Esta p\u00e1gina le informa sobre la pol\u00edtica de cookies del sitio web y los formularios de inscripci\u00f3n de la Conferencia Mundial sobre el Cacao 2024.<\/p>\n<p>Una cookie es un peque\u00f1o archivo de texto que puede almacenarse en su ordenador cuando visita sitios web.<\/p>\n<\/p>\n<p><strong>\u00bfQu\u00e9 es una galleta?<\/strong><\/p>\n<p>En este archivo de texto se guarda informaci\u00f3n como, por ejemplo, el idioma elegido en un sitio web. Cuando vuelva a visitar el sitio web m\u00e1s adelante, esta cookie le devolver\u00e1 al sitio web en cuesti\u00f3n. De este modo, el sitio web reconoce su navegador y puede, por ejemplo, conservar su elecci\u00f3n de idioma.<\/p>\n<p>Las cookies tambi\u00e9n suelen tener un dato de caducidad. Por ejemplo, algunas cookies se eliminan autom\u00e1ticamente al cerrar el navegador (las denominadas cookies de sesi\u00f3n), mientras que otras pueden quedar almacenadas durante m\u00e1s tiempo en su ordenador, a veces hasta que usted las elimine manualmente (las denominadas cookies permanentes).<\/p>\n<\/p>\n<p><strong>Por qu\u00e9 utilizamos cookies.<\/strong><\/p>\n<p>Destr\u00e9e Organisation, administrador del sitio web <a href=\"https:\/\/www.worldcocoaconference.org\/es\/\">https:\/\/www.cocoabrussels2024.be,<\/a> utiliza los siguientes tipos de cookies en su sitio web:<\/p>\n<ul>\n<li>cookies esenciales ;<\/li>\n<li>cookies funcionales ;<\/li>\n<\/ul>\n<p>Destr\u00e9e Organisation utiliza cookies esenciales y funcionales para gestionar el contenido de su sitio web. Estas cookies son necesarias para el correcto funcionamiento de este sitio web. No es posible rechazar estas cookies si desea visitar nuestro sitio web.<\/p>\n<\/p>\n<p>Los formularios de registro son gestionados por el software EventsAIR y utilizan cookies esenciales y funcionales necesarias \u00fanicamente para la gesti\u00f3n del registro.<\/p>\n<p>Las cookies de EventsAIR son seguras porque:<\/p>\n<ul>\n<li>Las cookies no contienen datos personales.<\/li>\n<li>Las cookies tienen el \u00abindicador de seguridad\u00bb activado.<\/li>\n<li>Las cookies caducan a las 3 horas.<\/li>\n<li>Las cookies se cifran utilizando algoritmos de cifrado potentes de las bibliotecas Crypto de .Net.<\/li>\n<\/ul>\n<p><strong>Lista de cookies esenciales<\/strong><\/p>\n<p>Estas cookies son necesarias por razones puramente t\u00e9cnicas para una visita normal de los sitios web. Dada la necesidad t\u00e9cnica, s\u00f3lo se aplica una obligaci\u00f3n de informaci\u00f3n, y estas cookies se guardan desde el momento en que usted accede al sitio web.<\/p>\n<table>\n<tbody>\n<tr>\n<td width=\"150\">\n<p><strong>Nombre<\/strong><\/p>\n<\/td>\n<td width=\"150\">\n<p><strong>Fecha de caducidad<\/strong><\/p>\n<\/td>\n<td width=\"150\">\n<p><strong>Contenido<\/strong><\/p>\n<\/td>\n<td width=\"150\">\n<p><strong>Prop\u00f3sito<\/strong><\/p>\n<\/td>\n<\/tr>\n<tr>\n<td width=\"150\">\n<p>BIGipServerF2W-&#8230;<\/p>\n<\/td>\n<td width=\"150\">\n<p>Al final de la sesi\u00f3n<\/p>\n<\/td>\n<td width=\"150\">\n<p>Una secuencia de caracteres<\/p>\n<\/td>\n<td width=\"150\">\n<p>Asigna el tratamiento de las peticiones de un usuario a un servidor<\/p>\n<\/td>\n<\/tr>\n<tr>\n<td width=\"150\">\n<p>TS01448b0 (equipos en TS&#8230; vari\u00ebren)<\/p>\n<\/td>\n<td width=\"150\">\n<p>Al final de la sesi\u00f3n<\/p>\n<\/td>\n<td width=\"150\">\n<p>Una secuencia de caracteres<\/p>\n<\/td>\n<td width=\"150\">\n<p>Asigna el tratamiento de las peticiones de un usuario a un servidor<\/p>\n<\/td>\n<\/tr>\n<\/tbody>\n<\/table>\n<p><strong>Lista de cookies funcionales<\/strong><\/p>\n<p>No puede bloquear estas cookies si desea acceder a este sitio web, pero s\u00f3lo se guardan despu\u00e9s de haber elegido la colocaci\u00f3n de cookies.<\/p>\n<table>\n<tbody>\n<tr>\n<td width=\"150\">\n<p><strong>Nombre<\/strong><\/p>\n<\/td>\n<td width=\"150\">\n<p><strong>Fecha de caducidad<\/strong><\/p>\n<\/td>\n<td width=\"150\">\n<p><strong>Contenido<\/strong><\/p>\n<\/td>\n<td width=\"150\">\n<p><strong>Prop\u00f3sito<\/strong><\/p>\n<\/td>\n<\/tr>\n<tr>\n<td width=\"150\">\n<p>idioma<\/p>\n<\/td>\n<td width=\"150\">\n<p>365 d\u00edas (1 a\u00f1o)<\/p>\n<\/td>\n<td width=\"150\">\n<p>Idioma de la \u00faltima p\u00e1gina visitada<\/p>\n<\/td>\n<td width=\"150\">\n<p>En la pr\u00f3xima visita, acceder\u00e1 autom\u00e1ticamente a la p\u00e1gina de inicio en el idioma elegido.<\/p>\n<\/td>\n<\/tr>\n<tr>\n<td width=\"150\">\n<p>Has_js<\/p>\n<\/td>\n<td width=\"150\">\n<p>Al final de la sesi\u00f3n<\/p>\n<\/td>\n<td width=\"150\">\n<\/td>\n<td width=\"150\">\n<p>Comprobaci\u00f3n r\u00e1pida de la disponibilidad de javascript<\/p>\n<\/td>\n<\/tr>\n<tr>\n<td width=\"150\">\n<p>fedconsent<\/p>\n<\/td>\n<td width=\"150\">\n<p>90 d\u00edas<\/p>\n<\/td>\n<td width=\"150\">\n<p>Preferencias de cookies<\/p>\n<\/td>\n<td width=\"150\">\n<p>Guarda las elecciones realizadas en el cookie-popup<\/p>\n<\/td>\n<\/tr>\n<\/tbody>\n<\/table>\n<p><strong>\u00bfC\u00f3mo puedo ver qu\u00e9 cookies se guardan en mi dispositivo y c\u00f3mo puedo eliminarlas?<\/strong><\/p>\n<p>Si desea saber qu\u00e9 cookies se han guardado en su dispositivo o si puede eliminarlas, puede utilizar un par\u00e1metro de su navegador. Encontrar\u00e1 m\u00e1s informaci\u00f3n sobre c\u00f3mo hacerlo en los siguientes enlaces.<\/p>\n<ul>\n<li><a href=\"https:\/\/support.mozilla.org\/en-US\/kb\/clear-cookies-and-site-data-firefox\" target=\"_blank\" rel=\"noopener\">Firefox<\/a><\/li>\n<li><a href=\"https:\/\/support.mozilla.org\/en-US\/kb\/clearing-cookies-private-data-history-and-settings\" target=\"_blank\" rel=\"noopener\">Firefox (m\u00f3vil)<\/a><\/li>\n<li><a href=\"https:\/\/support.google.com\/chrome\/answer\/95647?hl=en\" target=\"_blank\" rel=\"noopener\">Cromo<\/a><\/li>\n<li><a href=\"https:\/\/support.google.com\/chrome\/answer\/95647?hl=en\" target=\"_blank\" rel=\"noopener\">Chrome (m\u00f3vil)<\/a><\/li>\n<li><a href=\"https:\/\/support.apple.com\/en-gb\/guide\/safari\/sfri11471\/mac\" target=\"_blank\" rel=\"noopener\">Safari<\/a><\/li>\n<li><a href=\"https:\/\/support.apple.com\/en-gb\/HT201265\" target=\"_blank\" rel=\"noopener\">Safari (m\u00f3vil)<\/a><\/li>\n<li><a href=\"https:\/\/support.microsoft.com\/en-gb\/windows\/delete-and-manage-cookies-168dab11-0753-043d-7c16-ede5947fc64d\" target=\"_blank\" rel=\"noopener\">Internet Explorer<\/a><\/li>\n<li><a href=\"https:\/\/support.microsoft.com\/en-gb\/microsoft-edge\/delete-cookies-in-microsoft-edge-63947406-40ac-c3b8-57b9-2a946a29ae09\" target=\"_blank\" rel=\"noopener\">Microsoft Edge<\/a><\/li>\n<\/ul>\n<p>Si utiliza otro navegador, puede comprobar si el procedimiento para su navegador se menciona en <a href=\"http:\/\/www.allaboutcookies.org\" target=\"_blank\" rel=\"noopener\">www.allaboutcookies.org<\/a>.<\/p><\/p>\n\t\t\t\t\t\t\t\t<\/div>\n\t\t\t\t<\/div>\n\t\t\t\t\t<\/div>\n\t\t<\/div>\n\t\t\t\t\t<\/div>\n\t\t<\/section>\n\t\t\t\t<\/div>\n\t\t","protected":false},"excerpt":{"rendered":"<p>Pol\u00edtica de cookies Esta p\u00e1gina le informa sobre la pol\u00edtica de cookies del sitio web y los formularios de inscripci\u00f3n de la Conferencia Mundial sobre el Cacao 2024. Una cookie es un peque\u00f1o archivo de texto que puede almacenarse en su ordenador cuando visita sitios web. \u00bfQu\u00e9 es una galleta? En este archivo de texto [&hellip;]<\/p>\n","protected":false},"author":1,"featured_media":0,"parent":0,"menu_order":0,"comment_status":"closed","ping_status":"closed","template":"elementor_header_footer","meta":{"sfsi_plus_gutenberg_text_before_share":"","sfsi_plus_gutenberg_show_text_before_share":"","sfsi_plus_gutenberg_icon_type":"","sfsi_plus_gutenberg_icon_alignemt":"","sfsi_plus_gutenburg_max_per_row":"","_lmt_disableupdate":"","_lmt_disable":"","footnotes":""},"class_list":["post-1147","page","type-page","status-publish","hentry"],"_links":{"self":[{"href":"https:\/\/www.worldcocoaconference.org\/es\/wp-json\/wp\/v2\/pages\/1147","targetHints":{"allow":["GET"]}}],"collection":[{"href":"https:\/\/www.worldcocoaconference.org\/es\/wp-json\/wp\/v2\/pages"}],"about":[{"href":"https:\/\/www.worldcocoaconference.org\/es\/wp-json\/wp\/v2\/types\/page"}],"author":[{"embeddable":true,"href":"https:\/\/www.worldcocoaconference.org\/es\/wp-json\/wp\/v2\/users\/1"}],"replies":[{"embeddable":true,"href":"https:\/\/www.worldcocoaconference.org\/es\/wp-json\/wp\/v2\/comments?post=1147"}],"version-history":[{"count":8,"href":"https:\/\/www.worldcocoaconference.org\/es\/wp-json\/wp\/v2\/pages\/1147\/revisions"}],"predecessor-version":[{"id":2070,"href":"https:\/\/www.worldcocoaconference.org\/es\/wp-json\/wp\/v2\/pages\/1147\/revisions\/2070"}],"wp:attachment":[{"href":"https:\/\/www.worldcocoaconference.org\/es\/wp-json\/wp\/v2\/media?parent=1147"}],"curies":[{"name":"wp","href":"https:\/\/api.w.org\/{rel}","templated":true}]}}