{"id":1156,"date":"2023-06-12T16:25:55","date_gmt":"2023-06-12T14:25:55","guid":{"rendered":"https:\/\/www.worldcocoaconference.org\/?page_id=1156"},"modified":"2023-07-13T12:38:52","modified_gmt":"2023-07-13T10:38:52","slug":"politica-de-privacidad","status":"publish","type":"page","link":"https:\/\/www.worldcocoaconference.org\/es\/politica-de-privacidad\/","title":{"rendered":"Pol\u00edtica de privacidad"},"content":{"rendered":"\t\t<div data-elementor-type=\"wp-page\" data-elementor-id=\"1156\" class=\"elementor elementor-1156 elementor-1155\" data-elementor-post-type=\"page\">\n\t\t\t\t\t\t<section class=\"elementor-section elementor-top-section elementor-element elementor-element-3ec5a2c elementor-section-boxed elementor-section-height-default elementor-section-height-default\" data-id=\"3ec5a2c\" data-element_type=\"section\" data-e-type=\"section\">\n\t\t\t\t\t\t\t<div class=\"elementor-background-overlay\"><\/div>\n\t\t\t\t\t\t\t<div class=\"elementor-container elementor-column-gap-default\">\n\t\t\t\t\t<div class=\"elementor-column elementor-col-100 elementor-top-column elementor-element elementor-element-8a4081d\" data-id=\"8a4081d\" data-element_type=\"column\" data-e-type=\"column\">\n\t\t\t<div class=\"elementor-widget-wrap elementor-element-populated\">\n\t\t\t\t\t\t<div class=\"elementor-element elementor-element-6f39a30 elementor-widget elementor-widget-text-editor\" data-id=\"6f39a30\" data-element_type=\"widget\" data-e-type=\"widget\" data-widget_type=\"text-editor.default\">\n\t\t\t\t<div class=\"elementor-widget-container\">\n\t\t\t\t\t\t\t\t\t<h2><strong>Protecci\u00f3n de datos personales<\/strong><\/h2><p>La siguiente informaci\u00f3n se refiere a la protecci\u00f3n de sus datos personales. Estos son los datos que le permiten ser identificado, directa o indirectamente, como su nombre, apellido, direcci\u00f3n de correo electr\u00f3nico y direcci\u00f3n IP.<\/p><p>Los datos personales se recopilan cuando:<\/p><ul><li>Usted navega en las p\u00e1ginas del sitio web de la Conferencia Mundial del Cacao 2024. En su navegador, esas p\u00e1ginas comienzan con <a href=\"https:\/\/www.worldcocoaconference.org\/es\/\" target=\"_blank\" rel=\"noopener\">https:\/\/cocoabrussels2024.be<\/a> o, para el formulario de registro, con <a href=\"https:\/\/destree.eventsair.com\/cocoa2024\" target=\"_blank\" rel=\"noopener\">https:\/\/destree.eventsair.com\/cocoa2024<\/a>. Cuando un enlace lo lleve a otro sitio web, un sitio de portal, una aplicaci\u00f3n en l\u00ednea o una red social, debe verificar los t\u00e9rminos y condiciones para el procesamiento de datos personales utilizados por los responsables de esos servicios;<\/li><li>P\u00f3ngase en contacto con nosotros.<\/li><\/ul><p>Sus datos personales est\u00e1n protegidos de acuerdo con:<\/p><ul><li>Reglamento Europeo 2016\/679 del Parlamento Europeo y del Consejo, de 27 de abril de 2016 (entr\u00f3 en vigor el 25 de mayo de 2018), relativo a la protecci\u00f3n de las personas f\u00edsicas en lo que respecta al tratamiento de datos personales y a la libre circulaci\u00f3n de estos datos (RGPD);<\/li><li>La Ley de Protecci\u00f3n de Datos de 30 de julio de 2018 sobre la protecci\u00f3n de las personas f\u00edsicas en lo que respecta al procesamiento de datos personales.<\/li><\/ul><p>El controlador de datos es el Servicio P\u00fablico Federal de Asuntos Exteriores, Comercio Exterior y Cooperaci\u00f3n al Desarrollo.<\/p><p>Se ha designado a un procesador de datos, Destr\u00e9e Organisation, para desarrollar y administrar el sitio web y administrar el proceso de registro.<\/p><p>Este procesamiento de datos se rige por un acuerdo de procesamiento de datos seg\u00fan lo requerido por el GDPR.<\/p><p><b>1. Bases jur\u00eddicas y finalidades de las operaciones de tratamiento<\/b><\/p><p>Las bases legales de las operaciones de procesamiento son las siguientes:<\/p><ul><li>Para la organizaci\u00f3n de la conferencia: realizaci\u00f3n de una tarea realizada en inter\u00e9s p\u00fablico;<\/li><li>Para tomar fotos \/ videos, reutilizarlos, compartir la lista de participantes con fines de creaci\u00f3n de redes y transferir la lista de participantes a la International CoCoa Organization (ICCO) para futuros eventos: consentimiento.<\/li><\/ul><p>Los datos personales se recopilan y procesan con el objetivo de:<\/p><ul><li>Ay\u00fadanos a organizar la conferencia de la manera m\u00e1s eficaz posible;<\/li><li>Gestionar los problemas log\u00edsticos;<\/li><li>Permitir que los participantes se conecten a trav\u00e9s de la aplicaci\u00f3n de la conferencia;<\/li><li>Tomar fotos \/ videos durante la conferencia y reutilizarlos para la comunicaci\u00f3n y \/ o promoci\u00f3n;<\/li><li>Crear una base de datos que pueda ser utilizada por la International CoCoa Organization (ICCO) para otros eventos similares;<\/li><li>Permitir el acceso a la conferencia;<\/li><li>Habilite la facturaci\u00f3n.<\/li><\/ul><p>Los datos tambi\u00e9n se recopilan y procesan de forma an\u00f3nima:<\/p><ul><li>Para fines estad\u00edsticos y cualitativos, con el objetivo de mejorar nuestros servicios;<\/li><li>Para proporcionarle una respuesta en su idioma.<\/li><\/ul><p>Si su solicitud de informaci\u00f3n o servicios est\u00e1 destinada a otro departamento, le proporcionamos los detalles de ese departamento y usted es libre de elegir si desea o no ponerse en contacto con ellos.<\/p><h5><strong>2. Datos tratados<\/strong><\/h5><p>En las situaciones enumeradas en la tabla a continuaci\u00f3n, los datos personales se recopilan y procesan autom\u00e1ticamente.<\/p><table><tbody><tr><td width=\"245\"><p><strong>Situaciones<\/strong><\/p><\/td><td width=\"396\"><p><strong>Datos recopilados y procesados<\/strong><\/p><\/td><\/tr><tr><td width=\"245\"><p>Visitas una o m\u00e1s p\u00e1ginas<\/p><\/td><td width=\"396\"><p>Direcci\u00f3n IP<\/p><\/td><\/tr><tr><td width=\"245\"><p>Usted se pone en contacto con nosotros a trav\u00e9s del correo electr\u00f3nico de contacto<\/p><\/td><td width=\"396\"><p>Apellidos, nombre y direcci\u00f3n de correo electr\u00f3nico que ha proporcionado<\/p><p>Intercambio de mensajes<\/p><p>Metadatos que pueden o no estar relacionados con su correo electr\u00f3nico<\/p><\/td><\/tr><tr><td width=\"245\"><p>Usted se registra en la conferencia utilizando nuestro formulario de inscripci\u00f3n<\/p><\/td><td width=\"396\"><p>Datos identificativos: apellidos, nombre, direcci\u00f3n comercial, direcci\u00f3n de correo electr\u00f3nico<\/p><p>Datos personales: t\u00edtulo, fecha de nacimiento, notificaci\u00f3n de solicitud de visado<\/p><p>Datos de salud f\u00edsica: restricciones diet\u00e9ticas, necesidades especiales de movilidad<\/p><p>Profesi\u00f3n y empleo: organizaci\u00f3n\/instituci\u00f3n, cargo, selecci\u00f3n del tipo de inscripci\u00f3n a la conferencia (miembro de una ONG o no)<\/p><p>Otros datos: selecci\u00f3n e inscripci\u00f3n para actividades distintas al programa de la reuni\u00f3n (inscripci\u00f3n a la cena de gala, visita t\u00e9cnica al puerto de Amberes, etc.)<\/p><\/td><\/tr><\/tbody><\/table><p>Los dem\u00e1s datos personales que pueden procesarse se enumeran en el registro de procesamiento de datos.<\/p><p>Los datos que no son de naturaleza personal se recopilan autom\u00e1ticamente sin vincularlos a su direcci\u00f3n IP y, por lo tanto, respetando su privacidad. Se utiliza para generar estad\u00edsticas y mejorar el contenido del sitio del portal:<\/p><ul><li>Selecci\u00f3n de idioma<\/li><li>Motor de b\u00fasqueda utilizado<\/li><li>Palabras clave utilizadas<\/li><li>El sitio web del que provienes<\/li><li>Las p\u00e1ginas que has visto<\/li><li>La duraci\u00f3n de cada vista de p\u00e1gina<\/li><li>La lista de archivos descargados<\/li><li>La fecha y hora de acceso<\/li><li>El navegador utilizado<\/li><li>La plataforma y\/o sistema operativo instalado en su ordenador<\/li><li>&#8230;<\/li><\/ul><h5><strong>3. Uso de cookies <\/strong><\/h5><p>Una cookie es un peque\u00f1o archivo de texto que puede almacenarse en su ordenador cuando visita sitios web.<\/p><p>El sitio web de la conferencia y los formularios de inscripci\u00f3n utilizan solo cookies esenciales y funcionales necesarias para su correcto funcionamiento. La pol\u00edtica de cookies se puede encontrar <a href=\"https:\/\/www.worldcocoaconference.org\/es\/?page_id=1147\" target=\"_blank\" rel=\"noopener\">aqu\u00ed<\/a>.<\/p><h5><strong>4. Duraci\u00f3n del almacenamiento <\/strong><\/h5><p>La duraci\u00f3n del almacenamiento:<\/p><ul><li>De su direcci\u00f3n IP es de 12 meses;<\/li><li>De los intercambios a trav\u00e9s del formulario de contacto y por correo electr\u00f3nico es de 1 mes;<\/li><li>De los datos de inscripci\u00f3n a la conferencia es de 2 a\u00f1os.<\/li><\/ul><p>En casos excepcionales, como en el contexto de procedimientos legales, sus datos personales pueden almacenarse durante un per\u00edodo m\u00e1s largo.<\/p><h5><strong>5. Seguridad <\/strong><\/h5><p>Destr\u00e9e Organisation garantiza la seguridad (integridad y confidencialidad) de sus datos personales. Est\u00e1 protegido contra el acceso no autorizado, el uso no autorizado, la p\u00e9rdida y los cambios no autorizados.<\/p><p>Con este fin, utilizamos m\u00e9todos y procedimientos de seguridad que no describiremos en detalle aqu\u00ed por razones de seguridad.<\/p><p>Tenga en cuenta que se toman las medidas f\u00edsicas, t\u00e9cnicas y organizativas adecuadas para garantizar un nivel de seguridad adecuado con respecto a los riesgos.<\/p><p>\u00a0<\/p><h5><strong>6. Derecho de acceso, rectificaci\u00f3n, oposici\u00f3n y supresi\u00f3n<\/strong><\/h5><p>Usted tiene ciertos derechos relacionados con los datos personales que utilizamos: el derecho de acceso, el derecho de rectificaci\u00f3n, el derecho de oposici\u00f3n y el derecho a que se eliminen los datos.<\/p><p>Su solicitud ser\u00e1 procesada dentro de los 30 d\u00edas calendario. Si su demanda es compleja o si nuestro departamento tiene que atender un gran n\u00famero de solicitudes, ese plazo puede ampliarse por 60 d\u00edas.<\/p><p>Env\u00ede un correo electr\u00f3nico o una carta a nuestro Oficial de Protecci\u00f3n de Datos para ejercer sus derechos: <a href=\"mailto:dpo@diplobel.fed.be\">dpo@diplobel.fed.be<\/a><\/p><h5><strong>7. Reclamaciones<\/strong><\/h5><p>Si considera que el Servicio P\u00fablico Federal de Asuntos Exteriores, Comercio Exterior y Cooperaci\u00f3n al Desarrollo y\/o la Organizaci\u00f3n Destr\u00e9e no han procesado sus datos personales de acuerdo con la normativa aplicable, tiene derecho a presentar una queja ante la Autoridad de Protecci\u00f3n de Datos:<\/p><p><strong>Autoridad de Protecci\u00f3n de Datos<\/strong><\/p><p>Rue de la Presse 35<\/p><p>1000 Bruselas<\/p><p>Correo electr\u00f3nico: <a href=\"mailto:contact@apd-gba.be\">contact@apd-gba.be<\/a><\/p><p>\u00a0<\/p><h5><strong>8. Contacto<\/strong><\/h5><p>Para obtener m\u00e1s informaci\u00f3n sobre nuestra pol\u00edtica de protecci\u00f3n de datos, puede ponerse en contacto con nuestro Delegado de Protecci\u00f3n de Datos en: <a href=\"mailto:dpo@diplobel.fed.be\">dpo@diplobel.fed.be<\/a><\/p>\t\t\t\t\t\t\t\t<\/div>\n\t\t\t\t<\/div>\n\t\t\t\t\t<\/div>\n\t\t<\/div>\n\t\t\t\t\t<\/div>\n\t\t<\/section>\n\t\t\t\t<\/div>\n\t\t","protected":false},"excerpt":{"rendered":"<p>Protecci\u00f3n de datos personales La siguiente informaci\u00f3n se refiere a la protecci\u00f3n de sus datos personales. Estos son los datos que le permiten ser identificado, directa o indirectamente, como su nombre, apellido, direcci\u00f3n de correo electr\u00f3nico y direcci\u00f3n IP. Los datos personales se recopilan cuando: Usted navega en las p\u00e1ginas del sitio web de la [&hellip;]<\/p>\n","protected":false},"author":1,"featured_media":0,"parent":0,"menu_order":0,"comment_status":"closed","ping_status":"closed","template":"elementor_header_footer","meta":{"sfsi_plus_gutenberg_text_before_share":"","sfsi_plus_gutenberg_show_text_before_share":"","sfsi_plus_gutenberg_icon_type":"","sfsi_plus_gutenberg_icon_alignemt":"","sfsi_plus_gutenburg_max_per_row":"","_lmt_disableupdate":"","_lmt_disable":"","footnotes":""},"class_list":["post-1156","page","type-page","status-publish","hentry"],"_links":{"self":[{"href":"https:\/\/www.worldcocoaconference.org\/es\/wp-json\/wp\/v2\/pages\/1156","targetHints":{"allow":["GET"]}}],"collection":[{"href":"https:\/\/www.worldcocoaconference.org\/es\/wp-json\/wp\/v2\/pages"}],"about":[{"href":"https:\/\/www.worldcocoaconference.org\/es\/wp-json\/wp\/v2\/types\/page"}],"author":[{"embeddable":true,"href":"https:\/\/www.worldcocoaconference.org\/es\/wp-json\/wp\/v2\/users\/1"}],"replies":[{"embeddable":true,"href":"https:\/\/www.worldcocoaconference.org\/es\/wp-json\/wp\/v2\/comments?post=1156"}],"version-history":[{"count":11,"href":"https:\/\/www.worldcocoaconference.org\/es\/wp-json\/wp\/v2\/pages\/1156\/revisions"}],"predecessor-version":[{"id":2499,"href":"https:\/\/www.worldcocoaconference.org\/es\/wp-json\/wp\/v2\/pages\/1156\/revisions\/2499"}],"wp:attachment":[{"href":"https:\/\/www.worldcocoaconference.org\/es\/wp-json\/wp\/v2\/media?parent=1156"}],"curies":[{"name":"wp","href":"https:\/\/api.w.org\/{rel}","templated":true}]}}