{"id":412,"date":"2023-05-09T10:21:08","date_gmt":"2023-05-09T08:21:08","guid":{"rendered":"https:\/\/www.worldcocoaconference.org\/icco\/"},"modified":"2023-07-13T15:52:33","modified_gmt":"2023-07-13T13:52:33","slug":"icco","status":"publish","type":"page","link":"https:\/\/www.worldcocoaconference.org\/es\/icco\/","title":{"rendered":"ICCO"},"content":{"rendered":"\t\t<div data-elementor-type=\"wp-page\" data-elementor-id=\"412\" class=\"elementor elementor-412 elementor-226\" data-elementor-post-type=\"page\">\n\t\t\t\t\t\t<section class=\"elementor-section elementor-top-section elementor-element elementor-element-3ec5a2c elementor-section-boxed elementor-section-height-default elementor-section-height-default\" data-id=\"3ec5a2c\" data-element_type=\"section\" data-e-type=\"section\">\n\t\t\t\t\t\t\t<div class=\"elementor-background-overlay\"><\/div>\n\t\t\t\t\t\t\t<div class=\"elementor-container elementor-column-gap-default\">\n\t\t\t\t\t<div class=\"elementor-column elementor-col-100 elementor-top-column elementor-element elementor-element-8a4081d\" data-id=\"8a4081d\" data-element_type=\"column\" data-e-type=\"column\">\n\t\t\t<div class=\"elementor-widget-wrap elementor-element-populated\">\n\t\t\t\t\t\t<div class=\"elementor-element elementor-element-fe5050e elementor-widget elementor-widget-image\" data-id=\"fe5050e\" data-element_type=\"widget\" data-e-type=\"widget\" data-widget_type=\"image.default\">\n\t\t\t\t<div class=\"elementor-widget-container\">\n\t\t\t\t\t\t\t\t\t\t\t\t\t\t\t\t<a href=\"http:\/\/www.icco.org\" target=\"_blank\" rel=\"noopener\">\n\t\t\t\t\t\t\t<img fetchpriority=\"high\" decoding=\"async\" width=\"861\" height=\"569\" src=\"https:\/\/www.worldcocoaconference.org\/wp-content\/uploads\/2023\/05\/ICCO-logo.png\" class=\"attachment-large size-large wp-image-219\" alt=\"\" srcset=\"https:\/\/www.worldcocoaconference.org\/wp-content\/uploads\/2023\/05\/ICCO-logo.png 861w, https:\/\/www.worldcocoaconference.org\/wp-content\/uploads\/2023\/05\/ICCO-logo-768x508.png 768w\" sizes=\"(max-width: 861px) 100vw, 861px\" \/>\t\t\t\t\t\t\t\t<\/a>\n\t\t\t\t\t\t\t\t\t\t\t\t\t\t\t<\/div>\n\t\t\t\t<\/div>\n\t\t\t\t<div class=\"elementor-element elementor-element-e760e55 elementor-widget elementor-widget-heading\" data-id=\"e760e55\" data-element_type=\"widget\" data-e-type=\"widget\" data-widget_type=\"heading.default\">\n\t\t\t\t<div class=\"elementor-widget-container\">\n\t\t\t\t\t<h2 class=\"elementor-heading-title elementor-size-default\">Acerca de ICCO<\/h2>\t\t\t\t<\/div>\n\t\t\t\t<\/div>\n\t\t\t\t<div class=\"elementor-element elementor-element-6f39a30 elementor-widget elementor-widget-text-editor\" data-id=\"6f39a30\" data-element_type=\"widget\" data-e-type=\"widget\" data-widget_type=\"text-editor.default\">\n\t\t\t\t<div class=\"elementor-widget-container\">\n\t\t\t\t\t\t\t\t\t<p>La Organizaci\u00f3n internacional del cacao (ICCO) es una organizaci\u00f3n intergubernamental fundada en 1973 bajo los auspicios de las Naciones Unidas y que opera en el marco de los sucesivos Convenios Internacionales del Cacao. La sede de la ICCO est\u00e1 en Abidjan (C\u00f4te d\u2019Ivoire).<\/p><p>La Organizaci\u00f3n cuenta con 52 pa\u00edses miembros, de los cuales 23 son pa\u00edses exportadores de cacao y 29 son pa\u00edses importadores. Estos pa\u00edses miembros representan en conjunto el 86% de las exportaciones mundiales de cacao y el 76% de las importaciones mundiales de cacao (<a href=\"https:\/\/www.icco.org\/who-we-are\/membership\/\" target=\"_blank\" rel=\"noopener\">https:\/\/www.icco.org\/who-we-are\/membership\/<\/a>).<\/p><p>La ICCO tiene como objetivo promover y apoyar la sostenibilidad econ\u00f3mica, social y medioambiental de la cadena de valor del cacao y, en particular, mejorar las condiciones de vida de los cacaocultores. La Organizaci\u00f3n es un centro de conocimiento e innovaci\u00f3n en la econom\u00eda mundial del cacao, una plataforma de cooperaci\u00f3n institucional para fomentar el di\u00e1logo entre sus pa\u00edses miembros y entre las principales partes interesadas en la cadena de valor del cacao, y un centro de asistencia t\u00e9cnica para sus pa\u00edses miembros.<\/p><p>Para m\u00e1s informaci\u00f3n, p\u00f3ngase en contacto con: <a href=\"mailto:info@icco.org\">info@icco.org<\/a>r<\/p>\t\t\t\t\t\t\t\t<\/div>\n\t\t\t\t<\/div>\n\t\t\t\t\t<\/div>\n\t\t<\/div>\n\t\t\t\t\t<\/div>\n\t\t<\/section>\n\t\t\t\t<\/div>\n\t\t","protected":false},"excerpt":{"rendered":"<p>Acerca de ICCO La Organizaci\u00f3n internacional del cacao (ICCO) es una organizaci\u00f3n intergubernamental fundada en 1973 bajo los auspicios de las Naciones Unidas y que opera en el marco de los sucesivos Convenios Internacionales del Cacao. La sede de la ICCO est\u00e1 en Abidjan (C\u00f4te d\u2019Ivoire). La Organizaci\u00f3n cuenta con 52 pa\u00edses miembros, de los [&hellip;]<\/p>\n","protected":false},"author":1,"featured_media":0,"parent":0,"menu_order":0,"comment_status":"closed","ping_status":"closed","template":"elementor_header_footer","meta":{"sfsi_plus_gutenberg_text_before_share":"","sfsi_plus_gutenberg_show_text_before_share":"","sfsi_plus_gutenberg_icon_type":"","sfsi_plus_gutenberg_icon_alignemt":"","sfsi_plus_gutenburg_max_per_row":"","_lmt_disableupdate":"","_lmt_disable":"","footnotes":""},"class_list":["post-412","page","type-page","status-publish","hentry"],"_links":{"self":[{"href":"https:\/\/www.worldcocoaconference.org\/es\/wp-json\/wp\/v2\/pages\/412","targetHints":{"allow":["GET"]}}],"collection":[{"href":"https:\/\/www.worldcocoaconference.org\/es\/wp-json\/wp\/v2\/pages"}],"about":[{"href":"https:\/\/www.worldcocoaconference.org\/es\/wp-json\/wp\/v2\/types\/page"}],"author":[{"embeddable":true,"href":"https:\/\/www.worldcocoaconference.org\/es\/wp-json\/wp\/v2\/users\/1"}],"replies":[{"embeddable":true,"href":"https:\/\/www.worldcocoaconference.org\/es\/wp-json\/wp\/v2\/comments?post=412"}],"version-history":[{"count":30,"href":"https:\/\/www.worldcocoaconference.org\/es\/wp-json\/wp\/v2\/pages\/412\/revisions"}],"predecessor-version":[{"id":2502,"href":"https:\/\/www.worldcocoaconference.org\/es\/wp-json\/wp\/v2\/pages\/412\/revisions\/2502"}],"wp:attachment":[{"href":"https:\/\/www.worldcocoaconference.org\/es\/wp-json\/wp\/v2\/media?parent=412"}],"curies":[{"name":"wp","href":"https:\/\/api.w.org\/{rel}","templated":true}]}}