{"id":454,"date":"2023-05-09T12:40:56","date_gmt":"2023-05-09T10:40:56","guid":{"rendered":"https:\/\/www.worldcocoaconference.org\/cena-de-gala\/"},"modified":"2024-04-13T12:03:46","modified_gmt":"2024-04-13T10:03:46","slug":"cena-de-gala","status":"publish","type":"page","link":"https:\/\/www.worldcocoaconference.org\/es\/cena-de-gala\/","title":{"rendered":"Cena de Gala"},"content":{"rendered":"\t\t<div data-elementor-type=\"wp-page\" data-elementor-id=\"454\" class=\"elementor elementor-454 elementor-269\" data-elementor-post-type=\"page\">\n\t\t\t\t\t\t<section class=\"elementor-section elementor-top-section elementor-element elementor-element-41534d1 elementor-section-height-min-height elementor-section-full_width elementor-section-height-default elementor-section-items-middle\" data-id=\"41534d1\" data-element_type=\"section\" data-e-type=\"section\" data-settings=\"{&quot;background_background&quot;:&quot;classic&quot;}\">\n\t\t\t\t\t\t<div class=\"elementor-container elementor-column-gap-default\">\n\t\t\t\t\t<div class=\"elementor-column elementor-col-100 elementor-top-column elementor-element elementor-element-d72917f\" data-id=\"d72917f\" data-element_type=\"column\" data-e-type=\"column\">\n\t\t\t<div class=\"elementor-widget-wrap\">\n\t\t\t\t\t\t\t<\/div>\n\t\t<\/div>\n\t\t\t\t\t<\/div>\n\t\t<\/section>\n\t\t\t\t<section class=\"elementor-section elementor-top-section elementor-element elementor-element-42532b4 elementor-section-boxed elementor-section-height-default elementor-section-height-default\" data-id=\"42532b4\" data-element_type=\"section\" data-e-type=\"section\">\n\t\t\t\t\t\t<div class=\"elementor-container elementor-column-gap-default\">\n\t\t\t\t\t<div class=\"elementor-column elementor-col-33 elementor-top-column elementor-element elementor-element-5efa41d\" data-id=\"5efa41d\" data-element_type=\"column\" data-e-type=\"column\">\n\t\t\t<div class=\"elementor-widget-wrap elementor-element-populated\">\n\t\t\t\t\t\t<div class=\"elementor-element elementor-element-3f3c118 elementor-widget elementor-widget-text-editor\" data-id=\"3f3c118\" data-element_type=\"widget\" data-e-type=\"widget\" data-widget_type=\"text-editor.default\">\n\t\t\t\t<div class=\"elementor-widget-container\">\n\t\t\t\t\t\t\t\t\t<p style=\"text-align: right;\">Con el patrocinio de<\/p>\n\t\t\t\t\t\t\t\t<\/div>\n\t\t\t\t<\/div>\n\t\t\t\t\t<\/div>\n\t\t<\/div>\n\t\t\t\t<div class=\"elementor-column elementor-col-33 elementor-top-column elementor-element elementor-element-41177a4\" data-id=\"41177a4\" data-element_type=\"column\" data-e-type=\"column\">\n\t\t\t<div class=\"elementor-widget-wrap elementor-element-populated\">\n\t\t\t\t\t\t<div class=\"elementor-element elementor-element-c0b49a9 elementor-widget elementor-widget-image\" data-id=\"c0b49a9\" data-element_type=\"widget\" data-e-type=\"widget\" data-widget_type=\"image.default\">\n\t\t\t\t<div class=\"elementor-widget-container\">\n\t\t\t\t\t\t\t\t\t\t\t\t\t\t\t<img fetchpriority=\"high\" decoding=\"async\" width=\"1668\" height=\"452\" src=\"https:\/\/www.worldcocoaconference.org\/wp-content\/uploads\/2024\/04\/StoneX-logo.png\" class=\"attachment-large size-large wp-image-4724\" alt=\"\" srcset=\"https:\/\/www.worldcocoaconference.org\/wp-content\/uploads\/2024\/04\/StoneX-logo.png 1668w, https:\/\/www.worldcocoaconference.org\/wp-content\/uploads\/2024\/04\/StoneX-logo-768x208.png 768w, https:\/\/www.worldcocoaconference.org\/wp-content\/uploads\/2024\/04\/StoneX-logo-1536x416.png 1536w\" sizes=\"(max-width: 1668px) 100vw, 1668px\" \/>\t\t\t\t\t\t\t\t\t\t\t\t\t\t\t<\/div>\n\t\t\t\t<\/div>\n\t\t\t\t\t<\/div>\n\t\t<\/div>\n\t\t\t\t<div class=\"elementor-column elementor-col-33 elementor-top-column elementor-element elementor-element-dca6834\" data-id=\"dca6834\" data-element_type=\"column\" data-e-type=\"column\">\n\t\t\t<div class=\"elementor-widget-wrap\">\n\t\t\t\t\t\t\t<\/div>\n\t\t<\/div>\n\t\t\t\t\t<\/div>\n\t\t<\/section>\n\t\t\t\t<section class=\"elementor-section elementor-top-section elementor-element elementor-element-903cf9d elementor-section-boxed elementor-section-height-default elementor-section-height-default\" data-id=\"903cf9d\" data-element_type=\"section\" data-e-type=\"section\">\n\t\t\t\t\t\t\t<div class=\"elementor-background-overlay\"><\/div>\n\t\t\t\t\t\t\t<div class=\"elementor-container elementor-column-gap-default\">\n\t\t\t\t\t<div class=\"elementor-column elementor-col-100 elementor-top-column elementor-element elementor-element-d507a1d\" data-id=\"d507a1d\" data-element_type=\"column\" data-e-type=\"column\">\n\t\t\t<div class=\"elementor-widget-wrap elementor-element-populated\">\n\t\t\t\t\t\t<div class=\"elementor-element elementor-element-3bac9a8 elementor-widget elementor-widget-heading\" data-id=\"3bac9a8\" data-element_type=\"widget\" data-e-type=\"widget\" data-widget_type=\"heading.default\">\n\t\t\t\t<div class=\"elementor-widget-container\">\n\t\t\t\t\t<h2 class=\"elementor-heading-title elementor-size-default\">Autoworld<\/h2>\t\t\t\t<\/div>\n\t\t\t\t<\/div>\n\t\t\t\t<section class=\"elementor-section elementor-inner-section elementor-element elementor-element-8b0dc5f elementor-section-boxed elementor-section-height-default elementor-section-height-default\" data-id=\"8b0dc5f\" data-element_type=\"section\" data-e-type=\"section\">\n\t\t\t\t\t\t<div class=\"elementor-container elementor-column-gap-default\">\n\t\t\t\t\t<div class=\"elementor-column elementor-col-100 elementor-inner-column elementor-element elementor-element-85edf26\" data-id=\"85edf26\" data-element_type=\"column\" data-e-type=\"column\">\n\t\t\t<div class=\"elementor-widget-wrap elementor-element-populated\">\n\t\t\t\t\t\t<div class=\"elementor-element elementor-element-dd6d2da elementor-widget elementor-widget-text-editor\" data-id=\"dd6d2da\" data-element_type=\"widget\" data-e-type=\"widget\" data-widget_type=\"text-editor.default\">\n\t\t\t\t<div class=\"elementor-widget-container\">\n\t\t\t\t\t\t\t\t\t<p>The World Cocoa Conference gala dinner will be held <strong>on the 23<sup>rd<\/sup> of April 2024<\/strong> at the Autoworld museum, which is also located in the heart of Brussels, and therefore easily accessible by public transport.<\/p>\n<p>El museo se encuentra dentro del <strong>Parc du Cinquantenaire, numero 11<\/strong>. La entrada al museo est\u00e1 situada en el lado sur del edificio, frente al parque. <br \/>Para mayor comodidad, le recomendamos que tome las <strong>l\u00edneas 1 y 5 de metro<\/strong> hasta la estaci\u00f3n de <em>Merode<\/em>, que se encuentra a pocos minutos a pie del museo.<br \/>Tambi\u00e9n puede tomar la <strong>l\u00ednea 81 de tranv\u00eda<\/strong> o las <strong>l\u00edneas 22 \u00f3 27 de autob\u00fas<\/strong>, que cuentan con paradas cerca del museo.<\/p>\n<p><strong>Por m\u00e1s informaci\u00f3n sobre los transportes p\u00fablicos hasta Autoworld: pulse<\/strong> <a href=\"https:\/\/www.autoworld.be\/en\/plan-your-visit\/how-to-reach-us\/by-public-transport\" target=\"_blank\" rel=\"noopener\">aqu\u00ed<\/a><\/p>\n\t\t\t\t\t\t\t\t<\/div>\n\t\t\t\t<\/div>\n\t\t\t\t<div class=\"elementor-element elementor-element-66b9f80 elementor-align-left elementor-widget elementor-widget-button\" data-id=\"66b9f80\" data-element_type=\"widget\" data-e-type=\"widget\" data-widget_type=\"button.default\">\n\t\t\t\t<div class=\"elementor-widget-container\">\n\t\t\t\t\t\t\t\t\t<div class=\"elementor-button-wrapper\">\n\t\t\t\t\t<a class=\"elementor-button elementor-button-link elementor-size-md\" href=\"https:\/\/destree.eventsair.com\/worldcocoaconference2024\/gala-dinner-only\/Site\/Register\" target=\"_blank\" rel=\"noopener\">\n\t\t\t\t\t\t<span class=\"elementor-button-content-wrapper\">\n\t\t\t\t\t\t\t\t\t<span class=\"elementor-button-text\">Inscripci\u00f3n S\u00f3lo cena de gala<\/span>\n\t\t\t\t\t<\/span>\n\t\t\t\t\t<\/a>\n\t\t\t\t<\/div>\n\t\t\t\t\t\t\t\t<\/div>\n\t\t\t\t<\/div>\n\t\t\t\t\t<\/div>\n\t\t<\/div>\n\t\t\t\t\t<\/div>\n\t\t<\/section>\n\t\t\t\t<section class=\"elementor-section elementor-inner-section elementor-element elementor-element-ea0f5c2 elementor-section-boxed elementor-section-height-default elementor-section-height-default\" data-id=\"ea0f5c2\" data-element_type=\"section\" data-e-type=\"section\">\n\t\t\t\t\t\t<div class=\"elementor-container elementor-column-gap-default\">\n\t\t\t\t\t<div class=\"elementor-column elementor-col-50 elementor-inner-column elementor-element elementor-element-16dc065\" data-id=\"16dc065\" data-element_type=\"column\" data-e-type=\"column\">\n\t\t\t<div class=\"elementor-widget-wrap elementor-element-populated\">\n\t\t\t\t\t\t<div class=\"elementor-element elementor-element-bf44b3c elementor-widget elementor-widget-image\" data-id=\"bf44b3c\" data-element_type=\"widget\" data-e-type=\"widget\" data-widget_type=\"image.default\">\n\t\t\t\t<div class=\"elementor-widget-container\">\n\t\t\t\t\t\t\t\t\t\t\t\t\t\t\t<img decoding=\"async\" width=\"2500\" height=\"1667\" src=\"https:\/\/www.worldcocoaconference.org\/wp-content\/uploads\/2023\/06\/220428-UPSI2022-BenjaminBrolet-0193-copy.jpg\" class=\"attachment-large size-large wp-image-1009\" alt=\"\" srcset=\"https:\/\/www.worldcocoaconference.org\/wp-content\/uploads\/2023\/06\/220428-UPSI2022-BenjaminBrolet-0193-copy.jpg 2500w, https:\/\/www.worldcocoaconference.org\/wp-content\/uploads\/2023\/06\/220428-UPSI2022-BenjaminBrolet-0193-copy-768x512.jpg 768w, https:\/\/www.worldcocoaconference.org\/wp-content\/uploads\/2023\/06\/220428-UPSI2022-BenjaminBrolet-0193-copy-1536x1024.jpg 1536w, https:\/\/www.worldcocoaconference.org\/wp-content\/uploads\/2023\/06\/220428-UPSI2022-BenjaminBrolet-0193-copy-2048x1366.jpg 2048w\" sizes=\"(max-width: 2500px) 100vw, 2500px\" \/>\t\t\t\t\t\t\t\t\t\t\t\t\t\t\t<\/div>\n\t\t\t\t<\/div>\n\t\t\t\t\t<\/div>\n\t\t<\/div>\n\t\t\t\t<div class=\"elementor-column elementor-col-50 elementor-inner-column elementor-element elementor-element-9813eef\" data-id=\"9813eef\" data-element_type=\"column\" data-e-type=\"column\">\n\t\t\t<div class=\"elementor-widget-wrap elementor-element-populated\">\n\t\t\t\t\t\t<div class=\"elementor-element elementor-element-c3db735 elementor-widget elementor-widget-image\" data-id=\"c3db735\" data-element_type=\"widget\" data-e-type=\"widget\" data-widget_type=\"image.default\">\n\t\t\t\t<div class=\"elementor-widget-container\">\n\t\t\t\t\t\t\t\t\t\t\t\t\t\t\t<img decoding=\"async\" width=\"2500\" height=\"1663\" src=\"https:\/\/www.worldcocoaconference.org\/wp-content\/uploads\/2023\/06\/AutoWorld_013-copy.jpg\" class=\"attachment-large size-large wp-image-1012\" alt=\"\" srcset=\"https:\/\/www.worldcocoaconference.org\/wp-content\/uploads\/2023\/06\/AutoWorld_013-copy.jpg 2500w, https:\/\/www.worldcocoaconference.org\/wp-content\/uploads\/2023\/06\/AutoWorld_013-copy-768x511.jpg 768w, https:\/\/www.worldcocoaconference.org\/wp-content\/uploads\/2023\/06\/AutoWorld_013-copy-1536x1022.jpg 1536w, https:\/\/www.worldcocoaconference.org\/wp-content\/uploads\/2023\/06\/AutoWorld_013-copy-2048x1362.jpg 2048w\" sizes=\"(max-width: 2500px) 100vw, 2500px\" \/>\t\t\t\t\t\t\t\t\t\t\t\t\t\t\t<\/div>\n\t\t\t\t<\/div>\n\t\t\t\t\t<\/div>\n\t\t<\/div>\n\t\t\t\t\t<\/div>\n\t\t<\/section>\n\t\t\t\t<section class=\"elementor-section elementor-inner-section elementor-element elementor-element-3e3483c elementor-section-boxed elementor-section-height-default elementor-section-height-default\" data-id=\"3e3483c\" data-element_type=\"section\" data-e-type=\"section\">\n\t\t\t\t\t\t<div class=\"elementor-container elementor-column-gap-default\">\n\t\t\t\t\t<div class=\"elementor-column elementor-col-100 elementor-inner-column elementor-element elementor-element-cba4005\" data-id=\"cba4005\" data-element_type=\"column\" data-e-type=\"column\">\n\t\t\t<div class=\"elementor-widget-wrap elementor-element-populated\">\n\t\t\t\t\t\t<div class=\"elementor-element elementor-element-fe83681 elementor-widget elementor-widget-image\" data-id=\"fe83681\" data-element_type=\"widget\" data-e-type=\"widget\" data-widget_type=\"image.default\">\n\t\t\t\t<div class=\"elementor-widget-container\">\n\t\t\t\t\t\t\t\t\t\t\t\t\t\t\t<img loading=\"lazy\" decoding=\"async\" width=\"2500\" height=\"1666\" src=\"https:\/\/www.worldcocoaconference.org\/wp-content\/uploads\/2023\/06\/205809_280916_DS3A8309-copy.jpg\" class=\"attachment-large size-large wp-image-1006\" alt=\"\" srcset=\"https:\/\/www.worldcocoaconference.org\/wp-content\/uploads\/2023\/06\/205809_280916_DS3A8309-copy.jpg 2500w, https:\/\/www.worldcocoaconference.org\/wp-content\/uploads\/2023\/06\/205809_280916_DS3A8309-copy-768x512.jpg 768w, https:\/\/www.worldcocoaconference.org\/wp-content\/uploads\/2023\/06\/205809_280916_DS3A8309-copy-1536x1024.jpg 1536w, https:\/\/www.worldcocoaconference.org\/wp-content\/uploads\/2023\/06\/205809_280916_DS3A8309-copy-2048x1365.jpg 2048w\" sizes=\"(max-width: 2500px) 100vw, 2500px\" \/>\t\t\t\t\t\t\t\t\t\t\t\t\t\t\t<\/div>\n\t\t\t\t<\/div>\n\t\t\t\t\t<\/div>\n\t\t<\/div>\n\t\t\t\t\t<\/div>\n\t\t<\/section>\n\t\t\t\t\t<\/div>\n\t\t<\/div>\n\t\t\t\t\t<\/div>\n\t\t<\/section>\n\t\t\t\t<\/div>\n\t\t","protected":false},"excerpt":{"rendered":"<p>Con el patrocinio de Autoworld The World Cocoa Conference gala dinner will be held on the 23rd of April 2024 at the Autoworld museum, which is also located in the heart of Brussels, and therefore easily accessible by public transport. El museo se encuentra dentro del Parc du Cinquantenaire, numero 11. La entrada al museo [&hellip;]<\/p>\n","protected":false},"author":1,"featured_media":0,"parent":0,"menu_order":0,"comment_status":"closed","ping_status":"closed","template":"elementor_header_footer","meta":{"sfsi_plus_gutenberg_text_before_share":"","sfsi_plus_gutenberg_show_text_before_share":"","sfsi_plus_gutenberg_icon_type":"","sfsi_plus_gutenberg_icon_alignemt":"","sfsi_plus_gutenburg_max_per_row":"","_lmt_disableupdate":"","_lmt_disable":"","footnotes":""},"class_list":["post-454","page","type-page","status-publish","hentry"],"_links":{"self":[{"href":"https:\/\/www.worldcocoaconference.org\/es\/wp-json\/wp\/v2\/pages\/454","targetHints":{"allow":["GET"]}}],"collection":[{"href":"https:\/\/www.worldcocoaconference.org\/es\/wp-json\/wp\/v2\/pages"}],"about":[{"href":"https:\/\/www.worldcocoaconference.org\/es\/wp-json\/wp\/v2\/types\/page"}],"author":[{"embeddable":true,"href":"https:\/\/www.worldcocoaconference.org\/es\/wp-json\/wp\/v2\/users\/1"}],"replies":[{"embeddable":true,"href":"https:\/\/www.worldcocoaconference.org\/es\/wp-json\/wp\/v2\/comments?post=454"}],"version-history":[{"count":29,"href":"https:\/\/www.worldcocoaconference.org\/es\/wp-json\/wp\/v2\/pages\/454\/revisions"}],"predecessor-version":[{"id":4902,"href":"https:\/\/www.worldcocoaconference.org\/es\/wp-json\/wp\/v2\/pages\/454\/revisions\/4902"}],"wp:attachment":[{"href":"https:\/\/www.worldcocoaconference.org\/es\/wp-json\/wp\/v2\/media?parent=454"}],"curies":[{"name":"wp","href":"https:\/\/api.w.org\/{rel}","templated":true}]}}