{"id":525,"date":"2023-05-09T12:58:25","date_gmt":"2023-05-09T10:58:25","guid":{"rendered":"https:\/\/www.worldcocoaconference.org\/informacion-sobre-viajes\/"},"modified":"2023-11-27T18:25:04","modified_gmt":"2023-11-27T17:25:04","slug":"informacion-sobre-viajes","status":"publish","type":"page","link":"https:\/\/www.worldcocoaconference.org\/es\/informacion-sobre-viajes\/","title":{"rendered":"Viajes y Alojamiento"},"content":{"rendered":"\t\t<div data-elementor-type=\"wp-page\" data-elementor-id=\"525\" class=\"elementor elementor-525 elementor-289\" data-elementor-post-type=\"page\">\n\t\t\t\t\t\t<section class=\"elementor-section elementor-top-section elementor-element elementor-element-b104b96 elementor-section-height-min-height elementor-section-full_width elementor-section-items-bottom elementor-section-height-default\" data-id=\"b104b96\" data-element_type=\"section\" data-e-type=\"section\" data-settings=\"{&quot;background_background&quot;:&quot;classic&quot;}\">\n\t\t\t\t\t\t<div class=\"elementor-container elementor-column-gap-default\">\n\t\t\t\t\t<div class=\"elementor-column elementor-col-100 elementor-top-column elementor-element elementor-element-2ec50ae\" data-id=\"2ec50ae\" data-element_type=\"column\" data-e-type=\"column\">\n\t\t\t<div class=\"elementor-widget-wrap\">\n\t\t\t\t\t\t\t<\/div>\n\t\t<\/div>\n\t\t\t\t\t<\/div>\n\t\t<\/section>\n\t\t\t\t<section class=\"elementor-section elementor-top-section elementor-element elementor-element-3ec5a2c elementor-section-boxed elementor-section-height-default elementor-section-height-default\" data-id=\"3ec5a2c\" data-element_type=\"section\" data-e-type=\"section\">\n\t\t\t\t\t\t\t<div class=\"elementor-background-overlay\"><\/div>\n\t\t\t\t\t\t\t<div class=\"elementor-container elementor-column-gap-default\">\n\t\t\t\t\t<div class=\"elementor-column elementor-col-100 elementor-top-column elementor-element elementor-element-8a4081d\" data-id=\"8a4081d\" data-element_type=\"column\" data-e-type=\"column\">\n\t\t\t<div class=\"elementor-widget-wrap elementor-element-populated\">\n\t\t\t\t\t\t<div class=\"elementor-element elementor-element-e760e55 elementor-widget elementor-widget-heading\" data-id=\"e760e55\" data-element_type=\"widget\" data-e-type=\"widget\" data-widget_type=\"heading.default\">\n\t\t\t\t<div class=\"elementor-widget-container\">\n\t\t\t\t\t<h2 class=\"elementor-heading-title elementor-size-default\">Hoteles<\/h2>\t\t\t\t<\/div>\n\t\t\t\t<\/div>\n\t\t\t\t<div class=\"elementor-element elementor-element-6f39a30 elementor-widget elementor-widget-text-editor\" data-id=\"6f39a30\" data-element_type=\"widget\" data-e-type=\"widget\" data-widget_type=\"text-editor.default\">\n\t\t\t\t<div class=\"elementor-widget-container\">\n\t\t\t\t\t\t\t\t\t<p class=\"p1\"><strong><span lang=\"EN-GB\">No pierda el sue\u00f1o por su reserva de hotel, evite el estr\u00e9s y reserve ya sus habitaciones de hotel.<\/span><\/strong><\/p>\n\t\t\t\t\t\t\t\t<\/div>\n\t\t\t\t<\/div>\n\t\t\t\t<div class=\"elementor-element elementor-element-2d8162b elementor-widget elementor-widget-text-editor\" data-id=\"2d8162b\" data-element_type=\"widget\" data-e-type=\"widget\" data-widget_type=\"text-editor.default\">\n\t\t\t\t<div class=\"elementor-widget-container\">\n\t\t\t\t\t\t\t\t\t<p><span lang=\"EN-GB\">Tarifas de hotel reducidas y asistencia en la reserva a trav\u00e9s del Brussels Booking Desk*.<\/span><\/p>\n<ul type=\"disc\">\n<li class=\"xxxxxxxxmsonormal\"><span lang=\"EN-GB\">Reserve directamente en uno de los hoteles situados a poca distancia del lugar del evento<\/span><\/li>\n<li class=\"xxxxxxxxmsonormal\"><span lang=\"EN-GB\">Se han negociado tarifas reducidas para usted, disponibilidad garantizada hasta 4 semanas antes de su fecha de llegada<\/span><\/li>\n<\/ul>\n<p class=\"xxxxxxxxmsonormal\">\n<p class=\"xxxxxxxxmsonormal\">Haga su reserva a trav\u00e9s de <a title=\"https:\/\/secure.hotel.visitbrussels.be\/event\/world-cocoa-conference-2024\/congress\/search?lang=en\" href=\"https:\/\/secure.hotel.visitbrussels.be\/event\/world-cocoa-conference-2024\/congress\/search?lang=en\" target=\"_blank\" rel=\"noopener\"><b>este enlace<\/b><\/a>.<\/p>\n<p><strong><span lang=\"EN-GB\">Por orden de llegada&#8230; As\u00ed que \u00a1dese prisa!<\/span><\/strong><\/p>\n<p><strong><u><span lang=\"EN-GB\">\u00bfNecesita m\u00e1s informaci\u00f3n?<\/span><\/u><\/strong><\/p>\n<p><span lang=\"EN-GB\">Olivier Nussbaum, el experto en alojamiento de Bruselas, ser\u00e1 su gu\u00eda hotelero.<span class=\"apple-converted-space\"> <\/span><\/span><\/p>\n<p><span lang=\"EN-GB\">Puede ponerse en contacto con \u00e9l por correo electr\u00f3nico en<\/span> <span lang=\"EN-GB\"><a title=\"mailto:info@brusselsbookingdesk.be\" href=\"mailto:info@brusselsbookingdesk.be\">info@brusselsbookingdesk.be<\/a><\/span><span lang=\"EN-GB\">, o llamarle al<\/span> <strong><span lang=\"EN-GB\"><a href=\"tel:+32498717542\">+32498717542<\/a><\/span><\/strong><span lang=\"EN-GB\">.<\/span><\/p>\n<div>\n<p><em><span lang=\"EN-GB\">*Brussels Booking Desk es el \u00fanico socio oficial de alojamiento de la World Cocoa Conference 2024 y un apoyo local de la Comunidad Hotelera de Bruselas y<\/span><\/em><span class=\"apple-converted-space\"><i><span lang=\"EN-GB\"> <\/span><\/i><\/span><em><span lang=\"EN-GB\">visit.brussels. <\/span><\/em> <\/p>\n<\/div>\n\t\t\t\t\t\t\t\t<\/div>\n\t\t\t\t<\/div>\n\t\t\t\t<div class=\"elementor-element elementor-element-78fa4eb elementor-widget-divider--view-line elementor-widget elementor-widget-divider\" data-id=\"78fa4eb\" data-element_type=\"widget\" data-e-type=\"widget\" data-widget_type=\"divider.default\">\n\t\t\t\t<div class=\"elementor-widget-container\">\n\t\t\t\t\t\t\t<div class=\"elementor-divider\">\n\t\t\t<span class=\"elementor-divider-separator\">\n\t\t\t\t\t\t<\/span>\n\t\t<\/div>\n\t\t\t\t\t\t<\/div>\n\t\t\t\t<\/div>\n\t\t\t\t<div class=\"elementor-element elementor-element-ff44c15 elementor-widget elementor-widget-heading\" data-id=\"ff44c15\" data-element_type=\"widget\" data-e-type=\"widget\" data-widget_type=\"heading.default\">\n\t\t\t\t<div class=\"elementor-widget-container\">\n\t\t\t\t\t<h2 class=\"elementor-heading-title elementor-size-default\">Tarifas especiales de las l\u00edneas a\u00e9reas del Grupo Lufthansa \u2013 Transportista Official<\/h2>\t\t\t\t<\/div>\n\t\t\t\t<\/div>\n\t\t\t\t<section class=\"elementor-section elementor-inner-section elementor-element elementor-element-8ab6727 elementor-section-boxed elementor-section-height-default elementor-section-height-default\" data-id=\"8ab6727\" data-element_type=\"section\" data-e-type=\"section\">\n\t\t\t\t\t\t<div class=\"elementor-container elementor-column-gap-default\">\n\t\t\t\t\t<div class=\"elementor-column elementor-col-33 elementor-inner-column elementor-element elementor-element-e4b048d\" data-id=\"e4b048d\" data-element_type=\"column\" data-e-type=\"column\">\n\t\t\t<div class=\"elementor-widget-wrap\">\n\t\t\t\t\t\t\t<\/div>\n\t\t<\/div>\n\t\t\t\t<div class=\"elementor-column elementor-col-33 elementor-inner-column elementor-element elementor-element-a2765ac\" data-id=\"a2765ac\" data-element_type=\"column\" data-e-type=\"column\">\n\t\t\t<div class=\"elementor-widget-wrap elementor-element-populated\">\n\t\t\t\t\t\t<div class=\"elementor-element elementor-element-71d86df elementor-widget elementor-widget-image\" data-id=\"71d86df\" data-element_type=\"widget\" data-e-type=\"widget\" data-widget_type=\"image.default\">\n\t\t\t\t<div class=\"elementor-widget-container\">\n\t\t\t\t\t\t\t\t\t\t\t\t\t\t\t<img fetchpriority=\"high\" decoding=\"async\" width=\"1851\" height=\"358\" src=\"https:\/\/www.worldcocoaconference.org\/wp-content\/uploads\/2023\/11\/Lufthansa-Group_alone.png\" class=\"attachment-large size-large wp-image-3032\" alt=\"\" srcset=\"https:\/\/www.worldcocoaconference.org\/wp-content\/uploads\/2023\/11\/Lufthansa-Group_alone.png 1851w, https:\/\/www.worldcocoaconference.org\/wp-content\/uploads\/2023\/11\/Lufthansa-Group_alone-768x149.png 768w, https:\/\/www.worldcocoaconference.org\/wp-content\/uploads\/2023\/11\/Lufthansa-Group_alone-1536x297.png 1536w\" sizes=\"(max-width: 1851px) 100vw, 1851px\" \/>\t\t\t\t\t\t\t\t\t\t\t\t\t\t\t<\/div>\n\t\t\t\t<\/div>\n\t\t\t\t\t<\/div>\n\t\t<\/div>\n\t\t\t\t<div class=\"elementor-column elementor-col-33 elementor-inner-column elementor-element elementor-element-d121996\" data-id=\"d121996\" data-element_type=\"column\" data-e-type=\"column\">\n\t\t\t<div class=\"elementor-widget-wrap\">\n\t\t\t\t\t\t\t<\/div>\n\t\t<\/div>\n\t\t\t\t\t<\/div>\n\t\t<\/section>\n\t\t\t\t<section class=\"elementor-section elementor-inner-section elementor-element elementor-element-5e5eae7 elementor-section-boxed elementor-section-height-default elementor-section-height-default\" data-id=\"5e5eae7\" data-element_type=\"section\" data-e-type=\"section\">\n\t\t\t\t\t\t<div class=\"elementor-container elementor-column-gap-default\">\n\t\t\t\t\t<div class=\"elementor-column elementor-col-25 elementor-inner-column elementor-element elementor-element-d33ce10\" data-id=\"d33ce10\" data-element_type=\"column\" data-e-type=\"column\">\n\t\t\t<div class=\"elementor-widget-wrap elementor-element-populated\">\n\t\t\t\t\t\t<div class=\"elementor-element elementor-element-0689691 elementor-widget elementor-widget-image\" data-id=\"0689691\" data-element_type=\"widget\" data-e-type=\"widget\" data-widget_type=\"image.default\">\n\t\t\t\t<div class=\"elementor-widget-container\">\n\t\t\t\t\t\t\t\t\t\t\t\t\t\t\t<img decoding=\"async\" width=\"918\" height=\"250\" src=\"https:\/\/www.worldcocoaconference.org\/wp-content\/uploads\/2023\/11\/1280px-Austrian_Airlines_Logo_neu.svg_-1.png\" class=\"attachment-large size-large wp-image-3023\" alt=\"\" srcset=\"https:\/\/www.worldcocoaconference.org\/wp-content\/uploads\/2023\/11\/1280px-Austrian_Airlines_Logo_neu.svg_-1.png 918w, https:\/\/www.worldcocoaconference.org\/wp-content\/uploads\/2023\/11\/1280px-Austrian_Airlines_Logo_neu.svg_-1-768x209.png 768w\" sizes=\"(max-width: 918px) 100vw, 918px\" \/>\t\t\t\t\t\t\t\t\t\t\t\t\t\t\t<\/div>\n\t\t\t\t<\/div>\n\t\t\t\t\t<\/div>\n\t\t<\/div>\n\t\t\t\t<div class=\"elementor-column elementor-col-25 elementor-inner-column elementor-element elementor-element-0e3693b\" data-id=\"0e3693b\" data-element_type=\"column\" data-e-type=\"column\">\n\t\t\t<div class=\"elementor-widget-wrap elementor-element-populated\">\n\t\t\t\t\t\t<div class=\"elementor-element elementor-element-1629823 elementor-widget elementor-widget-image\" data-id=\"1629823\" data-element_type=\"widget\" data-e-type=\"widget\" data-widget_type=\"image.default\">\n\t\t\t\t<div class=\"elementor-widget-container\">\n\t\t\t\t\t\t\t\t\t\t\t\t\t\t\t<img decoding=\"async\" width=\"3840\" height=\"920\" src=\"https:\/\/www.worldcocoaconference.org\/wp-content\/uploads\/2023\/11\/Brussels-Airlines-Logo-1.png\" class=\"attachment-large size-large wp-image-3026\" alt=\"\" srcset=\"https:\/\/www.worldcocoaconference.org\/wp-content\/uploads\/2023\/11\/Brussels-Airlines-Logo-1.png 3840w, https:\/\/www.worldcocoaconference.org\/wp-content\/uploads\/2023\/11\/Brussels-Airlines-Logo-1-768x184.png 768w, https:\/\/www.worldcocoaconference.org\/wp-content\/uploads\/2023\/11\/Brussels-Airlines-Logo-1-1536x368.png 1536w, https:\/\/www.worldcocoaconference.org\/wp-content\/uploads\/2023\/11\/Brussels-Airlines-Logo-1-2048x491.png 2048w\" sizes=\"(max-width: 3840px) 100vw, 3840px\" \/>\t\t\t\t\t\t\t\t\t\t\t\t\t\t\t<\/div>\n\t\t\t\t<\/div>\n\t\t\t\t\t<\/div>\n\t\t<\/div>\n\t\t\t\t<div class=\"elementor-column elementor-col-25 elementor-inner-column elementor-element elementor-element-21c1807\" data-id=\"21c1807\" data-element_type=\"column\" data-e-type=\"column\">\n\t\t\t<div class=\"elementor-widget-wrap elementor-element-populated\">\n\t\t\t\t\t\t<div class=\"elementor-element elementor-element-2d04e43 elementor-widget elementor-widget-image\" data-id=\"2d04e43\" data-element_type=\"widget\" data-e-type=\"widget\" data-widget_type=\"image.default\">\n\t\t\t\t<div class=\"elementor-widget-container\">\n\t\t\t\t\t\t\t\t\t\t\t\t\t\t\t<img loading=\"lazy\" decoding=\"async\" width=\"1200\" height=\"345\" src=\"https:\/\/www.worldcocoaconference.org\/wp-content\/uploads\/2023\/11\/Eurowings_Logo.svg_-1.png\" class=\"attachment-large size-large wp-image-3029\" alt=\"\" srcset=\"https:\/\/www.worldcocoaconference.org\/wp-content\/uploads\/2023\/11\/Eurowings_Logo.svg_-1.png 1200w, https:\/\/www.worldcocoaconference.org\/wp-content\/uploads\/2023\/11\/Eurowings_Logo.svg_-1-768x221.png 768w\" sizes=\"(max-width: 1200px) 100vw, 1200px\" \/>\t\t\t\t\t\t\t\t\t\t\t\t\t\t\t<\/div>\n\t\t\t\t<\/div>\n\t\t\t\t\t<\/div>\n\t\t<\/div>\n\t\t\t\t<div class=\"elementor-column elementor-col-25 elementor-inner-column elementor-element elementor-element-909cd53\" data-id=\"909cd53\" data-element_type=\"column\" data-e-type=\"column\">\n\t\t\t<div class=\"elementor-widget-wrap elementor-element-populated\">\n\t\t\t\t\t\t<div class=\"elementor-element elementor-element-fbed868 elementor-widget elementor-widget-image\" data-id=\"fbed868\" data-element_type=\"widget\" data-e-type=\"widget\" data-widget_type=\"image.default\">\n\t\t\t\t<div class=\"elementor-widget-container\">\n\t\t\t\t\t\t\t\t\t\t\t\t\t\t\t<img loading=\"lazy\" decoding=\"async\" width=\"1008\" height=\"284\" src=\"https:\/\/www.worldcocoaconference.org\/wp-content\/uploads\/2023\/11\/Swiss_International_Air_Lines-Logo.wine_.png\" class=\"attachment-large size-large wp-image-3035\" alt=\"\" srcset=\"https:\/\/www.worldcocoaconference.org\/wp-content\/uploads\/2023\/11\/Swiss_International_Air_Lines-Logo.wine_.png 1008w, https:\/\/www.worldcocoaconference.org\/wp-content\/uploads\/2023\/11\/Swiss_International_Air_Lines-Logo.wine_-768x216.png 768w\" sizes=\"(max-width: 1008px) 100vw, 1008px\" \/>\t\t\t\t\t\t\t\t\t\t\t\t\t\t\t<\/div>\n\t\t\t\t<\/div>\n\t\t\t\t\t<\/div>\n\t\t<\/div>\n\t\t\t\t\t<\/div>\n\t\t<\/section>\n\t\t\t\t<section class=\"elementor-section elementor-inner-section elementor-element elementor-element-cd36ee9 elementor-section-boxed elementor-section-height-default elementor-section-height-default\" data-id=\"cd36ee9\" data-element_type=\"section\" data-e-type=\"section\">\n\t\t\t\t\t\t<div class=\"elementor-container elementor-column-gap-default\">\n\t\t\t\t\t<div class=\"elementor-column elementor-col-100 elementor-inner-column elementor-element elementor-element-062305d\" data-id=\"062305d\" data-element_type=\"column\" data-e-type=\"column\">\n\t\t\t<div class=\"elementor-widget-wrap elementor-element-populated\">\n\t\t\t\t\t\t<div class=\"elementor-element elementor-element-b3ae23e elementor-widget elementor-widget-text-editor\" data-id=\"b3ae23e\" data-element_type=\"widget\" data-e-type=\"widget\" data-widget_type=\"text-editor.default\">\n\t\t\t\t<div class=\"elementor-widget-container\">\n\t\t\t\t\t\t\t\t\t<p>Las aerol\u00edneas del Grupo Lufthansa unen a miles de personas cada d\u00eda en todo el mundo.  La red global de rutas de Austrian Airlines, Lufthansa, SWISS, Brussels Airlines y Eurowings ofrece \u00f3ptimas opciones de conexi\u00f3n y combinaci\u00f3n, por lo que se beneficiar\u00e1 de vuelos r\u00e1pidos y directos al evento.<\/p>\n<p>El c\u00f3digo de la conferencia es BEAUXLN.<\/p>\n<p>Las tarifas reducidas para la conferencia se actualizan autom\u00e1ticamente a trav\u00e9s de <a href=\"https:\/\/www.lufthansa.com\/de\/en\/meetings-and-events-delegates\" target=\"_blank\" rel=\"noopener\"><strong>este enlace<\/strong><\/a>.<\/p>\n<p><strong>NB: Por favor, active permanentemente las ventanas emergentes en su navegador mientras realiza la reserva, de lo contrario la ventana de la plataforma de reservas no se abrir\u00e1.<\/strong><\/p>\n\t\t\t\t\t\t\t\t<\/div>\n\t\t\t\t<\/div>\n\t\t\t\t\t<\/div>\n\t\t<\/div>\n\t\t\t\t\t<\/div>\n\t\t<\/section>\n\t\t\t\t<div class=\"elementor-element elementor-element-0438b4f elementor-widget-divider--view-line elementor-widget elementor-widget-divider\" data-id=\"0438b4f\" data-element_type=\"widget\" data-e-type=\"widget\" data-widget_type=\"divider.default\">\n\t\t\t\t<div class=\"elementor-widget-container\">\n\t\t\t\t\t\t\t<div class=\"elementor-divider\">\n\t\t\t<span class=\"elementor-divider-separator\">\n\t\t\t\t\t\t<\/span>\n\t\t<\/div>\n\t\t\t\t\t\t<\/div>\n\t\t\t\t<\/div>\n\t\t\t\t<div class=\"elementor-element elementor-element-3545eaa elementor-widget elementor-widget-heading\" data-id=\"3545eaa\" data-element_type=\"widget\" data-e-type=\"widget\" data-widget_type=\"heading.default\">\n\t\t\t\t<div class=\"elementor-widget-container\">\n\t\t\t\t\t<h2 class=\"elementor-heading-title elementor-size-default\">VISADOS<\/h2>\t\t\t\t<\/div>\n\t\t\t\t<\/div>\n\t\t\t\t<div class=\"elementor-element elementor-element-4914a0f elementor-widget elementor-widget-text-editor\" data-id=\"4914a0f\" data-element_type=\"widget\" data-e-type=\"widget\" data-widget_type=\"text-editor.default\">\n\t\t\t\t<div class=\"elementor-widget-container\">\n\t\t\t\t\t\t\t\t\t<h2><em>Para los pa\u00edses de la Uni\u00f3n Europea:<\/em><\/h2>\n<p>Los participantes provenientes de pa\u00edses de la Uni\u00f3n Europea (UE) no necesitan visado para entrar en B\u00e9lgica. Pueden <strong>entrar en el pa\u00eds con un documento de identidad o pasaporte v\u00e1lidos<\/strong>.<\/p>\n<h2><em>Para pa\u00edses no pertenecientes a la Uni\u00f3n Europea: <\/em><\/h2>\n<p>La mayor\u00eda de los visitantes de pa\u00edses no pertenecientes a la UE <strong>necesitar\u00e1n solicitar un visado.<\/strong> Para estancias cortas, puede solicitar un <em>visado Schengen<\/em>, que le conceder\u00e1 una estancia de 90 d\u00edas como m\u00e1ximo en nuestro encantador pa\u00eds. Tenga en cuenta que los Estados Unidos de Am\u00e9rica y Canad\u00e1 no necesitan visado para entrar en la Uni\u00f3n Europea.<\/p>\n<h2><strong>Tenga en cuenta que las normas sobre visados difieren de un pa\u00eds a otro. <\/strong><\/h2>\n<p>Para m\u00e1s informaci\u00f3n sobre los requisitos de visado, le invitamos a seguir el siguiente enlace a la p\u00e1gina web del Ministerio de Asuntos Exteriores de B\u00e9lgica: <a href=\"https:\/\/diplomatie.belgium.be\/en\/travel-belgium\/visa-belgium\" target=\"_blank\" rel=\"noopener\">Visado para B\u00e9lgica | FPS Asuntos Exteriores \u2013 Comercio Exterior y Cooperaci\u00f3n al Desarrollo<\/a><\/p>\n<p><span lang=\"EN-US\">Puede solicitar una carta de invitaci\u00f3n oficial poni\u00e9ndose en contacto con<\/span> <b><u><span lang=\"EN-US\"><a href=\"mailto:secretariat@cocoabrussels2024.be\">secretariat@cocoabrussels2024.be<\/a><\/span><\/u><\/b> para facilitar la solicitud de visado.<span lang=\"EN-US\"> in order to facilitate the visa application. Tenga en cuenta que esta carta solo podr\u00e1 enviarse tras la inscripci\u00f3n y el pago \u00edntegro de la cuota de inscripci\u00f3n.<\/span><\/p>\n\t\t\t\t\t\t\t\t<\/div>\n\t\t\t\t<\/div>\n\t\t\t\t<div class=\"elementor-element elementor-element-cf7fce9 elementor-widget-divider--view-line elementor-widget elementor-widget-divider\" data-id=\"cf7fce9\" data-element_type=\"widget\" data-e-type=\"widget\" data-widget_type=\"divider.default\">\n\t\t\t\t<div class=\"elementor-widget-container\">\n\t\t\t\t\t\t\t<div class=\"elementor-divider\">\n\t\t\t<span class=\"elementor-divider-separator\">\n\t\t\t\t\t\t<\/span>\n\t\t<\/div>\n\t\t\t\t\t\t<\/div>\n\t\t\t\t<\/div>\n\t\t\t\t<div class=\"elementor-element elementor-element-17e907e elementor-widget elementor-widget-heading\" data-id=\"17e907e\" data-element_type=\"widget\" data-e-type=\"widget\" data-widget_type=\"heading.default\">\n\t\t\t\t<div class=\"elementor-widget-container\">\n\t\t\t\t\t<h2 class=\"elementor-heading-title elementor-size-default\">Ubicaci\u00f3n<\/h2>\t\t\t\t<\/div>\n\t\t\t\t<\/div>\n\t\t\t\t<section class=\"elementor-section elementor-inner-section elementor-element elementor-element-ac561b0 elementor-section-boxed elementor-section-height-default elementor-section-height-default\" data-id=\"ac561b0\" data-element_type=\"section\" data-e-type=\"section\">\n\t\t\t\t\t\t<div class=\"elementor-container elementor-column-gap-default\">\n\t\t\t\t\t<div class=\"elementor-column elementor-col-50 elementor-inner-column elementor-element elementor-element-a01da9d\" data-id=\"a01da9d\" data-element_type=\"column\" data-e-type=\"column\">\n\t\t\t<div class=\"elementor-widget-wrap elementor-element-populated\">\n\t\t\t\t\t\t<div class=\"elementor-element elementor-element-e07d930 elementor-widget elementor-widget-text-editor\" data-id=\"e07d930\" data-element_type=\"widget\" data-e-type=\"widget\" data-widget_type=\"text-editor.default\">\n\t\t\t\t<div class=\"elementor-widget-container\">\n\t\t\t\t\t\t\t\t\t<p>Glass Entrance<br \/>Mont des Arts\/Kunstberg<br \/>B-1000 Bruselas<\/p>\n<p class=\"p1\"><span class=\"phone\">+32 2 515 13 00<\/span> <br \/><a class=\"email\" href=\"mailto:info@square-brussels.com\">info@square-brussels.com<\/a><\/p>\n\t\t\t\t\t\t\t\t<\/div>\n\t\t\t\t<\/div>\n\t\t\t\t\t<\/div>\n\t\t<\/div>\n\t\t\t\t<div class=\"elementor-column elementor-col-50 elementor-inner-column elementor-element elementor-element-89741dc\" data-id=\"89741dc\" data-element_type=\"column\" data-e-type=\"column\">\n\t\t\t<div class=\"elementor-widget-wrap elementor-element-populated\">\n\t\t\t\t\t\t<div class=\"elementor-element elementor-element-d1467e1 elementor-widget elementor-widget-google_maps\" data-id=\"d1467e1\" data-element_type=\"widget\" data-e-type=\"widget\" data-widget_type=\"google_maps.default\">\n\t\t\t\t<div class=\"elementor-widget-container\">\n\t\t\t\t\t\t\t<div class=\"elementor-custom-embed\">\n\t\t\t<iframe loading=\"lazy\"\n\t\t\t\t\tsrc=\"https:\/\/maps.google.com\/maps?q=the%20square%2C%20brussels&#038;t=m&#038;z=14&#038;output=embed&#038;iwloc=near\"\n\t\t\t\t\ttitle=\"the square, brussels\"\n\t\t\t\t\taria-label=\"the square, brussels\"\n\t\t\t><\/iframe>\n\t\t<\/div>\n\t\t\t\t\t\t<\/div>\n\t\t\t\t<\/div>\n\t\t\t\t\t<\/div>\n\t\t<\/div>\n\t\t\t\t\t<\/div>\n\t\t<\/section>\n\t\t\t\t\t<\/div>\n\t\t<\/div>\n\t\t\t\t\t<\/div>\n\t\t<\/section>\n\t\t\t\t<\/div>\n\t\t","protected":false},"excerpt":{"rendered":"<p>Hoteles No pierda el sue\u00f1o por su reserva de hotel, evite el estr\u00e9s y reserve ya sus habitaciones de hotel. Tarifas de hotel reducidas y asistencia en la reserva a trav\u00e9s del Brussels Booking Desk*. Reserve directamente en uno de los hoteles situados a poca distancia del lugar del evento Se han negociado tarifas reducidas [&hellip;]<\/p>\n","protected":false},"author":1,"featured_media":0,"parent":0,"menu_order":0,"comment_status":"closed","ping_status":"closed","template":"elementor_header_footer","meta":{"sfsi_plus_gutenberg_text_before_share":"","sfsi_plus_gutenberg_show_text_before_share":"","sfsi_plus_gutenberg_icon_type":"","sfsi_plus_gutenberg_icon_alignemt":"","sfsi_plus_gutenburg_max_per_row":"","_lmt_disableupdate":"","_lmt_disable":"","footnotes":""},"class_list":["post-525","page","type-page","status-publish","hentry"],"_links":{"self":[{"href":"https:\/\/www.worldcocoaconference.org\/es\/wp-json\/wp\/v2\/pages\/525","targetHints":{"allow":["GET"]}}],"collection":[{"href":"https:\/\/www.worldcocoaconference.org\/es\/wp-json\/wp\/v2\/pages"}],"about":[{"href":"https:\/\/www.worldcocoaconference.org\/es\/wp-json\/wp\/v2\/types\/page"}],"author":[{"embeddable":true,"href":"https:\/\/www.worldcocoaconference.org\/es\/wp-json\/wp\/v2\/users\/1"}],"replies":[{"embeddable":true,"href":"https:\/\/www.worldcocoaconference.org\/es\/wp-json\/wp\/v2\/comments?post=525"}],"version-history":[{"count":47,"href":"https:\/\/www.worldcocoaconference.org\/es\/wp-json\/wp\/v2\/pages\/525\/revisions"}],"predecessor-version":[{"id":3082,"href":"https:\/\/www.worldcocoaconference.org\/es\/wp-json\/wp\/v2\/pages\/525\/revisions\/3082"}],"wp:attachment":[{"href":"https:\/\/www.worldcocoaconference.org\/es\/wp-json\/wp\/v2\/media?parent=525"}],"curies":[{"name":"wp","href":"https:\/\/api.w.org\/{rel}","templated":true}]}}