{"id":1148,"date":"2023-06-12T16:22:16","date_gmt":"2023-06-12T14:22:16","guid":{"rendered":"https:\/\/www.worldcocoaconference.org\/?page_id=1148"},"modified":"2023-07-05T11:58:02","modified_gmt":"2023-07-05T09:58:02","slug":"politique-en-matiere-de-cookies","status":"publish","type":"page","link":"https:\/\/www.worldcocoaconference.org\/fr\/politique-en-matiere-de-cookies\/","title":{"rendered":"Politique en mati\u00e8re de cookies"},"content":{"rendered":"\t\t<div data-elementor-type=\"wp-page\" data-elementor-id=\"1148\" class=\"elementor elementor-1148 elementor-1146\" data-elementor-post-type=\"page\">\n\t\t\t\t\t\t<section class=\"elementor-section elementor-top-section elementor-element elementor-element-3ec5a2c elementor-section-boxed elementor-section-height-default elementor-section-height-default\" data-id=\"3ec5a2c\" data-element_type=\"section\" data-e-type=\"section\">\n\t\t\t\t\t\t\t<div class=\"elementor-background-overlay\"><\/div>\n\t\t\t\t\t\t\t<div class=\"elementor-container elementor-column-gap-default\">\n\t\t\t\t\t<div class=\"elementor-column elementor-col-100 elementor-top-column elementor-element elementor-element-8a4081d\" data-id=\"8a4081d\" data-element_type=\"column\" data-e-type=\"column\">\n\t\t\t<div class=\"elementor-widget-wrap elementor-element-populated\">\n\t\t\t\t\t\t<div class=\"elementor-element elementor-element-6f39a30 elementor-widget elementor-widget-text-editor\" data-id=\"6f39a30\" data-element_type=\"widget\" data-e-type=\"widget\" data-widget_type=\"text-editor.default\">\n\t\t\t\t<div class=\"elementor-widget-container\">\n\t\t\t\t\t\t\t\t\t<h2><strong><u>Politique en mati\u00e8re de cookies<\/u><\/strong><\/h2>\n<\/p>\n<p>Cette page vous informe de la politique en mati\u00e8re de cookies du site web et des formulaires d&rsquo;inscription de la Conf\u00e9rence mondiale sur le cacao 2024.<\/p>\n<p>Un cookie est un petit fichier texte qui peut \u00eatre stock\u00e9 sur votre ordinateur lorsque vous visitez des sites web.<\/p>\n<\/p>\n<p><strong>Qu&rsquo;est-ce qu&rsquo;un cookie ?<\/strong><\/p>\n<p>Des informations sont enregistr\u00e9es dans ce fichier texte, comme votre choix de langue sur un site web. Lorsque vous visitez \u00e0 nouveau le site web, ce cookie renvoie au site web concern\u00e9. De cette mani\u00e8re, le site web reconna\u00eet votre navigateur et peut, par exemple, conserver votre choix de langue.<\/p>\n<p>Les cookies ont g\u00e9n\u00e9ralement une date d&rsquo;expiration. Par exemple, certains cookies sont automatiquement supprim\u00e9s lorsque vous fermez votre navigateur (cookies de session), tandis que d&rsquo;autres peuvent \u00eatre stock\u00e9s plus longtemps sur votre ordinateur, parfois jusqu&rsquo;\u00e0 ce que vous les supprimiez manuellement (cookies permanents).<\/p>\n<\/p>\n<p><strong>Pourquoi utilisons-nous des cookies ?<\/strong><\/p>\n<p>Destr\u00e9e Organisation, administrateur du site web <a href=\"https:\/\/www.cocoabrussels2024.be\" target=\"_blank\" rel=\"noopener\">https:\/\/www.cocoabrussels2024.be,<\/a> utilise les types de cookies suivants sur son site web :<\/p>\n<ul>\n<li>cookies essentiels ;<\/li>\n<li>cookies fonctionnels ;<\/li>\n<\/ul>\n<p>Destr\u00e9e Organisation utilise des cookies essentiels et fonctionnels pour g\u00e9rer le contenu de son site web. Ces cookies sont n\u00e9cessaires au bon fonctionnement de ce site web. Il n&rsquo;est pas possible de refuser ces cookies si vous souhaitez visiter notre site web.<\/p>\n<\/p>\n<p>Les formulaires d&rsquo;inscription sont g\u00e9r\u00e9s par le logiciel EventsAIR et utilisent des cookies essentiels et fonctionnels n\u00e9cessaires au traitement de l&rsquo;inscription uniquement.<\/p>\n<p>Les cookies EventsAIR sont s\u00fbrs parce que<\/p>\n<ul>\n<li>Les cookies ne contiennent aucune donn\u00e9e personnelle.<\/li>\n<li>Les cookies ont le \u00ab\u00a0drapeau de s\u00e9curit\u00e9\u00a0\u00bb activ\u00e9.<\/li>\n<li>Les cookies expirent apr\u00e8s 3 heures.<\/li>\n<li>Les cookies sont crypt\u00e9s \u00e0 l&rsquo;aide d&rsquo;algorithmes de chiffrement puissants provenant des biblioth\u00e8ques Crypto .Net.<\/li>\n<\/ul>\n<p><strong>Liste des cookies essentiels<\/strong><\/p>\n<p>Ces cookies sont n\u00e9cessaires pour des raisons purement techniques pour une visite normale des sites web. Compte tenu de la n\u00e9cessit\u00e9 technique, seule une obligation d&rsquo;information s&rsquo;applique, et ces cookies sont enregistr\u00e9s \u00e0 partir du moment o\u00f9 vous acc\u00e9dez au site web.<\/p>\n<table>\n<tbody>\n<tr>\n<td width=\"150\">\n<p><strong>Nom<\/strong><\/p>\n<\/td>\n<td width=\"150\">\n<p><strong>Date d&rsquo;expiration<\/strong><\/p>\n<\/td>\n<td width=\"150\">\n<p><strong>Contenu<\/strong><\/p>\n<\/td>\n<td width=\"150\">\n<p><strong>Objectif<\/strong><\/p>\n<\/td>\n<\/tr>\n<tr>\n<td width=\"150\">\n<p>BIGipServerF2W-&#8230;<\/p>\n<\/td>\n<td width=\"150\">\n<p>A la fin de la session<\/p>\n<\/td>\n<td width=\"150\">\n<p>Une s\u00e9quence de caract\u00e8res<\/p>\n<\/td>\n<td width=\"150\">\n<p>Attribue le traitement des demandes d&rsquo;un utilisateur \u00e0 un serveur<\/p>\n<\/td>\n<\/tr>\n<tr>\n<td width=\"150\">\n<p>TS01448b0 (les textes de TS&#8230; varient)<\/p>\n<\/td>\n<td width=\"150\">\n<p>A la fin de la session<\/p>\n<\/td>\n<td width=\"150\">\n<p>Une s\u00e9quence de caract\u00e8res<\/p>\n<\/td>\n<td width=\"150\">\n<p>Attribue le traitement des demandes d&rsquo;un utilisateur \u00e0 un serveur<\/p>\n<\/td>\n<\/tr>\n<\/tbody>\n<\/table>\n<p><strong>Liste des cookies fonctionnels<\/strong><\/p>\n<p>Vous ne pouvez pas bloquer ces cookies si vous voulez acc\u00e9der \u00e0 ce site web, mais ils ne sont sauvegard\u00e9s qu&rsquo;apr\u00e8s un choix concernant le placement de cookies.<\/p>\n<table>\n<tbody>\n<tr>\n<td width=\"150\">\n<p><strong>Nom<\/strong><\/p>\n<\/td>\n<td width=\"150\">\n<p><strong>Date d&rsquo;expiration<\/strong><\/p>\n<\/td>\n<td width=\"150\">\n<p><strong>Contenu<\/strong><\/p>\n<\/td>\n<td width=\"150\">\n<p><strong>Objectif<\/strong><\/p>\n<\/td>\n<\/tr>\n<tr>\n<td width=\"150\">\n<p>langue<\/p>\n<\/td>\n<td width=\"150\">\n<p>365 jours (1 an)<\/p>\n<\/td>\n<td width=\"150\">\n<p>Langue de la derni\u00e8re page visit\u00e9e<\/p>\n<\/td>\n<td width=\"150\">\n<p>Lors de votre prochaine visite, vous arriverez automatiquement sur la page d&rsquo;accueil dans la langue choisie.<\/p>\n<\/td>\n<\/tr>\n<tr>\n<td width=\"150\">\n<p>Has_js<\/p>\n<\/td>\n<td width=\"150\">\n<p>A la fin de la session<\/p>\n<\/td>\n<td width=\"150\">\n<\/td>\n<td width=\"150\">\n<p>V\u00e9rification rapide de la disponibilit\u00e9 de javascript<\/p>\n<\/td>\n<\/tr>\n<tr>\n<td width=\"150\">\n<p>fedconsent<\/p>\n<\/td>\n<td width=\"150\">\n<p>90 jours<\/p>\n<\/td>\n<td width=\"150\">\n<p>Pr\u00e9f\u00e9rences en mati\u00e8re de cookies<\/p>\n<\/td>\n<td width=\"150\">\n<p>Sauvegarde les choix effectu\u00e9s dans le cookie-popup<\/p>\n<\/td>\n<\/tr>\n<\/tbody>\n<\/table>\n<p><strong>Comment puis-je voir quels cookies sont enregistr\u00e9s dans mon appareil et comment puis-je les supprimer ?<\/strong><\/p>\n<p>Si vous souhaitez savoir quels cookies ont \u00e9t\u00e9 enregistr\u00e9s sur votre appareil ou si vous pouvez les supprimer, vous pouvez utiliser un param\u00e8tre de votre navigateur. Vous trouverez plus d&rsquo;informations sur la mani\u00e8re de proc\u00e9der en cliquant sur les liens suivants.<\/p>\n<ul>\n<li><a href=\"https:\/\/support.mozilla.org\/en-US\/kb\/clear-cookies-and-site-data-firefox\" target=\"_blank\" rel=\"noopener\">Firefox<\/a><\/li>\n<li><a href=\"https:\/\/support.mozilla.org\/en-US\/kb\/clearing-cookies-private-data-history-and-settings\" target=\"_blank\" rel=\"noopener\">Firefox (mobile)<\/a><\/li>\n<li><a href=\"https:\/\/support.google.com\/chrome\/answer\/95647?hl=en\" target=\"_blank\" rel=\"noopener\">Chrome<\/a><\/li>\n<li><a href=\"https:\/\/support.google.com\/chrome\/answer\/95647?hl=en\" target=\"_blank\" rel=\"noopener\">Chrome (mobile)<\/a><\/li>\n<li><a href=\"https:\/\/support.apple.com\/en-gb\/guide\/safari\/sfri11471\/mac\" target=\"_blank\" rel=\"noopener\">Safari<\/a><\/li>\n<li><a href=\"https:\/\/support.apple.com\/en-gb\/HT201265\" target=\"_blank\" rel=\"noopener\">Safari (mobile)<\/a><\/li>\n<li><a href=\"https:\/\/support.microsoft.com\/en-gb\/windows\/delete-and-manage-cookies-168dab11-0753-043d-7c16-ede5947fc64d\" target=\"_blank\" rel=\"noopener\">Internet Explorer<\/a><\/li>\n<li><a href=\"https:\/\/support.microsoft.com\/en-gb\/microsoft-edge\/delete-cookies-in-microsoft-edge-63947406-40ac-c3b8-57b9-2a946a29ae09\" target=\"_blank\" rel=\"noopener\">Microsoft Edge<\/a><\/li>\n<\/ul>\n<p>Si vous utilisez un autre navigateur, vous pouvez v\u00e9rifier si la proc\u00e9dure pour votre navigateur est mentionn\u00e9e dans <a href=\"http:\/\/www.allaboutcookies.org\" target=\"_blank\" rel=\"noopener\">www.allaboutcookies.org<\/a>.<\/p><\/p>\n\t\t\t\t\t\t\t\t<\/div>\n\t\t\t\t<\/div>\n\t\t\t\t\t<\/div>\n\t\t<\/div>\n\t\t\t\t\t<\/div>\n\t\t<\/section>\n\t\t\t\t<\/div>\n\t\t","protected":false},"excerpt":{"rendered":"<p>Politique en mati\u00e8re de cookies Cette page vous informe de la politique en mati\u00e8re de cookies du site web et des formulaires d&rsquo;inscription de la Conf\u00e9rence mondiale sur le cacao 2024. Un cookie est un petit fichier texte qui peut \u00eatre stock\u00e9 sur votre ordinateur lorsque vous visitez des sites web. Qu&rsquo;est-ce qu&rsquo;un cookie ? [&hellip;]<\/p>\n","protected":false},"author":1,"featured_media":0,"parent":0,"menu_order":0,"comment_status":"closed","ping_status":"closed","template":"elementor_header_footer","meta":{"sfsi_plus_gutenberg_text_before_share":"","sfsi_plus_gutenberg_show_text_before_share":"","sfsi_plus_gutenberg_icon_type":"","sfsi_plus_gutenberg_icon_alignemt":"","sfsi_plus_gutenburg_max_per_row":"","_lmt_disableupdate":"","_lmt_disable":"","footnotes":""},"class_list":["post-1148","page","type-page","status-publish","hentry"],"_links":{"self":[{"href":"https:\/\/www.worldcocoaconference.org\/fr\/wp-json\/wp\/v2\/pages\/1148","targetHints":{"allow":["GET"]}}],"collection":[{"href":"https:\/\/www.worldcocoaconference.org\/fr\/wp-json\/wp\/v2\/pages"}],"about":[{"href":"https:\/\/www.worldcocoaconference.org\/fr\/wp-json\/wp\/v2\/types\/page"}],"author":[{"embeddable":true,"href":"https:\/\/www.worldcocoaconference.org\/fr\/wp-json\/wp\/v2\/users\/1"}],"replies":[{"embeddable":true,"href":"https:\/\/www.worldcocoaconference.org\/fr\/wp-json\/wp\/v2\/comments?post=1148"}],"version-history":[{"count":13,"href":"https:\/\/www.worldcocoaconference.org\/fr\/wp-json\/wp\/v2\/pages\/1148\/revisions"}],"predecessor-version":[{"id":2028,"href":"https:\/\/www.worldcocoaconference.org\/fr\/wp-json\/wp\/v2\/pages\/1148\/revisions\/2028"}],"wp:attachment":[{"href":"https:\/\/www.worldcocoaconference.org\/fr\/wp-json\/wp\/v2\/media?parent=1148"}],"curies":[{"name":"wp","href":"https:\/\/api.w.org\/{rel}","templated":true}]}}