{"id":1157,"date":"2023-06-12T16:25:55","date_gmt":"2023-06-12T14:25:55","guid":{"rendered":"https:\/\/www.worldcocoaconference.org\/?page_id=1157"},"modified":"2023-07-13T12:37:22","modified_gmt":"2023-07-13T10:37:22","slug":"politique-de-confidentialite","status":"publish","type":"page","link":"https:\/\/www.worldcocoaconference.org\/fr\/politique-de-confidentialite\/","title":{"rendered":"Politique de confidentialit\u00e9"},"content":{"rendered":"\t\t<div data-elementor-type=\"wp-page\" data-elementor-id=\"1157\" class=\"elementor elementor-1157 elementor-1155\" data-elementor-post-type=\"page\">\n\t\t\t\t\t\t<section class=\"elementor-section elementor-top-section elementor-element elementor-element-3ec5a2c elementor-section-boxed elementor-section-height-default elementor-section-height-default\" data-id=\"3ec5a2c\" data-element_type=\"section\" data-e-type=\"section\">\n\t\t\t\t\t\t\t<div class=\"elementor-background-overlay\"><\/div>\n\t\t\t\t\t\t\t<div class=\"elementor-container elementor-column-gap-default\">\n\t\t\t\t\t<div class=\"elementor-column elementor-col-100 elementor-top-column elementor-element elementor-element-8a4081d\" data-id=\"8a4081d\" data-element_type=\"column\" data-e-type=\"column\">\n\t\t\t<div class=\"elementor-widget-wrap elementor-element-populated\">\n\t\t\t\t\t\t<div class=\"elementor-element elementor-element-6f39a30 elementor-widget elementor-widget-text-editor\" data-id=\"6f39a30\" data-element_type=\"widget\" data-e-type=\"widget\" data-widget_type=\"text-editor.default\">\n\t\t\t\t<div class=\"elementor-widget-container\">\n\t\t\t\t\t\t\t\t\t<h2><strong>Protection des donn\u00e9es personnelles<\/strong><\/h2><p>Les informations suivantes concernent la protection de vos donn\u00e9es personnelles. Ce sont les donn\u00e9es qui permettent de vous identifier, directement ou indirectement, telles que votre pr\u00e9nom, nom, adresse e-mail et adresse IP.<\/p><p>Les donn\u00e9es personnelles sont collect\u00e9es lorsque :<\/p><ul><li>Vous naviguez sur les pages du site World Cocoa Conference 2024. Dans votre navigateur, ces pages commencent soit par <a href=\"https:\/\/www.worldcocoaconference.org\/fr\/\" target=\"_blank\" rel=\"noopener\">https:\/\/cocoabrussels2024.be<\/a> soit, pour le formulaire d\u2019inscription, par <a href=\"https:\/\/destree.eventsair.com\/cocoa2024\" target=\"_blank\" rel=\"noopener\">https:\/\/destree.eventsair.com\/cocoa2024<\/a>. Lorsqu\u2019un lien vous dirige vers un autre site Web, un site portail, une application en ligne ou un r\u00e9seau social, vous devez v\u00e9rifier les conditions de traitement des donn\u00e9es personnelles utilis\u00e9es par les responsables de ces services ;<\/li><li>Vous nous contactez.<\/li><\/ul><p>Vos donn\u00e9es personnelles sont prot\u00e9g\u00e9es conform\u00e9ment \u00e0 :<\/p><ul><li>R\u00e8glement europ\u00e9en 2016\/679 du Parlement europ\u00e9en et du Conseil du 27 avril 2016 (entr\u00e9 en vigueur le 25 mai 2018) relatif \u00e0 la protection des personnes physiques \u00e0 l\u2019\u00e9gard du traitement des donn\u00e9es \u00e0 caract\u00e8re personnel et \u00e0 la libre circulation de ces donn\u00e9es (RGPD) ;<\/li><li>La loi Informatique et Libert\u00e9s du 30 juillet 2018 relative \u00e0 la protection des personnes physiques \u00e0 l\u2019\u00e9gard du traitement des donn\u00e9es \u00e0 caract\u00e8re personnel.<\/li><\/ul><p>Le responsable du traitement est le Service public f\u00e9d\u00e9ral Affaires \u00e9trang\u00e8res, Commerce ext\u00e9rieur et Coop\u00e9ration au d\u00e9veloppement.<\/p><p>Un sous-traitant, Destr\u00e9e Organisation, a \u00e9t\u00e9 d\u00e9sign\u00e9 pour d\u00e9velopper et g\u00e9rer le site web et g\u00e9rer le processus d\u2019inscription.<\/p><p>Ce traitement des donn\u00e9es est r\u00e9gi par un accord de traitement des donn\u00e9es tel que requis par le RGPD.<\/p><p><b>1. Bases juridiques et finalit\u00e9s des traitements<\/b><\/p><p>Les bases juridiques des traitements sont les suivantes :<\/p><ul><li>Pour l\u2019organisation de la conf\u00e9rence : ex\u00e9cution d\u2019une mission d\u2019int\u00e9r\u00eat public ;<\/li><li>Pour prendre des photos \/ vid\u00e9os, les r\u00e9utiliser, partager la liste des participants \u00e0 des fins de r\u00e9seautage et transf\u00e9rer la liste des participants \u00e0 l\u2019International CoCoa Organization (ICCO) pour les \u00e9v\u00e9nements futurs: consentement.<\/li><\/ul><p>Les donn\u00e9es personnelles sont collect\u00e9es et trait\u00e9es dans le but de :<\/p><ul><li>Aidez-nous \u00e0 organiser la conf\u00e9rence aussi efficacement que possible;<\/li><li>G\u00e9rer les questions logistiques;<\/li><li>Permettre aux participants de r\u00e9seauter via l\u2019application de la conf\u00e9rence;<\/li><li>Prendre des photos \/ vid\u00e9os pendant la conf\u00e9rence et les r\u00e9utiliser pour la communication et \/ ou la promotion;<\/li><li>Construire une base de donn\u00e9es qui peut \u00eatre utilis\u00e9e par l\u2019International CoCoa Organization (ICCO) pour d\u2019autres \u00e9v\u00e9nements similaires;<\/li><li>Permettre l\u2019acc\u00e8s \u00e0 la conf\u00e9rence;<\/li><li>Activez la facturation.<\/li><\/ul><p>Les donn\u00e9es sont \u00e9galement collect\u00e9es et trait\u00e9es de mani\u00e8re anonyme :<\/p><ul><li>\u00c0 des fins statistiques et qualitatives, dans le but d\u2019am\u00e9liorer nos services ;<\/li><li>Pour vous fournir une r\u00e9ponse dans votre langue.<\/li><\/ul><p>Si votre demande d\u2019informations ou de services est destin\u00e9e \u00e0 un autre d\u00e9partement, nous vous fournissons les coordonn\u00e9es de ce service et vous \u00eates libre de choisir de le contacter ou non.<\/p><h5><strong>2. Donn\u00e9es trait\u00e9es<\/strong><\/h5><p>Dans les situations \u00e9num\u00e9r\u00e9es dans le tableau ci-dessous, les donn\u00e9es personnelles sont collect\u00e9es et trait\u00e9es automatiquement.<\/p><table><tbody><tr><td width=\"245\"><p><strong>Situations<\/strong><\/p><\/td><td width=\"396\"><p><strong>Donn\u00e9es collect\u00e9es et trait\u00e9es<\/strong><\/p><\/td><\/tr><tr><td width=\"245\"><p>Vous visitez une ou plusieurs pages<\/p><\/td><td width=\"396\"><p>Adresse IP<\/p><\/td><\/tr><tr><td width=\"245\"><p>Vous nous contactez par e-mail de contact<\/p><\/td><td width=\"396\"><p>Nom, pr\u00e9nom et adresse e-mail que vous avez fournis<\/p><p>\u00c9change de messages<\/p><p>M\u00e9tadonn\u00e9es pouvant ou non \u00eatre li\u00e9es \u00e0 votre e-mail<\/p><\/td><\/tr><tr><td width=\"245\"><p>Vous vous inscrivez \u00e0 la conf\u00e9rence en utilisant notre formulaire d\u2019inscription<\/p><\/td><td width=\"396\"><p>Donn\u00e9es d\u2019identification : nom, pr\u00e9nom, adresse professionnelle, adresse e-mail<\/p><p>Donn\u00e9es personnelles: titre, date de naissance, notification de la demande de visa<\/p><p>Donn\u00e9es sur la sant\u00e9 physique : restrictions alimentaires, besoins de mobilit\u00e9 particuliers<\/p><p>Profession et emploi : organisation\/institution, poste, choix du type d\u2019inscription \u00e0 la conf\u00e9rence (membre d\u2019une ONG ou non)<\/p><p>Autres donn\u00e9es : s\u00e9lection et inscription pour des activit\u00e9s autres que le programme de la r\u00e9union (inscription au d\u00eener de gala, visite technique du port d\u2019Anvers, etc.)<\/p><\/td><\/tr><\/tbody><\/table><p>Les autres donn\u00e9es personnelles susceptibles d\u2019\u00eatre trait\u00e9es sont r\u00e9pertori\u00e9es dans le registre des traitements de donn\u00e9es.<\/p><p>Les donn\u00e9es qui ne sont pas \u00e0 caract\u00e8re personnel sont collect\u00e9es automatiquement sans les relier \u00e0 votre adresse IP et donc dans le respect de votre vie priv\u00e9e. Il est utilis\u00e9 pour g\u00e9n\u00e9rer des statistiques et am\u00e9liorer le contenu du site portail :<\/p><ul><li>S\u00e9lection de la langue<\/li><li>Moteur de recherche utilis\u00e9<\/li><li>Mots-cl\u00e9s utilis\u00e9s<\/li><li>Le site Web d\u2019o\u00f9 vous venez<\/li><li>Les pages que vous avez consult\u00e9es<\/li><li>La dur\u00e9e de chaque page vue<\/li><li>La liste des fichiers t\u00e9l\u00e9charg\u00e9s<\/li><li>La date et l\u2019heure de l\u2019acc\u00e8s<\/li><li>Le navigateur utilis\u00e9<\/li><li>La plateforme et\/ou le syst\u00e8me d\u2019exploitation install\u00e9 sur votre ordinateur<\/li><li>&#8230;<\/li><\/ul><h5><strong>3. Utilisation des cookies <\/strong><\/h5><p>Un cookie est un petit fichier texte qui peut \u00eatre stock\u00e9 sur votre ordinateur lorsque vous visitez des sites web.<\/p><p>Le site web de la conf\u00e9rence et les formulaires d\u2019inscription n\u2019utilisent que des cookies essentiels et fonctionnels n\u00e9cessaires \u00e0 leur bon fonctionnement. La politique de cookies peut \u00eatre trouv\u00e9e <a href=\"https:\/\/www.worldcocoaconference.org\/fr\/?page_id=1148\" target=\"_blank\" rel=\"noopener\">ici<\/a>.<\/p><h5><strong>4. Dur\u00e9e de conservation <\/strong><\/h5><p>La dur\u00e9e de stockage :<\/p><ul><li>De votre adresse IP est de 12 mois;<\/li><li>Des \u00e9changes via le formulaire de contact et par e-mail est de 1 mois;<\/li><li>Des donn\u00e9es d\u2019inscription \u00e0 la conf\u00e9rence sont de 2 ans.<\/li><\/ul><p>Dans des cas exceptionnels, par exemple dans le cadre d\u2019une proc\u00e9dure judiciaire, vos donn\u00e9es personnelles peuvent \u00eatre conserv\u00e9es pendant une p\u00e9riode plus longue.<\/p><h5><strong>5. S\u00e9curit\u00e9 <\/strong><\/h5><p>Destr\u00e9e Organisation garantit la s\u00e9curit\u00e9 (int\u00e9grit\u00e9 et confidentialit\u00e9) de vos donn\u00e9es personnelles. Il est prot\u00e9g\u00e9 contre les acc\u00e8s non autoris\u00e9s, l\u2019utilisation non autoris\u00e9e, la perte et les modifications non autoris\u00e9es.<\/p><p>\u00c0 cette fin, nous utilisons des m\u00e9thodes et des proc\u00e9dures de s\u00e9curit\u00e9 que nous ne d\u00e9crirons pas en d\u00e9tail ici pour des raisons de s\u00e9curit\u00e9.<\/p><p>Attention : des mesures physiques, techniques et organisationnelles appropri\u00e9es sont prises pour garantir un niveau de s\u00e9curit\u00e9 adapt\u00e9 aux risques.<\/p><p>\u00a0<\/p><h5><strong>6. Droit d\u2019acc\u00e8s, de rectification, d\u2019opposition et d\u2019effacement<\/strong><\/h5><p>Vous disposez de certains droits relatifs aux donn\u00e9es personnelles que nous utilisons : le droit d\u2019acc\u00e8s, le droit de rectification, le droit d\u2019opposition et le droit de faire supprimer les donn\u00e9es.<\/p><p>Votre demande sera trait\u00e9e dans un d\u00e9lai de 30 jours calendaires. Si votre demande est complexe ou si notre d\u00e9partement doit traiter un grand nombre de demandes, ce d\u00e9lai peut \u00eatre prolong\u00e9 de 60 jours.<\/p><p>Veuillez envoyer un e-mail ou un courrier \u00e0 notre d\u00e9l\u00e9gu\u00e9 \u00e0 la protection des donn\u00e9es afin d\u2019exercer vos droits : <a href=\"mailto:dpo@diplobel.fed.be\">dpo@diplobel.fed.be<\/a><\/p><h5><strong>7. R\u00e9clamations<\/strong><\/h5><p>Si vous consid\u00e9rez que le Service public f\u00e9d\u00e9ral Affaires \u00e9trang\u00e8res, Commerce ext\u00e9rieur et Coop\u00e9ration au d\u00e9veloppement et\/ou Destr\u00e9e Organisation n\u2019ont pas trait\u00e9 vos donn\u00e9es personnelles conform\u00e9ment \u00e0 la r\u00e9glementation applicable, vous avez le droit de d\u00e9poser une plainte aupr\u00e8s de l\u2019Autorit\u00e9 de protection des donn\u00e9es :<\/p><p><strong>Autorit\u00e9 de protection des donn\u00e9es<\/strong><\/p><p>Rue de la Presse 35<\/p><p>1000 Bruxelles<\/p><p>Courriel : <a href=\"mailto:contact@apd-gba.be\">contact@apd-gba.be<\/a><\/p><p>\u00a0<\/p><h5><strong>8. Contactez-nous<\/strong><\/h5><p>Pour plus d\u2019informations sur notre politique de protection des donn\u00e9es, vous pouvez contacter notre d\u00e9l\u00e9gu\u00e9 \u00e0 la protection des donn\u00e9es \u00e0 l\u2019adresse suivante : <a href=\"mailto:dpo@diplobel.fed.be\">dpo@diplobel.fed.be<\/a><\/p>\t\t\t\t\t\t\t\t<\/div>\n\t\t\t\t<\/div>\n\t\t\t\t\t<\/div>\n\t\t<\/div>\n\t\t\t\t\t<\/div>\n\t\t<\/section>\n\t\t\t\t<\/div>\n\t\t","protected":false},"excerpt":{"rendered":"<p>Protection des donn\u00e9es personnelles Les informations suivantes concernent la protection de vos donn\u00e9es personnelles. Ce sont les donn\u00e9es qui permettent de vous identifier, directement ou indirectement, telles que votre pr\u00e9nom, nom, adresse e-mail et adresse IP. Les donn\u00e9es personnelles sont collect\u00e9es lorsque : Vous naviguez sur les pages du site World Cocoa Conference 2024. Dans [&hellip;]<\/p>\n","protected":false},"author":1,"featured_media":0,"parent":0,"menu_order":0,"comment_status":"closed","ping_status":"closed","template":"elementor_header_footer","meta":{"sfsi_plus_gutenberg_text_before_share":"","sfsi_plus_gutenberg_show_text_before_share":"","sfsi_plus_gutenberg_icon_type":"","sfsi_plus_gutenberg_icon_alignemt":"","sfsi_plus_gutenburg_max_per_row":"","_lmt_disableupdate":"","_lmt_disable":"","footnotes":""},"class_list":["post-1157","page","type-page","status-publish","hentry"],"_links":{"self":[{"href":"https:\/\/www.worldcocoaconference.org\/fr\/wp-json\/wp\/v2\/pages\/1157","targetHints":{"allow":["GET"]}}],"collection":[{"href":"https:\/\/www.worldcocoaconference.org\/fr\/wp-json\/wp\/v2\/pages"}],"about":[{"href":"https:\/\/www.worldcocoaconference.org\/fr\/wp-json\/wp\/v2\/types\/page"}],"author":[{"embeddable":true,"href":"https:\/\/www.worldcocoaconference.org\/fr\/wp-json\/wp\/v2\/users\/1"}],"replies":[{"embeddable":true,"href":"https:\/\/www.worldcocoaconference.org\/fr\/wp-json\/wp\/v2\/comments?post=1157"}],"version-history":[{"count":19,"href":"https:\/\/www.worldcocoaconference.org\/fr\/wp-json\/wp\/v2\/pages\/1157\/revisions"}],"predecessor-version":[{"id":2496,"href":"https:\/\/www.worldcocoaconference.org\/fr\/wp-json\/wp\/v2\/pages\/1157\/revisions\/2496"}],"wp:attachment":[{"href":"https:\/\/www.worldcocoaconference.org\/fr\/wp-json\/wp\/v2\/media?parent=1157"}],"curies":[{"name":"wp","href":"https:\/\/api.w.org\/{rel}","templated":true}]}}