{"id":385,"date":"2023-05-09T10:21:08","date_gmt":"2023-05-09T08:21:08","guid":{"rendered":"https:\/\/www.worldcocoaconference.org\/icco\/"},"modified":"2023-07-13T12:17:25","modified_gmt":"2023-07-13T10:17:25","slug":"icco","status":"publish","type":"page","link":"https:\/\/www.worldcocoaconference.org\/fr\/icco\/","title":{"rendered":"ICCO"},"content":{"rendered":"\t\t<div data-elementor-type=\"wp-page\" data-elementor-id=\"385\" class=\"elementor elementor-385 elementor-226\" data-elementor-post-type=\"page\">\n\t\t\t\t\t\t<section class=\"elementor-section elementor-top-section elementor-element elementor-element-3ec5a2c elementor-section-boxed elementor-section-height-default elementor-section-height-default\" data-id=\"3ec5a2c\" data-element_type=\"section\" data-e-type=\"section\">\n\t\t\t\t\t\t\t<div class=\"elementor-background-overlay\"><\/div>\n\t\t\t\t\t\t\t<div class=\"elementor-container elementor-column-gap-default\">\n\t\t\t\t\t<div class=\"elementor-column elementor-col-100 elementor-top-column elementor-element elementor-element-8a4081d\" data-id=\"8a4081d\" data-element_type=\"column\" data-e-type=\"column\">\n\t\t\t<div class=\"elementor-widget-wrap elementor-element-populated\">\n\t\t\t\t\t\t<div class=\"elementor-element elementor-element-fe5050e elementor-widget elementor-widget-image\" data-id=\"fe5050e\" data-element_type=\"widget\" data-e-type=\"widget\" data-widget_type=\"image.default\">\n\t\t\t\t<div class=\"elementor-widget-container\">\n\t\t\t\t\t\t\t\t\t\t\t\t\t\t\t\t<a href=\"http:\/\/www.icco.org\" target=\"_blank\" rel=\"noopener\">\n\t\t\t\t\t\t\t<img fetchpriority=\"high\" decoding=\"async\" width=\"861\" height=\"569\" src=\"https:\/\/www.worldcocoaconference.org\/wp-content\/uploads\/2023\/05\/ICCO-logo.png\" class=\"attachment-large size-large wp-image-218\" alt=\"\" srcset=\"https:\/\/www.worldcocoaconference.org\/wp-content\/uploads\/2023\/05\/ICCO-logo.png 861w, https:\/\/www.worldcocoaconference.org\/wp-content\/uploads\/2023\/05\/ICCO-logo-768x508.png 768w\" sizes=\"(max-width: 861px) 100vw, 861px\" \/>\t\t\t\t\t\t\t\t<\/a>\n\t\t\t\t\t\t\t\t\t\t\t\t\t\t\t<\/div>\n\t\t\t\t<\/div>\n\t\t\t\t<div class=\"elementor-element elementor-element-e760e55 elementor-widget elementor-widget-heading\" data-id=\"e760e55\" data-element_type=\"widget\" data-e-type=\"widget\" data-widget_type=\"heading.default\">\n\t\t\t\t<div class=\"elementor-widget-container\">\n\t\t\t\t\t<h2 class=\"elementor-heading-title elementor-size-default\">\u00c0 propos d'ICCO<\/h2>\t\t\t\t<\/div>\n\t\t\t\t<\/div>\n\t\t\t\t<div class=\"elementor-element elementor-element-6f39a30 elementor-widget elementor-widget-text-editor\" data-id=\"6f39a30\" data-element_type=\"widget\" data-e-type=\"widget\" data-widget_type=\"text-editor.default\">\n\t\t\t\t<div class=\"elementor-widget-container\">\n\t\t\t\t\t\t\t\t\t<p>L\u2019Organisation internationale du cacao (ICCO) est une organisation intergouvernementale fond\u00e9e en 1973 sous les auspices des Nations Unies et fonctionnant dans le cadre des successifs Accords internationaux sur le cacao. Le si\u00e8ge de l\u2019ICCO se trouve \u00e0 Abidjan, en C\u00f4te d\u2019Ivoire.<\/p><p>L\u2019Organisation compte 52 pays membres, dont 23 pays exportateurs de cacao et 29 pays importateurs de cacao. Ces pays membres repr\u00e9sentent conjointement 86 % des exportations mondiales de cacao et 76 % des importations mondiales de cacao (<a href=\"https:\/\/www.icco.org\/who-we-are\/membership\/\" target=\"_blank\" rel=\"noopener\">https:\/\/www.icco.org\/who-we-are\/membership\/<\/a>).<\/p><p>L\u2019ICCO a pour objectif de promouvoir et de soutenir la durabilit\u00e9 \u00e9conomique, sociale et environnementale de la cha\u00eene de valeur du cacao et en particulier d\u2019am\u00e9liorer les conditions de vie des cacaoculteurs. L\u2019Organisation constitue un centre de connaissance et d\u2019innovation au sein de l\u2019\u00e9conomie cacaoy\u00e8re mondiale, une plateforme de coop\u00e9ration institutionnelle visant \u00e0 encourager le dialogue entre ses pays membres et entre les principales parties prenantes de la cha\u00eene de valeur du cacao, ainsi qu\u2019un p\u00f4le d\u2019assistance technique pour ses pays membres.<\/p><p>Pour plus d\u2019informations, veuillez contacter : <a href=\"mailto:info@icco.org\">info@icco.org<\/a><\/p>\t\t\t\t\t\t\t\t<\/div>\n\t\t\t\t<\/div>\n\t\t\t\t\t<\/div>\n\t\t<\/div>\n\t\t\t\t\t<\/div>\n\t\t<\/section>\n\t\t\t\t<\/div>\n\t\t","protected":false},"excerpt":{"rendered":"<p>\u00c0 propos d&rsquo;ICCO L\u2019Organisation internationale du cacao (ICCO) est une organisation intergouvernementale fond\u00e9e en 1973 sous les auspices des Nations Unies et fonctionnant dans le cadre des successifs Accords internationaux sur le cacao. Le si\u00e8ge de l\u2019ICCO se trouve \u00e0 Abidjan, en C\u00f4te d\u2019Ivoire. L\u2019Organisation compte 52 pays membres, dont 23 pays exportateurs de cacao [&hellip;]<\/p>\n","protected":false},"author":1,"featured_media":0,"parent":0,"menu_order":0,"comment_status":"closed","ping_status":"closed","template":"elementor_header_footer","meta":{"sfsi_plus_gutenberg_text_before_share":"","sfsi_plus_gutenberg_show_text_before_share":"","sfsi_plus_gutenberg_icon_type":"","sfsi_plus_gutenberg_icon_alignemt":"","sfsi_plus_gutenburg_max_per_row":"","_lmt_disableupdate":"","_lmt_disable":"","footnotes":""},"class_list":["post-385","page","type-page","status-publish","hentry"],"_links":{"self":[{"href":"https:\/\/www.worldcocoaconference.org\/fr\/wp-json\/wp\/v2\/pages\/385","targetHints":{"allow":["GET"]}}],"collection":[{"href":"https:\/\/www.worldcocoaconference.org\/fr\/wp-json\/wp\/v2\/pages"}],"about":[{"href":"https:\/\/www.worldcocoaconference.org\/fr\/wp-json\/wp\/v2\/types\/page"}],"author":[{"embeddable":true,"href":"https:\/\/www.worldcocoaconference.org\/fr\/wp-json\/wp\/v2\/users\/1"}],"replies":[{"embeddable":true,"href":"https:\/\/www.worldcocoaconference.org\/fr\/wp-json\/wp\/v2\/comments?post=385"}],"version-history":[{"count":24,"href":"https:\/\/www.worldcocoaconference.org\/fr\/wp-json\/wp\/v2\/pages\/385\/revisions"}],"predecessor-version":[{"id":2462,"href":"https:\/\/www.worldcocoaconference.org\/fr\/wp-json\/wp\/v2\/pages\/385\/revisions\/2462"}],"wp:attachment":[{"href":"https:\/\/www.worldcocoaconference.org\/fr\/wp-json\/wp\/v2\/media?parent=385"}],"curies":[{"name":"wp","href":"https:\/\/api.w.org\/{rel}","templated":true}]}}