{"id":394,"date":"2023-05-09T12:40:56","date_gmt":"2023-05-09T10:40:56","guid":{"rendered":"https:\/\/www.worldcocoaconference.org\/diner-de-gala\/"},"modified":"2024-04-13T12:02:36","modified_gmt":"2024-04-13T10:02:36","slug":"diner-de-gala","status":"publish","type":"page","link":"https:\/\/www.worldcocoaconference.org\/fr\/diner-de-gala\/","title":{"rendered":"D\u00eener de gala"},"content":{"rendered":"\t\t<div data-elementor-type=\"wp-page\" data-elementor-id=\"394\" class=\"elementor elementor-394 elementor-269\" data-elementor-post-type=\"page\">\n\t\t\t\t\t\t<section class=\"elementor-section elementor-top-section elementor-element elementor-element-41534d1 elementor-section-height-min-height elementor-section-full_width elementor-section-height-default elementor-section-items-middle\" data-id=\"41534d1\" data-element_type=\"section\" data-e-type=\"section\" data-settings=\"{&quot;background_background&quot;:&quot;classic&quot;}\">\n\t\t\t\t\t\t<div class=\"elementor-container elementor-column-gap-default\">\n\t\t\t\t\t<div class=\"elementor-column elementor-col-100 elementor-top-column elementor-element elementor-element-d72917f\" data-id=\"d72917f\" data-element_type=\"column\" data-e-type=\"column\">\n\t\t\t<div class=\"elementor-widget-wrap\">\n\t\t\t\t\t\t\t<\/div>\n\t\t<\/div>\n\t\t\t\t\t<\/div>\n\t\t<\/section>\n\t\t\t\t<section class=\"elementor-section elementor-top-section elementor-element elementor-element-42532b4 elementor-section-boxed elementor-section-height-default elementor-section-height-default\" data-id=\"42532b4\" data-element_type=\"section\" data-e-type=\"section\">\n\t\t\t\t\t\t<div class=\"elementor-container elementor-column-gap-default\">\n\t\t\t\t\t<div class=\"elementor-column elementor-col-33 elementor-top-column elementor-element elementor-element-5efa41d\" data-id=\"5efa41d\" data-element_type=\"column\" data-e-type=\"column\">\n\t\t\t<div class=\"elementor-widget-wrap elementor-element-populated\">\n\t\t\t\t\t\t<div class=\"elementor-element elementor-element-3f3c118 elementor-widget elementor-widget-text-editor\" data-id=\"3f3c118\" data-element_type=\"widget\" data-e-type=\"widget\" data-widget_type=\"text-editor.default\">\n\t\t\t\t<div class=\"elementor-widget-container\">\n\t\t\t\t\t\t\t\t\t<p style=\"text-align: right;\">Sponsoris\u00e9e par<\/p>\n\t\t\t\t\t\t\t\t<\/div>\n\t\t\t\t<\/div>\n\t\t\t\t\t<\/div>\n\t\t<\/div>\n\t\t\t\t<div class=\"elementor-column elementor-col-33 elementor-top-column elementor-element elementor-element-41177a4\" data-id=\"41177a4\" data-element_type=\"column\" data-e-type=\"column\">\n\t\t\t<div class=\"elementor-widget-wrap elementor-element-populated\">\n\t\t\t\t\t\t<div class=\"elementor-element elementor-element-c0b49a9 elementor-widget elementor-widget-image\" data-id=\"c0b49a9\" data-element_type=\"widget\" data-e-type=\"widget\" data-widget_type=\"image.default\">\n\t\t\t\t<div class=\"elementor-widget-container\">\n\t\t\t\t\t\t\t\t\t\t\t\t\t\t\t<img fetchpriority=\"high\" decoding=\"async\" width=\"1668\" height=\"452\" src=\"https:\/\/www.worldcocoaconference.org\/wp-content\/uploads\/2024\/04\/StoneX-logo.png\" class=\"attachment-large size-large wp-image-4723\" alt=\"\" srcset=\"https:\/\/www.worldcocoaconference.org\/wp-content\/uploads\/2024\/04\/StoneX-logo.png 1668w, https:\/\/www.worldcocoaconference.org\/wp-content\/uploads\/2024\/04\/StoneX-logo-768x208.png 768w, https:\/\/www.worldcocoaconference.org\/wp-content\/uploads\/2024\/04\/StoneX-logo-1536x416.png 1536w\" sizes=\"(max-width: 1668px) 100vw, 1668px\" \/>\t\t\t\t\t\t\t\t\t\t\t\t\t\t\t<\/div>\n\t\t\t\t<\/div>\n\t\t\t\t\t<\/div>\n\t\t<\/div>\n\t\t\t\t<div class=\"elementor-column elementor-col-33 elementor-top-column elementor-element elementor-element-dca6834\" data-id=\"dca6834\" data-element_type=\"column\" data-e-type=\"column\">\n\t\t\t<div class=\"elementor-widget-wrap\">\n\t\t\t\t\t\t\t<\/div>\n\t\t<\/div>\n\t\t\t\t\t<\/div>\n\t\t<\/section>\n\t\t\t\t<section class=\"elementor-section elementor-top-section elementor-element elementor-element-903cf9d elementor-section-boxed elementor-section-height-default elementor-section-height-default\" data-id=\"903cf9d\" data-element_type=\"section\" data-e-type=\"section\">\n\t\t\t\t\t\t\t<div class=\"elementor-background-overlay\"><\/div>\n\t\t\t\t\t\t\t<div class=\"elementor-container elementor-column-gap-default\">\n\t\t\t\t\t<div class=\"elementor-column elementor-col-100 elementor-top-column elementor-element elementor-element-d507a1d\" data-id=\"d507a1d\" data-element_type=\"column\" data-e-type=\"column\">\n\t\t\t<div class=\"elementor-widget-wrap elementor-element-populated\">\n\t\t\t\t\t\t<div class=\"elementor-element elementor-element-3bac9a8 elementor-widget elementor-widget-heading\" data-id=\"3bac9a8\" data-element_type=\"widget\" data-e-type=\"widget\" data-widget_type=\"heading.default\">\n\t\t\t\t<div class=\"elementor-widget-container\">\n\t\t\t\t\t<h2 class=\"elementor-heading-title elementor-size-default\">Autoworld<\/h2>\t\t\t\t<\/div>\n\t\t\t\t<\/div>\n\t\t\t\t<section class=\"elementor-section elementor-inner-section elementor-element elementor-element-8b0dc5f elementor-section-boxed elementor-section-height-default elementor-section-height-default\" data-id=\"8b0dc5f\" data-element_type=\"section\" data-e-type=\"section\">\n\t\t\t\t\t\t<div class=\"elementor-container elementor-column-gap-default\">\n\t\t\t\t\t<div class=\"elementor-column elementor-col-100 elementor-inner-column elementor-element elementor-element-85edf26\" data-id=\"85edf26\" data-element_type=\"column\" data-e-type=\"column\">\n\t\t\t<div class=\"elementor-widget-wrap elementor-element-populated\">\n\t\t\t\t\t\t<div class=\"elementor-element elementor-element-dd6d2da elementor-widget elementor-widget-text-editor\" data-id=\"dd6d2da\" data-element_type=\"widget\" data-e-type=\"widget\" data-widget_type=\"text-editor.default\">\n\t\t\t\t<div class=\"elementor-widget-container\">\n\t\t\t\t\t\t\t\t\t<p>The World Cocoa Conference gala dinner will be held <strong>on the 23<sup>rd<\/sup> of April 2024<\/strong> at the Autoworld museum, which is also located in the heart of Brussels, and therefore easily accessible by public transport.<\/p>\n<p>Le mus\u00e9e est situ\u00e9 dans le <strong>Parc du Cinquantenaire, num\u00e9ro 11.<\/strong> L&rsquo;entr\u00e9e du mus\u00e9e est situ\u00e9e sur le c\u00f4t\u00e9 sud du b\u00e2timent, face au parc.  <br \/>Pour des raisons de commodit\u00e9 et d\u2019accessibilit\u00e9, nous vous conseillons de prendre les <strong>lignes de m\u00e9tro 1 et 5<\/strong> jusqu\u2019\u00e0 la station <em>Merode<\/em>, qui se trouve \u00e0 quelques minutes de marche du mus\u00e9e.<br \/>Vous pouvez \u00e9galement emprunter la <strong>ligne de tramway 81<\/strong> ou les <strong>lignes de bus 22 ou 27<\/strong>, qui ont toutes deux un arr\u00eat \u00e0 proximit\u00e9 du mus\u00e9e.<\/p>\n<p><strong>Pour plus d\u2019informations sur les transports publics allant vers Autoworld :<\/strong> <a href=\"https:\/\/www.autoworld.be\/en\/plan-your-visit\/how-to-reach-us\/by-public-transport\" target=\"_blank\" rel=\"noopener\">cliquez ici<\/a><\/p>\n\t\t\t\t\t\t\t\t<\/div>\n\t\t\t\t<\/div>\n\t\t\t\t<div class=\"elementor-element elementor-element-66b9f80 elementor-align-left elementor-widget elementor-widget-button\" data-id=\"66b9f80\" data-element_type=\"widget\" data-e-type=\"widget\" data-widget_type=\"button.default\">\n\t\t\t\t<div class=\"elementor-widget-container\">\n\t\t\t\t\t\t\t\t\t<div class=\"elementor-button-wrapper\">\n\t\t\t\t\t<a class=\"elementor-button elementor-button-link elementor-size-md\" href=\"https:\/\/destree.eventsair.com\/worldcocoaconference2024\/gala-dinner-only\/Site\/Register\" target=\"_blank\" rel=\"noopener\">\n\t\t\t\t\t\t<span class=\"elementor-button-content-wrapper\">\n\t\t\t\t\t\t\t\t\t<span class=\"elementor-button-text\">Inscription D\u00eener de gala uniquement<\/span>\n\t\t\t\t\t<\/span>\n\t\t\t\t\t<\/a>\n\t\t\t\t<\/div>\n\t\t\t\t\t\t\t\t<\/div>\n\t\t\t\t<\/div>\n\t\t\t\t\t<\/div>\n\t\t<\/div>\n\t\t\t\t\t<\/div>\n\t\t<\/section>\n\t\t\t\t<section class=\"elementor-section elementor-inner-section elementor-element elementor-element-ea0f5c2 elementor-section-boxed elementor-section-height-default elementor-section-height-default\" data-id=\"ea0f5c2\" data-element_type=\"section\" data-e-type=\"section\">\n\t\t\t\t\t\t<div class=\"elementor-container elementor-column-gap-default\">\n\t\t\t\t\t<div class=\"elementor-column elementor-col-50 elementor-inner-column elementor-element elementor-element-16dc065\" data-id=\"16dc065\" data-element_type=\"column\" data-e-type=\"column\">\n\t\t\t<div class=\"elementor-widget-wrap elementor-element-populated\">\n\t\t\t\t\t\t<div class=\"elementor-element elementor-element-bf44b3c elementor-widget elementor-widget-image\" data-id=\"bf44b3c\" data-element_type=\"widget\" data-e-type=\"widget\" data-widget_type=\"image.default\">\n\t\t\t\t<div class=\"elementor-widget-container\">\n\t\t\t\t\t\t\t\t\t\t\t\t\t\t\t<img decoding=\"async\" width=\"2500\" height=\"1667\" src=\"https:\/\/www.worldcocoaconference.org\/wp-content\/uploads\/2023\/06\/220428-UPSI2022-BenjaminBrolet-0193-copy.jpg\" class=\"attachment-large size-large wp-image-1008\" alt=\"\" srcset=\"https:\/\/www.worldcocoaconference.org\/wp-content\/uploads\/2023\/06\/220428-UPSI2022-BenjaminBrolet-0193-copy.jpg 2500w, https:\/\/www.worldcocoaconference.org\/wp-content\/uploads\/2023\/06\/220428-UPSI2022-BenjaminBrolet-0193-copy-768x512.jpg 768w, https:\/\/www.worldcocoaconference.org\/wp-content\/uploads\/2023\/06\/220428-UPSI2022-BenjaminBrolet-0193-copy-1536x1024.jpg 1536w, https:\/\/www.worldcocoaconference.org\/wp-content\/uploads\/2023\/06\/220428-UPSI2022-BenjaminBrolet-0193-copy-2048x1366.jpg 2048w\" sizes=\"(max-width: 2500px) 100vw, 2500px\" \/>\t\t\t\t\t\t\t\t\t\t\t\t\t\t\t<\/div>\n\t\t\t\t<\/div>\n\t\t\t\t\t<\/div>\n\t\t<\/div>\n\t\t\t\t<div class=\"elementor-column elementor-col-50 elementor-inner-column elementor-element elementor-element-9813eef\" data-id=\"9813eef\" data-element_type=\"column\" data-e-type=\"column\">\n\t\t\t<div class=\"elementor-widget-wrap elementor-element-populated\">\n\t\t\t\t\t\t<div class=\"elementor-element elementor-element-c3db735 elementor-widget elementor-widget-image\" data-id=\"c3db735\" data-element_type=\"widget\" data-e-type=\"widget\" data-widget_type=\"image.default\">\n\t\t\t\t<div class=\"elementor-widget-container\">\n\t\t\t\t\t\t\t\t\t\t\t\t\t\t\t<img decoding=\"async\" width=\"2500\" height=\"1663\" src=\"https:\/\/www.worldcocoaconference.org\/wp-content\/uploads\/2023\/06\/AutoWorld_013-copy.jpg\" class=\"attachment-large size-large wp-image-1011\" alt=\"\" srcset=\"https:\/\/www.worldcocoaconference.org\/wp-content\/uploads\/2023\/06\/AutoWorld_013-copy.jpg 2500w, https:\/\/www.worldcocoaconference.org\/wp-content\/uploads\/2023\/06\/AutoWorld_013-copy-768x511.jpg 768w, https:\/\/www.worldcocoaconference.org\/wp-content\/uploads\/2023\/06\/AutoWorld_013-copy-1536x1022.jpg 1536w, https:\/\/www.worldcocoaconference.org\/wp-content\/uploads\/2023\/06\/AutoWorld_013-copy-2048x1362.jpg 2048w\" sizes=\"(max-width: 2500px) 100vw, 2500px\" \/>\t\t\t\t\t\t\t\t\t\t\t\t\t\t\t<\/div>\n\t\t\t\t<\/div>\n\t\t\t\t\t<\/div>\n\t\t<\/div>\n\t\t\t\t\t<\/div>\n\t\t<\/section>\n\t\t\t\t<section class=\"elementor-section elementor-inner-section elementor-element elementor-element-3e3483c elementor-section-boxed elementor-section-height-default elementor-section-height-default\" data-id=\"3e3483c\" data-element_type=\"section\" data-e-type=\"section\">\n\t\t\t\t\t\t<div class=\"elementor-container elementor-column-gap-default\">\n\t\t\t\t\t<div class=\"elementor-column elementor-col-100 elementor-inner-column elementor-element elementor-element-cba4005\" data-id=\"cba4005\" data-element_type=\"column\" data-e-type=\"column\">\n\t\t\t<div class=\"elementor-widget-wrap elementor-element-populated\">\n\t\t\t\t\t\t<div class=\"elementor-element elementor-element-fe83681 elementor-widget elementor-widget-image\" data-id=\"fe83681\" data-element_type=\"widget\" data-e-type=\"widget\" data-widget_type=\"image.default\">\n\t\t\t\t<div class=\"elementor-widget-container\">\n\t\t\t\t\t\t\t\t\t\t\t\t\t\t\t<img loading=\"lazy\" decoding=\"async\" width=\"2500\" height=\"1666\" src=\"https:\/\/www.worldcocoaconference.org\/wp-content\/uploads\/2023\/06\/205809_280916_DS3A8309-copy.jpg\" class=\"attachment-large size-large wp-image-1005\" alt=\"\" srcset=\"https:\/\/www.worldcocoaconference.org\/wp-content\/uploads\/2023\/06\/205809_280916_DS3A8309-copy.jpg 2500w, https:\/\/www.worldcocoaconference.org\/wp-content\/uploads\/2023\/06\/205809_280916_DS3A8309-copy-768x512.jpg 768w, https:\/\/www.worldcocoaconference.org\/wp-content\/uploads\/2023\/06\/205809_280916_DS3A8309-copy-1536x1024.jpg 1536w, https:\/\/www.worldcocoaconference.org\/wp-content\/uploads\/2023\/06\/205809_280916_DS3A8309-copy-2048x1365.jpg 2048w\" sizes=\"(max-width: 2500px) 100vw, 2500px\" \/>\t\t\t\t\t\t\t\t\t\t\t\t\t\t\t<\/div>\n\t\t\t\t<\/div>\n\t\t\t\t\t<\/div>\n\t\t<\/div>\n\t\t\t\t\t<\/div>\n\t\t<\/section>\n\t\t\t\t\t<\/div>\n\t\t<\/div>\n\t\t\t\t\t<\/div>\n\t\t<\/section>\n\t\t\t\t<\/div>\n\t\t","protected":false},"excerpt":{"rendered":"<p>Sponsoris\u00e9e par Autoworld The World Cocoa Conference gala dinner will be held on the 23rd of April 2024 at the Autoworld museum, which is also located in the heart of Brussels, and therefore easily accessible by public transport. Le mus\u00e9e est situ\u00e9 dans le Parc du Cinquantenaire, num\u00e9ro 11. L&rsquo;entr\u00e9e du mus\u00e9e est situ\u00e9e sur [&hellip;]<\/p>\n","protected":false},"author":1,"featured_media":0,"parent":0,"menu_order":0,"comment_status":"closed","ping_status":"closed","template":"elementor_header_footer","meta":{"sfsi_plus_gutenberg_text_before_share":"","sfsi_plus_gutenberg_show_text_before_share":"","sfsi_plus_gutenberg_icon_type":"","sfsi_plus_gutenberg_icon_alignemt":"","sfsi_plus_gutenburg_max_per_row":"","_lmt_disableupdate":"","_lmt_disable":"","footnotes":""},"class_list":["post-394","page","type-page","status-publish","hentry"],"_links":{"self":[{"href":"https:\/\/www.worldcocoaconference.org\/fr\/wp-json\/wp\/v2\/pages\/394","targetHints":{"allow":["GET"]}}],"collection":[{"href":"https:\/\/www.worldcocoaconference.org\/fr\/wp-json\/wp\/v2\/pages"}],"about":[{"href":"https:\/\/www.worldcocoaconference.org\/fr\/wp-json\/wp\/v2\/types\/page"}],"author":[{"embeddable":true,"href":"https:\/\/www.worldcocoaconference.org\/fr\/wp-json\/wp\/v2\/users\/1"}],"replies":[{"embeddable":true,"href":"https:\/\/www.worldcocoaconference.org\/fr\/wp-json\/wp\/v2\/comments?post=394"}],"version-history":[{"count":32,"href":"https:\/\/www.worldcocoaconference.org\/fr\/wp-json\/wp\/v2\/pages\/394\/revisions"}],"predecessor-version":[{"id":4901,"href":"https:\/\/www.worldcocoaconference.org\/fr\/wp-json\/wp\/v2\/pages\/394\/revisions\/4901"}],"wp:attachment":[{"href":"https:\/\/www.worldcocoaconference.org\/fr\/wp-json\/wp\/v2\/media?parent=394"}],"curies":[{"name":"wp","href":"https:\/\/api.w.org\/{rel}","templated":true}]}}