{"id":401,"date":"2023-05-09T10:27:07","date_gmt":"2023-05-09T08:27:07","guid":{"rendered":"https:\/\/www.worldcocoaconference.org\/royaume-de-belgique\/"},"modified":"2023-12-20T10:35:21","modified_gmt":"2023-12-20T09:35:21","slug":"royaume-de-belgique","status":"publish","type":"page","link":"https:\/\/www.worldcocoaconference.org\/fr\/royaume-de-belgique\/","title":{"rendered":"Royaume de Belgique"},"content":{"rendered":"\t\t<div data-elementor-type=\"wp-page\" data-elementor-id=\"401\" class=\"elementor elementor-401 elementor-231\" data-elementor-post-type=\"page\">\n\t\t\t\t\t\t<section class=\"elementor-section elementor-top-section elementor-element elementor-element-3ec5a2c elementor-section-boxed elementor-section-height-default elementor-section-height-default\" data-id=\"3ec5a2c\" data-element_type=\"section\" data-e-type=\"section\">\n\t\t\t\t\t\t\t<div class=\"elementor-background-overlay\"><\/div>\n\t\t\t\t\t\t\t<div class=\"elementor-container elementor-column-gap-default\">\n\t\t\t\t\t<div class=\"elementor-column elementor-col-100 elementor-top-column elementor-element elementor-element-8a4081d\" data-id=\"8a4081d\" data-element_type=\"column\" data-e-type=\"column\">\n\t\t\t<div class=\"elementor-widget-wrap elementor-element-populated\">\n\t\t\t\t\t\t<div class=\"elementor-element elementor-element-fe5050e elementor-widget elementor-widget-image\" data-id=\"fe5050e\" data-element_type=\"widget\" data-e-type=\"widget\" data-widget_type=\"image.default\">\n\t\t\t\t<div class=\"elementor-widget-container\">\n\t\t\t\t\t\t\t\t\t\t\t\t\t\t\t<img fetchpriority=\"high\" decoding=\"async\" width=\"1375\" height=\"559\" src=\"https:\/\/www.worldcocoaconference.org\/wp-content\/uploads\/2023\/05\/belgium-kingdom-1.png\" class=\"attachment-large size-large wp-image-234\" alt=\"\" srcset=\"https:\/\/www.worldcocoaconference.org\/wp-content\/uploads\/2023\/05\/belgium-kingdom-1.png 1375w, https:\/\/www.worldcocoaconference.org\/wp-content\/uploads\/2023\/05\/belgium-kingdom-1-768x312.png 768w\" sizes=\"(max-width: 1375px) 100vw, 1375px\" \/>\t\t\t\t\t\t\t\t\t\t\t\t\t\t\t<\/div>\n\t\t\t\t<\/div>\n\t\t\t\t<div class=\"elementor-element elementor-element-6ac98b5 elementor-widget elementor-widget-text-editor\" data-id=\"6ac98b5\" data-element_type=\"widget\" data-e-type=\"widget\" data-widget_type=\"text-editor.default\">\n\t\t\t\t<div class=\"elementor-widget-container\">\n\t\t\t\t\t\t\t\t\t<p>Le Service Public F\u00e9d\u00e9ral Affaires \u00e9trang\u00e8res de Belgique est fier de coorganiser la Conf\u00e9rence mondiale sur le cacao qui se tiendra \u00e0 Bruxelles en avril 2024, pendant la pr\u00e9sidence belge de l\u2019UE. En tant que co-organisateur de cet \u00e9v\u00e9nement international, nous nous engageons \u00e0 promouvoir le d\u00e9veloppement durable dans le secteur du cacao, et \u00e0 renforcer les relations entre les pays producteurs et les pays consommateurs de cacao.<\/p>\n<p>Cette conf\u00e9rence mondiale offre aux acteurs du secteur du cacao, notamment aux producteurs, aux n\u00e9gociants et aux responsables gouvernementaux, l\u2019occasion d\u2019\u00e9changer des id\u00e9es, de partager des exp\u00e9riences et d\u2019\u00e9laborer des strat\u00e9gies et des politiques visant \u00e0 relever les d\u00e9fis auxquels sont confront\u00e9s les agriculteurs et l\u2019industrie cacaoy\u00e8res. En tant que principal importateur et transformateur de f\u00e8ves de cacao, la Belgique reconna\u00eet l\u2019importance de promouvoir la production durable de cacao et de garantir des conditions de travail \u00e9quitables aux cultivateurs. <\/p>\n<p>Aux Affaires \u00e9trang\u00e8res, nous sommes convaincu que le secteur du cacao peut jouer un r\u00f4le essentiel dans la r\u00e9alisation des objectifs de d\u00e9veloppement durable des Nations unies, notamment concernant la r\u00e9duction de la pauvret\u00e9, la promotion de l\u2019\u00e9galit\u00e9 des sexes et la pr\u00e9servation de l\u2019environnement.<\/p>\n<p>En participant \u00e0 la 5\u00e8me World Cocoa Conference, nous esp\u00e9rons contribuer au d\u00e9veloppement d\u2019un secteur cacaoyer durable qui b\u00e9n\u00e9ficie \u00e0 toutes les parties prenantes. D\u00e8s lors, nous nous r\u00e9jouissons d\u2019accueillir des participants du monde entier \u00e0 Bruxelles pour cet \u00e9v\u00e9nement d\u2019envergure. <\/p>\n\t\t\t\t\t\t\t\t<\/div>\n\t\t\t\t<\/div>\n\t\t\t\t<div class=\"elementor-element elementor-element-bc7a028 elementor-widget-divider--view-line elementor-widget elementor-widget-divider\" data-id=\"bc7a028\" data-element_type=\"widget\" data-e-type=\"widget\" data-widget_type=\"divider.default\">\n\t\t\t\t<div class=\"elementor-widget-container\">\n\t\t\t\t\t\t\t<div class=\"elementor-divider\">\n\t\t\t<span class=\"elementor-divider-separator\">\n\t\t\t\t\t\t<\/span>\n\t\t<\/div>\n\t\t\t\t\t\t<\/div>\n\t\t\t\t<\/div>\n\t\t\t\t<div class=\"elementor-element elementor-element-ff44c15 elementor-widget elementor-widget-heading\" data-id=\"ff44c15\" data-element_type=\"widget\" data-e-type=\"widget\" data-widget_type=\"heading.default\">\n\t\t\t\t<div class=\"elementor-widget-container\">\n\t\t\t\t\t<h2 class=\"elementor-heading-title elementor-size-default\">Pr\u00e9sentation rapide <\/h2>\t\t\t\t<\/div>\n\t\t\t\t<\/div>\n\t\t\t\t<div class=\"elementor-element elementor-element-dca3e40 elementor-widget elementor-widget-text-editor\" data-id=\"dca3e40\" data-element_type=\"widget\" data-e-type=\"widget\" data-widget_type=\"text-editor.default\">\n\t\t\t\t<div class=\"elementor-widget-container\">\n\t\t\t\t\t\t\t\t\t<p>Service public f\u00e9d\u00e9ral &#8211; Affaires \u00e9trang\u00e8res, commerce ext\u00e9rieur et coop\u00e9ration au d\u00e9veloppement<\/p>\n\t\t\t\t\t\t\t\t<\/div>\n\t\t\t\t<\/div>\n\t\t\t\t<div class=\"elementor-element elementor-element-0c09ebf elementor-widget elementor-widget-text-editor\" data-id=\"0c09ebf\" data-element_type=\"widget\" data-e-type=\"widget\" data-widget_type=\"text-editor.default\">\n\t\t\t\t<div class=\"elementor-widget-container\">\n\t\t\t\t\t\t\t\t\t<p>Le Service Public F\u00e9d\u00e9ral \u2013 Affaires \u00e9trang\u00e8res (SPF-AE) de Belgique est responsable de l\u2019\u00e9laboration et de la mise en \u0153uvre de la politique \u00e9trang\u00e8re belge ainsi que de la repr\u00e9sentation des int\u00e9r\u00eats de la Belgique \u00e0 l\u2019\u00e9tranger.<\/p>\n<p>Au sein du SPF \u2013 Affaires \u00e9trang\u00e8res, nous nous engageons \u00e0 promouvoir les valeurs et les int\u00e9r\u00eats de la Belgique sur la sc\u00e8ne internationale. Pour ce faire, nous cherchons \u00e0 renforcer les relations de la Belgique avec d\u2019autres pays et organisations internationales, et \u00e0 promouvoir la paix, la d\u00e9mocratie et le d\u00e9veloppement durable dans le monde.<\/p>\n<p>Notre minist\u00e8re est organis\u00e9 en plusieurs directions et services, chacun ayant son propre domaine d\u2019expertise. La Direction g\u00e9n\u00e9rale des affaires multilat\u00e9rales g\u00e8re les relations de la Belgique avec d\u2019autres pays au sein de forums internationaux tels que l\u2019ONU, l\u2019OCDE et l\u2019OTAN, tandis que la Direction g\u00e9n\u00e9rale de la coop\u00e9ration au d\u00e9veloppement s\u2019emploie \u00e0 promouvoir le d\u00e9veloppement durable dans les pays en d\u00e9veloppement. La Direction g\u00e9n\u00e9rale des affaires consulaires fournit quant \u00e0 elle une assistance aux citoyens belges qui voyagent ou vivent \u00e0 l\u2019\u00e9tranger, pendant que la Direction des affaires bilat\u00e9rales suit les relations bilat\u00e9rales de la Belgique avec d\u2019autres pays, et que la Direction g\u00e9n\u00e9rale des affaires europ\u00e9ennes est charg\u00e9e de g\u00e9rer les relations de la Belgique avec l\u2019Union europ\u00e9enne.<\/p>\n<p>Nous travaillons en \u00e9troite collaboration avec d\u2019autres d\u00e9partements gouvernementaux, ainsi qu\u2019avec des organisations de la soci\u00e9t\u00e9 civile et le secteur priv\u00e9, afin de promouvoir les int\u00e9r\u00eats et les valeurs de la Belgique sur la sc\u00e8ne internationale.<\/p>\n\t\t\t\t\t\t\t\t<\/div>\n\t\t\t\t<\/div>\n\t\t\t\t<div class=\"elementor-element elementor-element-a26c065 elementor-widget elementor-widget-text-editor\" data-id=\"a26c065\" data-element_type=\"widget\" data-e-type=\"widget\" data-widget_type=\"text-editor.default\">\n\t\t\t\t<div class=\"elementor-widget-container\">\n\t\t\t\t\t\t\t\t\t<p class=\"p1\"><a href=\"https:\/\/diplomatie.belgium.be\/en\" target=\"_blank\" rel=\"noopener\">site officiel<\/a><\/p>\n\t\t\t\t\t\t\t\t<\/div>\n\t\t\t\t<\/div>\n\t\t\t\t\t<\/div>\n\t\t<\/div>\n\t\t\t\t\t<\/div>\n\t\t<\/section>\n\t\t\t\t<\/div>\n\t\t","protected":false},"excerpt":{"rendered":"<p>Le Service Public F\u00e9d\u00e9ral Affaires \u00e9trang\u00e8res de Belgique est fier de coorganiser la Conf\u00e9rence mondiale sur le cacao qui se tiendra \u00e0 Bruxelles en avril 2024, pendant la pr\u00e9sidence belge de l\u2019UE. En tant que co-organisateur de cet \u00e9v\u00e9nement international, nous nous engageons \u00e0 promouvoir le d\u00e9veloppement durable dans le secteur du cacao, et \u00e0 [&hellip;]<\/p>\n","protected":false},"author":1,"featured_media":0,"parent":0,"menu_order":0,"comment_status":"closed","ping_status":"closed","template":"elementor_header_footer","meta":{"sfsi_plus_gutenberg_text_before_share":"","sfsi_plus_gutenberg_show_text_before_share":"","sfsi_plus_gutenberg_icon_type":"","sfsi_plus_gutenberg_icon_alignemt":"","sfsi_plus_gutenburg_max_per_row":"","_lmt_disableupdate":"","_lmt_disable":"","footnotes":""},"class_list":["post-401","page","type-page","status-publish","hentry"],"_links":{"self":[{"href":"https:\/\/www.worldcocoaconference.org\/fr\/wp-json\/wp\/v2\/pages\/401","targetHints":{"allow":["GET"]}}],"collection":[{"href":"https:\/\/www.worldcocoaconference.org\/fr\/wp-json\/wp\/v2\/pages"}],"about":[{"href":"https:\/\/www.worldcocoaconference.org\/fr\/wp-json\/wp\/v2\/types\/page"}],"author":[{"embeddable":true,"href":"https:\/\/www.worldcocoaconference.org\/fr\/wp-json\/wp\/v2\/users\/1"}],"replies":[{"embeddable":true,"href":"https:\/\/www.worldcocoaconference.org\/fr\/wp-json\/wp\/v2\/comments?post=401"}],"version-history":[{"count":24,"href":"https:\/\/www.worldcocoaconference.org\/fr\/wp-json\/wp\/v2\/pages\/401\/revisions"}],"predecessor-version":[{"id":3200,"href":"https:\/\/www.worldcocoaconference.org\/fr\/wp-json\/wp\/v2\/pages\/401\/revisions\/3200"}],"wp:attachment":[{"href":"https:\/\/www.worldcocoaconference.org\/fr\/wp-json\/wp\/v2\/media?parent=401"}],"curies":[{"name":"wp","href":"https:\/\/api.w.org\/{rel}","templated":true}]}}