{"id":405,"date":"2023-05-08T11:15:38","date_gmt":"2023-05-08T09:15:38","guid":{"rendered":"https:\/\/www.worldcocoaconference.org\/accueil\/"},"modified":"2024-04-17T19:42:02","modified_gmt":"2024-04-17T17:42:02","slug":"accueil","status":"publish","type":"page","link":"https:\/\/www.worldcocoaconference.org\/fr\/","title":{"rendered":"Accueil"},"content":{"rendered":"\t\t<div data-elementor-type=\"wp-page\" data-elementor-id=\"405\" class=\"elementor elementor-405 elementor-18\" data-elementor-post-type=\"page\">\n\t\t\t\t\t\t<section class=\"elementor-section elementor-top-section elementor-element elementor-element-ee3ba79 elementor-section-full_width elementor-section-height-min-height elementor-section-height-default elementor-section-items-middle\" data-id=\"ee3ba79\" data-element_type=\"section\" data-e-type=\"section\" data-settings=\"{&quot;background_background&quot;:&quot;classic&quot;}\">\n\t\t\t\t\t\t<div class=\"elementor-container elementor-column-gap-default\">\n\t\t\t\t\t<div class=\"elementor-column elementor-col-100 elementor-top-column elementor-element elementor-element-0a6bafa\" data-id=\"0a6bafa\" data-element_type=\"column\" data-e-type=\"column\">\n\t\t\t<div class=\"elementor-widget-wrap elementor-element-populated\">\n\t\t\t\t\t\t<div class=\"elementor-element elementor-element-9fcbc7e elementor-widget elementor-widget-heading\" data-id=\"9fcbc7e\" data-element_type=\"widget\" data-e-type=\"widget\" data-widget_type=\"heading.default\">\n\t\t\t\t<div class=\"elementor-widget-container\">\n\t\t\t\t\t<h1 class=\"elementor-heading-title elementor-size-default\">Payer plus pour un cacao durable<\/h1>\t\t\t\t<\/div>\n\t\t\t\t<\/div>\n\t\t\t\t<div class=\"elementor-element elementor-element-58245a4 elementor-widget elementor-widget-heading\" data-id=\"58245a4\" data-element_type=\"widget\" data-e-type=\"widget\" data-widget_type=\"heading.default\">\n\t\t\t\t<div class=\"elementor-widget-container\">\n\t\t\t\t\t<h2 class=\"elementor-heading-title elementor-size-default\">Bruxelles, 21-24 avril 2024<\/h2>\t\t\t\t<\/div>\n\t\t\t\t<\/div>\n\t\t\t\t\t<\/div>\n\t\t<\/div>\n\t\t\t\t\t<\/div>\n\t\t<\/section>\n\t\t\t\t<section class=\"elementor-section elementor-top-section elementor-element elementor-element-3ec5a2c elementor-section-boxed elementor-section-height-default elementor-section-height-default\" data-id=\"3ec5a2c\" data-element_type=\"section\" data-e-type=\"section\">\n\t\t\t\t\t\t\t<div class=\"elementor-background-overlay\"><\/div>\n\t\t\t\t\t\t\t<div class=\"elementor-container elementor-column-gap-default\">\n\t\t\t\t\t<div class=\"elementor-column elementor-col-100 elementor-top-column elementor-element elementor-element-8a4081d\" data-id=\"8a4081d\" data-element_type=\"column\" data-e-type=\"column\">\n\t\t\t<div class=\"elementor-widget-wrap elementor-element-populated\">\n\t\t\t\t\t\t<div class=\"elementor-element elementor-element-e760e55 elementor-widget elementor-widget-heading\" data-id=\"e760e55\" data-element_type=\"widget\" data-e-type=\"widget\" data-widget_type=\"heading.default\">\n\t\t\t\t<div class=\"elementor-widget-container\">\n\t\t\t\t\t<h2 class=\"elementor-heading-title elementor-size-default\">L'\u00e9v\u00e9nement majeur sur la durabilit\u00e9 du secteur du cacao<\/h2>\t\t\t\t<\/div>\n\t\t\t\t<\/div>\n\t\t\t\t<div class=\"elementor-element elementor-element-6f39a30 elementor-widget elementor-widget-text-editor\" data-id=\"6f39a30\" data-element_type=\"widget\" data-e-type=\"widget\" data-widget_type=\"text-editor.default\">\n\t\t\t\t<div class=\"elementor-widget-container\">\n\t\t\t\t\t\t\t\t\t<h2 class=\"p1\">Une opportunit\u00e9 unique de mise en r\u00e9seau<\/h2>\n<p>La Conf\u00e9rence Mondiale du Cacao est un \u00e9v\u00e9nement de premier plan dans l&rsquo;industrie du cacao et du chocolat, car elle r\u00e9unit tous les acteurs de la cha\u00eene de valeur du cacao : gouvernements, cacaoculteurs, coop\u00e9ratives, exportateurs, n\u00e9gociants, fabricants, marques, d\u00e9taillants, institutions financi\u00e8res, soci\u00e9t\u00e9s de logistique, agences d\u2019aide internationale et de d\u00e9veloppement, universitaires, etc. Ces participants venus du monde entier ont ainsi l\u2019occasion d\u2019\u00e9changer leurs points de vue et d\u2019identifier des solutions pour assurer la durabilit\u00e9 du secteur.<\/p>\n\t\t\t\t\t\t\t\t<\/div>\n\t\t\t\t<\/div>\n\t\t\t\t\t<\/div>\n\t\t<\/div>\n\t\t\t\t\t<\/div>\n\t\t<\/section>\n\t\t\t\t<section class=\"elementor-section elementor-top-section elementor-element elementor-element-c7d5c89 elementor-section-boxed elementor-section-height-default elementor-section-height-default\" data-id=\"c7d5c89\" data-element_type=\"section\" data-e-type=\"section\">\n\t\t\t\t\t\t<div class=\"elementor-container elementor-column-gap-default\">\n\t\t\t\t\t<div class=\"elementor-column elementor-col-33 elementor-top-column elementor-element elementor-element-1cda6d8\" data-id=\"1cda6d8\" data-element_type=\"column\" data-e-type=\"column\" data-settings=\"{&quot;background_background&quot;:&quot;classic&quot;}\">\n\t\t\t<div class=\"elementor-widget-wrap elementor-element-populated\">\n\t\t\t\t\t\t<section class=\"elementor-section elementor-inner-section elementor-element elementor-element-9dc8b5f elementor-section-boxed elementor-section-height-default elementor-section-height-default\" data-id=\"9dc8b5f\" data-element_type=\"section\" data-e-type=\"section\">\n\t\t\t\t\t\t<div class=\"elementor-container elementor-column-gap-default\">\n\t\t\t\t\t<div class=\"elementor-column elementor-col-100 elementor-inner-column elementor-element elementor-element-b7d0a35\" data-id=\"b7d0a35\" data-element_type=\"column\" data-e-type=\"column\">\n\t\t\t<div class=\"elementor-widget-wrap elementor-element-populated\">\n\t\t\t\t\t\t<div class=\"elementor-element elementor-element-5b07faf elementor-widget elementor-widget-text-editor\" data-id=\"5b07faf\" data-element_type=\"widget\" data-e-type=\"widget\" data-widget_type=\"text-editor.default\">\n\t\t\t\t<div class=\"elementor-widget-container\">\n\t\t\t\t\t\t\t\t\t<p><strong><em>Objectif de l&rsquo;\u00e9v\u00e9nement <\/em><\/strong><\/p>\n<p>La conf\u00e9rence vise \u00e0 fournir aux acteurs les moyens d\u2019identifier les d\u00e9fis \u00e9conomiques, sociaux et environnementaux auxquels le secteur du cacao est confront\u00e9. Elle a \u00e9galement pour objectif d\u2019\u00e9valuer l\u2019efficacit\u00e9 des initiatives prises par les parties prenantes pour traiter ces questions et adapter les strat\u00e9gies futures.<\/p>\n\t\t\t\t\t\t\t\t<\/div>\n\t\t\t\t<\/div>\n\t\t\t\t<div class=\"elementor-element elementor-element-dc33446 elementor-widget elementor-widget-image\" data-id=\"dc33446\" data-element_type=\"widget\" data-e-type=\"widget\" data-widget_type=\"image.default\">\n\t\t\t\t<div class=\"elementor-widget-container\">\n\t\t\t\t\t\t\t\t\t\t\t\t\t\t\t<img fetchpriority=\"high\" decoding=\"async\" width=\"310\" height=\"310\" src=\"https:\/\/www.worldcocoaconference.org\/wp-content\/uploads\/2023\/06\/target-1.png\" class=\"attachment-large size-large wp-image-1462\" alt=\"\" \/>\t\t\t\t\t\t\t\t\t\t\t\t\t\t\t<\/div>\n\t\t\t\t<\/div>\n\t\t\t\t\t<\/div>\n\t\t<\/div>\n\t\t\t\t\t<\/div>\n\t\t<\/section>\n\t\t\t\t\t<\/div>\n\t\t<\/div>\n\t\t\t\t<div class=\"elementor-column elementor-col-33 elementor-top-column elementor-element elementor-element-5f6c19a\" data-id=\"5f6c19a\" data-element_type=\"column\" data-e-type=\"column\" data-settings=\"{&quot;background_background&quot;:&quot;classic&quot;}\">\n\t\t\t<div class=\"elementor-widget-wrap elementor-element-populated\">\n\t\t\t\t\t\t<section class=\"elementor-section elementor-inner-section elementor-element elementor-element-2b1766a elementor-section-boxed elementor-section-height-default elementor-section-height-default\" data-id=\"2b1766a\" data-element_type=\"section\" data-e-type=\"section\">\n\t\t\t\t\t\t<div class=\"elementor-container elementor-column-gap-default\">\n\t\t\t\t\t<div class=\"elementor-column elementor-col-100 elementor-inner-column elementor-element elementor-element-d7e98b4\" data-id=\"d7e98b4\" data-element_type=\"column\" data-e-type=\"column\">\n\t\t\t<div class=\"elementor-widget-wrap elementor-element-populated\">\n\t\t\t\t\t\t<div class=\"elementor-element elementor-element-f29b9c1 elementor-widget elementor-widget-text-editor\" data-id=\"f29b9c1\" data-element_type=\"widget\" data-e-type=\"widget\" data-widget_type=\"text-editor.default\">\n\t\t\t\t<div class=\"elementor-widget-container\">\n\t\t\t\t\t\t\t\t\t<p><strong><em>Th\u00e8mes abord\u00e9s <\/em><\/strong><\/p>\n<p>Les parties prenantes ont une occasion unique de pr\u00e9senter les progr\u00e8s r\u00e9alis\u00e9s dans leurs initiatives et leurs nouveaut\u00e9s, tout en engageant des discussions constructives sur un large \u00e9ventail de sujets pertinents, parmi lesquels : le revenu et les moyens de subsistance des agriculteurs, les mod\u00e8les agricoles, l&rsquo;\u00e9galit\u00e9 des sexes, les droits de l&rsquo;homme, la d\u00e9forestation et d&rsquo;autres questions environnementales, les nouveaux produits de cacao, les tendances et les perspectives du march\u00e9 et des consommateurs, les structures et les politiques de gouvernance, etc.<\/p>\n\t\t\t\t\t\t\t\t<\/div>\n\t\t\t\t<\/div>\n\t\t\t\t<div class=\"elementor-element elementor-element-32d4f5c elementor-widget elementor-widget-image\" data-id=\"32d4f5c\" data-element_type=\"widget\" data-e-type=\"widget\" data-widget_type=\"image.default\">\n\t\t\t\t<div class=\"elementor-widget-container\">\n\t\t\t\t\t\t\t\t\t\t\t\t\t\t\t<img decoding=\"async\" width=\"500\" height=\"500\" src=\"https:\/\/www.worldcocoaconference.org\/wp-content\/uploads\/2023\/06\/networking.png\" class=\"attachment-large size-large wp-image-1437\" alt=\"\" \/>\t\t\t\t\t\t\t\t\t\t\t\t\t\t\t<\/div>\n\t\t\t\t<\/div>\n\t\t\t\t\t<\/div>\n\t\t<\/div>\n\t\t\t\t\t<\/div>\n\t\t<\/section>\n\t\t\t\t\t<\/div>\n\t\t<\/div>\n\t\t\t\t<div class=\"elementor-column elementor-col-33 elementor-top-column elementor-element elementor-element-3830fa9\" data-id=\"3830fa9\" data-element_type=\"column\" data-e-type=\"column\" data-settings=\"{&quot;background_background&quot;:&quot;classic&quot;}\">\n\t\t\t<div class=\"elementor-widget-wrap elementor-element-populated\">\n\t\t\t\t\t\t<section class=\"elementor-section elementor-inner-section elementor-element elementor-element-e2b9bd7 elementor-section-boxed elementor-section-height-default elementor-section-height-default\" data-id=\"e2b9bd7\" data-element_type=\"section\" data-e-type=\"section\">\n\t\t\t\t\t\t<div class=\"elementor-container elementor-column-gap-default\">\n\t\t\t\t\t<div class=\"elementor-column elementor-col-100 elementor-inner-column elementor-element elementor-element-b1529ad\" data-id=\"b1529ad\" data-element_type=\"column\" data-e-type=\"column\">\n\t\t\t<div class=\"elementor-widget-wrap elementor-element-populated\">\n\t\t\t\t\t\t<div class=\"elementor-element elementor-element-789d665 elementor-widget elementor-widget-text-editor\" data-id=\"789d665\" data-element_type=\"widget\" data-e-type=\"widget\" data-widget_type=\"text-editor.default\">\n\t\t\t\t<div class=\"elementor-widget-container\">\n\t\t\t\t\t\t\t\t\t<p><strong><em>Exposition et \u00e9v\u00e9nements parall\u00e8les  <\/em><\/strong><\/p>\n<p>La Conf\u00e9rence Mondiale du Cacao sera accompagn\u00e9e d\u2019une exposition et d\u2019un certain nombre d\u2019\u00e9v\u00e9nements parall\u00e8les, cr\u00e9ant ainsi un espace propice \u00e0 l&rsquo;apprentissage, \u00e0 l&rsquo;\u00e9tablissement de r\u00e9seaux et aux \u00e9changes au sein de la communaut\u00e9 mondiale du cacao.<\/p>\n\t\t\t\t\t\t\t\t<\/div>\n\t\t\t\t<\/div>\n\t\t\t\t<div class=\"elementor-element elementor-element-b438b2f elementor-widget elementor-widget-image\" data-id=\"b438b2f\" data-element_type=\"widget\" data-e-type=\"widget\" data-widget_type=\"image.default\">\n\t\t\t\t<div class=\"elementor-widget-container\">\n\t\t\t\t\t\t\t\t\t\t\t\t\t\t\t<img decoding=\"async\" width=\"338\" height=\"264\" src=\"https:\/\/www.worldcocoaconference.org\/wp-content\/uploads\/2023\/06\/Artboard-1-2.png\" class=\"attachment-large size-large wp-image-1446\" alt=\"\" \/>\t\t\t\t\t\t\t\t\t\t\t\t\t\t\t<\/div>\n\t\t\t\t<\/div>\n\t\t\t\t\t<\/div>\n\t\t<\/div>\n\t\t\t\t\t<\/div>\n\t\t<\/section>\n\t\t\t\t\t<\/div>\n\t\t<\/div>\n\t\t\t\t\t<\/div>\n\t\t<\/section>\n\t\t\t\t<section class=\"elementor-section elementor-top-section elementor-element elementor-element-68ba2de elementor-section-boxed elementor-section-height-default elementor-section-height-default\" data-id=\"68ba2de\" data-element_type=\"section\" data-e-type=\"section\">\n\t\t\t\t\t\t<div class=\"elementor-container elementor-column-gap-default\">\n\t\t\t\t\t<div class=\"elementor-column elementor-col-100 elementor-top-column elementor-element elementor-element-9acb074\" data-id=\"9acb074\" data-element_type=\"column\" data-e-type=\"column\" data-settings=\"{&quot;background_background&quot;:&quot;classic&quot;}\">\n\t\t\t<div class=\"elementor-widget-wrap elementor-element-populated\">\n\t\t\t\t\t\t<section class=\"elementor-section elementor-inner-section elementor-element elementor-element-69dbc0a elementor-section-boxed elementor-section-height-default elementor-section-height-default\" data-id=\"69dbc0a\" data-element_type=\"section\" data-e-type=\"section\">\n\t\t\t\t\t\t<div class=\"elementor-container elementor-column-gap-default\">\n\t\t\t\t\t<div class=\"elementor-column elementor-col-50 elementor-inner-column elementor-element elementor-element-1df737d\" data-id=\"1df737d\" data-element_type=\"column\" data-e-type=\"column\">\n\t\t\t<div class=\"elementor-widget-wrap elementor-element-populated\">\n\t\t\t\t\t\t<div class=\"elementor-element elementor-element-5b0ab85 elementor-widget elementor-widget-text-editor\" data-id=\"5b0ab85\" data-element_type=\"widget\" data-e-type=\"widget\" data-widget_type=\"text-editor.default\">\n\t\t\t\t<div class=\"elementor-widget-container\">\n\t\t\t\t\t\t\t\t\t<p><strong><em>En savoir plus sur les \u00e9ditions pr\u00e9c\u00e9dentes :<\/em><\/strong><\/p>\n<p>La quatri\u00e8me \u00e9dition de la Conf\u00e9rence mondiale sur le cacao, qui s&rsquo;est tenue \u00e0 Berlin (Allemagne) en 2018, a attir\u00e9 plus de 1 500 acteurs de l&rsquo;industrie du cacao dans le monde entier. Organis\u00e9 par l\u2019ICCO et gracieusement accueilli par le gouvernement de la R\u00e9publique f\u00e9d\u00e9rale d\u2019Allemagne, cet \u00e9v\u00e9nement a offert une plateforme privil\u00e9gi\u00e9e aux experts, aux agriculteurs, aux n\u00e9gociants et aux d\u00e9cideurs politiques pour discuter des pratiques durables, des tendances du march\u00e9 et des avanc\u00e9es dans le secteur du cacao. Les participants ont assist\u00e9 \u00e0 des pr\u00e9sentations attrayantes, \u00e0 des ateliers et \u00e0 des occasions de r\u00e9seautage, tous destin\u00e9s \u00e0 favoriser la collaboration et \u00e0 susciter des changements positifs dans le secteur. Cette \u00e9dition a donc marqu\u00e9 une avanc\u00e9e majeure dans la r\u00e9solution des probl\u00e8mes auxquels est confront\u00e9 le secteur du cacao. Les engagements pris lors de la conf\u00e9rence ont contribu\u00e9 \u00e0 garantir la durabilit\u00e9, l\u2019\u00e9quitabilit\u00e9 et l\u2019innovation dans le secteur du cacao.<\/p>\n\t\t\t\t\t\t\t\t<\/div>\n\t\t\t\t<\/div>\n\t\t\t\t\t<\/div>\n\t\t<\/div>\n\t\t\t\t<div class=\"elementor-column elementor-col-50 elementor-inner-column elementor-element elementor-element-8798929\" data-id=\"8798929\" data-element_type=\"column\" data-e-type=\"column\">\n\t\t\t<div class=\"elementor-widget-wrap elementor-element-populated\">\n\t\t\t\t\t\t<div class=\"elementor-element elementor-element-8b993d9 elementor-widget elementor-widget-image\" data-id=\"8b993d9\" data-element_type=\"widget\" data-e-type=\"widget\" data-widget_type=\"image.default\">\n\t\t\t\t<div class=\"elementor-widget-container\">\n\t\t\t\t\t\t\t\t\t\t\t\t\t\t\t<img loading=\"lazy\" decoding=\"async\" width=\"1784\" height=\"1598\" src=\"https:\/\/www.worldcocoaconference.org\/wp-content\/uploads\/2023\/06\/previous-1.png\" class=\"attachment-large size-large wp-image-1459\" alt=\"\" srcset=\"https:\/\/www.worldcocoaconference.org\/wp-content\/uploads\/2023\/06\/previous-1.png 1784w, https:\/\/www.worldcocoaconference.org\/wp-content\/uploads\/2023\/06\/previous-1-768x688.png 768w, https:\/\/www.worldcocoaconference.org\/wp-content\/uploads\/2023\/06\/previous-1-1536x1376.png 1536w\" sizes=\"(max-width: 1784px) 100vw, 1784px\" \/>\t\t\t\t\t\t\t\t\t\t\t\t\t\t\t<\/div>\n\t\t\t\t<\/div>\n\t\t\t\t\t<\/div>\n\t\t<\/div>\n\t\t\t\t\t<\/div>\n\t\t<\/section>\n\t\t\t\t\t<\/div>\n\t\t<\/div>\n\t\t\t\t\t<\/div>\n\t\t<\/section>\n\t\t\t\t<section class=\"elementor-section elementor-top-section elementor-element elementor-element-c3c6616 elementor-section-boxed elementor-section-height-default elementor-section-height-default\" data-id=\"c3c6616\" data-element_type=\"section\" data-e-type=\"section\">\n\t\t\t\t\t\t<div class=\"elementor-container elementor-column-gap-default\">\n\t\t\t\t\t<div class=\"elementor-column elementor-col-100 elementor-top-column elementor-element elementor-element-21f9bd5\" data-id=\"21f9bd5\" data-element_type=\"column\" data-e-type=\"column\">\n\t\t\t<div class=\"elementor-widget-wrap elementor-element-populated\">\n\t\t\t\t\t\t<div class=\"elementor-element elementor-element-31084a3 elementor-widget-divider--view-line elementor-widget elementor-widget-divider\" data-id=\"31084a3\" data-element_type=\"widget\" data-e-type=\"widget\" data-widget_type=\"divider.default\">\n\t\t\t\t<div class=\"elementor-widget-container\">\n\t\t\t\t\t\t\t<div class=\"elementor-divider\">\n\t\t\t<span class=\"elementor-divider-separator\">\n\t\t\t\t\t\t<\/span>\n\t\t<\/div>\n\t\t\t\t\t\t<\/div>\n\t\t\t\t<\/div>\n\t\t\t\t\t<\/div>\n\t\t<\/div>\n\t\t\t\t\t<\/div>\n\t\t<\/section>\n\t\t\t\t<section class=\"elementor-section elementor-top-section elementor-element elementor-element-9f0d6e4 elementor-section-boxed elementor-section-height-default elementor-section-height-default\" data-id=\"9f0d6e4\" data-element_type=\"section\" data-e-type=\"section\">\n\t\t\t\t\t\t<div class=\"elementor-container elementor-column-gap-default\">\n\t\t\t\t\t<div class=\"elementor-column elementor-col-100 elementor-top-column elementor-element elementor-element-628c2b8\" data-id=\"628c2b8\" data-element_type=\"column\" data-e-type=\"column\">\n\t\t\t<div class=\"elementor-widget-wrap elementor-element-populated\">\n\t\t\t\t\t\t<section class=\"elementor-section elementor-inner-section elementor-element elementor-element-6508cad elementor-section-boxed elementor-section-height-default elementor-section-height-default\" data-id=\"6508cad\" data-element_type=\"section\" data-e-type=\"section\">\n\t\t\t\t\t\t<div class=\"elementor-container elementor-column-gap-default\">\n\t\t\t\t\t<div class=\"elementor-column elementor-col-50 elementor-inner-column elementor-element elementor-element-bff1afc\" data-id=\"bff1afc\" data-element_type=\"column\" data-e-type=\"column\">\n\t\t\t<div class=\"elementor-widget-wrap elementor-element-populated\">\n\t\t\t\t\t\t<div class=\"elementor-element elementor-element-f7b6e45 elementor-align-center elementor-widget elementor-widget-button\" data-id=\"f7b6e45\" data-element_type=\"widget\" data-e-type=\"widget\" data-widget_type=\"button.default\">\n\t\t\t\t<div class=\"elementor-widget-container\">\n\t\t\t\t\t\t\t\t\t<div class=\"elementor-button-wrapper\">\n\t\t\t\t\t<a class=\"elementor-button elementor-button-link elementor-size-sm\" href=\"https:\/\/www.worldcocoaconference.org\/fr\/inscription\/\">\n\t\t\t\t\t\t<span class=\"elementor-button-content-wrapper\">\n\t\t\t\t\t\t\t\t\t<span class=\"elementor-button-text\">Inscrivez-vous ici<\/span>\n\t\t\t\t\t<\/span>\n\t\t\t\t\t<\/a>\n\t\t\t\t<\/div>\n\t\t\t\t\t\t\t\t<\/div>\n\t\t\t\t<\/div>\n\t\t\t\t\t<\/div>\n\t\t<\/div>\n\t\t\t\t<div class=\"elementor-column elementor-col-50 elementor-inner-column elementor-element elementor-element-4845940\" data-id=\"4845940\" data-element_type=\"column\" data-e-type=\"column\">\n\t\t\t<div class=\"elementor-widget-wrap elementor-element-populated\">\n\t\t\t\t\t\t<div class=\"elementor-element elementor-element-ce9126e elementor-align-center elementor-widget elementor-widget-button\" data-id=\"ce9126e\" data-element_type=\"widget\" data-e-type=\"widget\" data-widget_type=\"button.default\">\n\t\t\t\t<div class=\"elementor-widget-container\">\n\t\t\t\t\t\t\t\t\t<div class=\"elementor-button-wrapper\">\n\t\t\t\t\t<a class=\"elementor-button elementor-button-link elementor-size-sm\" href=\"https:\/\/www.worldcocoaconference.org\/fr\/possibilites-de-parrainage-et-dexposition\/\">\n\t\t\t\t\t\t<span class=\"elementor-button-content-wrapper\">\n\t\t\t\t\t\t\t\t\t<span class=\"elementor-button-text\">Devenir sponsor\/exposant<\/span>\n\t\t\t\t\t<\/span>\n\t\t\t\t\t<\/a>\n\t\t\t\t<\/div>\n\t\t\t\t\t\t\t\t<\/div>\n\t\t\t\t<\/div>\n\t\t\t\t\t<\/div>\n\t\t<\/div>\n\t\t\t\t\t<\/div>\n\t\t<\/section>\n\t\t\t\t\t<\/div>\n\t\t<\/div>\n\t\t\t\t\t<\/div>\n\t\t<\/section>\n\t\t\t\t<\/div>\n\t\t","protected":false},"excerpt":{"rendered":"<p>Payer plus pour un cacao durable Bruxelles, 21-24 avril 2024 L&rsquo;\u00e9v\u00e9nement majeur sur la durabilit\u00e9 du secteur du cacao Une opportunit\u00e9 unique de mise en r\u00e9seau La Conf\u00e9rence Mondiale du Cacao est un \u00e9v\u00e9nement de premier plan dans l&rsquo;industrie du cacao et du chocolat, car elle r\u00e9unit tous les acteurs de la cha\u00eene de valeur [&hellip;]<\/p>\n","protected":false},"author":1,"featured_media":0,"parent":0,"menu_order":0,"comment_status":"closed","ping_status":"closed","template":"elementor_header_footer","meta":{"sfsi_plus_gutenberg_text_before_share":"","sfsi_plus_gutenberg_show_text_before_share":"","sfsi_plus_gutenberg_icon_type":"","sfsi_plus_gutenberg_icon_alignemt":"","sfsi_plus_gutenburg_max_per_row":"","_lmt_disableupdate":"","_lmt_disable":"","footnotes":""},"class_list":["post-405","page","type-page","status-publish","hentry"],"_links":{"self":[{"href":"https:\/\/www.worldcocoaconference.org\/fr\/wp-json\/wp\/v2\/pages\/405","targetHints":{"allow":["GET"]}}],"collection":[{"href":"https:\/\/www.worldcocoaconference.org\/fr\/wp-json\/wp\/v2\/pages"}],"about":[{"href":"https:\/\/www.worldcocoaconference.org\/fr\/wp-json\/wp\/v2\/types\/page"}],"author":[{"embeddable":true,"href":"https:\/\/www.worldcocoaconference.org\/fr\/wp-json\/wp\/v2\/users\/1"}],"replies":[{"embeddable":true,"href":"https:\/\/www.worldcocoaconference.org\/fr\/wp-json\/wp\/v2\/comments?post=405"}],"version-history":[{"count":59,"href":"https:\/\/www.worldcocoaconference.org\/fr\/wp-json\/wp\/v2\/pages\/405\/revisions"}],"predecessor-version":[{"id":5003,"href":"https:\/\/www.worldcocoaconference.org\/fr\/wp-json\/wp\/v2\/pages\/405\/revisions\/5003"}],"wp:attachment":[{"href":"https:\/\/www.worldcocoaconference.org\/fr\/wp-json\/wp\/v2\/media?parent=405"}],"curies":[{"name":"wp","href":"https:\/\/api.w.org\/{rel}","templated":true}]}}