{"id":461,"date":"2023-05-09T10:59:19","date_gmt":"2023-05-09T08:59:19","guid":{"rendered":"https:\/\/www.worldcocoaconference.org\/lieu\/"},"modified":"2024-01-23T16:36:31","modified_gmt":"2024-01-23T15:36:31","slug":"lieu","status":"publish","type":"page","link":"https:\/\/www.worldcocoaconference.org\/fr\/lieu\/","title":{"rendered":"Lieu"},"content":{"rendered":"\t\t<div data-elementor-type=\"wp-page\" data-elementor-id=\"461\" class=\"elementor elementor-461 elementor-250\" data-elementor-post-type=\"page\">\n\t\t\t\t\t\t<section class=\"elementor-section elementor-top-section elementor-element elementor-element-659fafb elementor-section-height-min-height elementor-section-full_width elementor-section-height-default elementor-section-items-middle\" data-id=\"659fafb\" data-element_type=\"section\" data-e-type=\"section\" data-settings=\"{&quot;background_background&quot;:&quot;classic&quot;}\">\n\t\t\t\t\t\t<div class=\"elementor-container elementor-column-gap-default\">\n\t\t\t\t\t<div class=\"elementor-column elementor-col-100 elementor-top-column elementor-element elementor-element-3f59c2d\" data-id=\"3f59c2d\" data-element_type=\"column\" data-e-type=\"column\">\n\t\t\t<div class=\"elementor-widget-wrap\">\n\t\t\t\t\t\t\t<\/div>\n\t\t<\/div>\n\t\t\t\t\t<\/div>\n\t\t<\/section>\n\t\t\t\t<section class=\"elementor-section elementor-top-section elementor-element elementor-element-3ec5a2c elementor-section-boxed elementor-section-height-default elementor-section-height-default\" data-id=\"3ec5a2c\" data-element_type=\"section\" data-e-type=\"section\">\n\t\t\t\t\t\t\t<div class=\"elementor-background-overlay\"><\/div>\n\t\t\t\t\t\t\t<div class=\"elementor-container elementor-column-gap-default\">\n\t\t\t\t\t<div class=\"elementor-column elementor-col-100 elementor-top-column elementor-element elementor-element-8a4081d\" data-id=\"8a4081d\" data-element_type=\"column\" data-e-type=\"column\">\n\t\t\t<div class=\"elementor-widget-wrap elementor-element-populated\">\n\t\t\t\t\t\t<div class=\"elementor-element elementor-element-1ff3135 elementor-widget elementor-widget-heading\" data-id=\"1ff3135\" data-element_type=\"widget\" data-e-type=\"widget\" data-widget_type=\"heading.default\">\n\t\t\t\t<div class=\"elementor-widget-container\">\n\t\t\t\t\t<h2 class=\"elementor-heading-title elementor-size-default\">Bruxelles &amp; Belgique<\/h2>\t\t\t\t<\/div>\n\t\t\t\t<\/div>\n\t\t\t\t<div class=\"elementor-element elementor-element-68f8b3a elementor-widget elementor-widget-text-editor\" data-id=\"68f8b3a\" data-element_type=\"widget\" data-e-type=\"widget\" data-widget_type=\"text-editor.default\">\n\t\t\t\t<div class=\"elementor-widget-container\">\n\t\t\t\t\t\t\t\t\t<h2>Bienvenue \u00e0 Bruxelles et en Belgique !<\/h2><p>Nous sommes ravis de vous accueillir pour la 5\u00e8me World Cocoa Conference 2024, qui se tiendra au Square Brussels Convention Center, id\u00e9alement situ\u00e9 au c\u0153ur de la ville. Le centre est facilement accessible gr\u00e2ce \u00e0 un excellent r\u00e9seau de transports en commun, comprenant de nombreuses lignes de bus, de tramway et de m\u00e9tro \u00e0 proximit\u00e9. <br \/>La Belgique est un petit pays tr\u00e8s diversifi\u00e9, poss\u00e9dant un riche h\u00e9ritage culturel et une vari\u00e9t\u00e9 de langues parl\u00e9es dans tout le pays. Ses trois langues officielles sont le n\u00e9erlandais, le fran\u00e7ais et l\u2019allemand, mais l\u2019anglais est \u00e9galement pratiqu\u00e9. L&rsquo;anglais est \u00e9galement largement parl\u00e9. En tant que capitale et si\u00e8ge de l&rsquo;Union europ\u00e9enne, Bruxelles est une ville multiculturelle qui accueille des personnes du monde entier. M\u00e9tropole vivante et dynamique, elleabrite de nombreuses organisations internationales, dont l\u2019Union europ\u00e9enne et l\u2019OTAN. <br \/>En explorant Bruxelles, nous vous invitons \u00e0 d\u00e9couvrir les nombreuses attractions de la ville, notamment la c\u00e9l\u00e8bre Grand Place, l&rsquo;Atomium et le quartier europ\u00e9en, o\u00f9 vous pourrez vous familiariser avec le travail quotidien de l&rsquo;Union europ\u00e9enne. Les nombreux restaurants et caf\u00e9s de la ville proposent \u00e9galement une d\u00e9licieuse cuisine belge, avec des sp\u00e9cialit\u00e9s telles que les gaufres, le chocolat et la bi\u00e8re. <br \/>Nous esp\u00e9rons que vous passerez un agr\u00e9able moment lors de la 5\u00e8me World Cocoa Conference 2024 et que vous repartirez avec de beaux souvenirs de notre magnifique pays.<\/p>\t\t\t\t\t\t\t\t<\/div>\n\t\t\t\t<\/div>\n\t\t\t\t<div class=\"elementor-element elementor-element-e760e55 elementor-widget elementor-widget-heading\" data-id=\"e760e55\" data-element_type=\"widget\" data-e-type=\"widget\" data-widget_type=\"heading.default\">\n\t\t\t\t<div class=\"elementor-widget-container\">\n\t\t\t\t\t<h2 class=\"elementor-heading-title elementor-size-default\">The Square<\/h2>\t\t\t\t<\/div>\n\t\t\t\t<\/div>\n\t\t\t\t<section class=\"elementor-section elementor-inner-section elementor-element elementor-element-b176419 elementor-section-boxed elementor-section-height-default elementor-section-height-default\" data-id=\"b176419\" data-element_type=\"section\" data-e-type=\"section\">\n\t\t\t\t\t\t<div class=\"elementor-container elementor-column-gap-custom\">\n\t\t\t\t\t<div class=\"elementor-column elementor-col-100 elementor-inner-column elementor-element elementor-element-94a7600\" data-id=\"94a7600\" data-element_type=\"column\" data-e-type=\"column\">\n\t\t\t<div class=\"elementor-widget-wrap elementor-element-populated\">\n\t\t\t\t\t\t<div class=\"elementor-element elementor-element-6f39a30 elementor-widget elementor-widget-text-editor\" data-id=\"6f39a30\" data-element_type=\"widget\" data-e-type=\"widget\" data-widget_type=\"text-editor.default\">\n\t\t\t\t<div class=\"elementor-widget-container\">\n\t\t\t\t\t\t\t\t\t<p>La conf\u00e9rence aura lieu au Square Brussels Convention Center, situ\u00e9 au centre de Bruxelles et facilement accessible.<\/p><p>The Square Brussels est situ\u00e9 dans le c\u00e9l\u00e8bre site belge du <em>Mont des Arts<\/em>.<\/p><p>Il est facilement accessible par les transports en commun, les arr\u00eats les plus proches \u00e9tant <em>Gare Centrale<\/em> sur les <strong>lignes de m\u00e9tro 1 et 5<\/strong>, et <em>Palais ou Royale<\/em> sur les lignes de <strong>tramway 92 et 93<\/strong>.<\/p><p>Sur son site web, le Square Bruxelles propose une mani\u00e8re unique et interactive de guider les participants \u00e0 la conf\u00e9rence, avec une <strong>visite virtuelle immersive du b\u00e2timent<\/strong> qui permet aux visiteurs d&rsquo;explorer diff\u00e9rentes zones du b\u00e2timent et d&rsquo;avoir une meilleure compr\u00e9hension des installations de conf\u00e9rence.<\/p><p><strong>Pour plus d\u2019informations sur Square Brussels Convention Center, nous vous invitons \u00e0 suivre ce lien :<\/strong> <a href=\"https:\/\/www.square-brussels.com\/guidedtour\/index.htm\" target=\"_blank\" rel=\"noopener\">SQUARE-Bruxelles<\/a><\/p>\t\t\t\t\t\t\t\t<\/div>\n\t\t\t\t<\/div>\n\t\t\t\t\t<\/div>\n\t\t<\/div>\n\t\t\t\t\t<\/div>\n\t\t<\/section>\n\t\t\t\t<section class=\"elementor-section elementor-inner-section elementor-element elementor-element-7ead207 elementor-section-boxed elementor-section-height-default elementor-section-height-default\" data-id=\"7ead207\" data-element_type=\"section\" data-e-type=\"section\">\n\t\t\t\t\t\t<div class=\"elementor-container elementor-column-gap-custom\">\n\t\t\t\t\t<div class=\"elementor-column elementor-col-50 elementor-inner-column elementor-element elementor-element-168e869\" data-id=\"168e869\" data-element_type=\"column\" data-e-type=\"column\">\n\t\t\t<div class=\"elementor-widget-wrap elementor-element-populated\">\n\t\t\t\t\t\t<div class=\"elementor-element elementor-element-4f19dce elementor-widget elementor-widget-image\" data-id=\"4f19dce\" data-element_type=\"widget\" data-e-type=\"widget\" data-widget_type=\"image.default\">\n\t\t\t\t<div class=\"elementor-widget-container\">\n\t\t\t\t\t\t\t\t\t\t\t\t\t\t\t<img fetchpriority=\"high\" decoding=\"async\" width=\"1200\" height=\"1700\" src=\"https:\/\/www.worldcocoaconference.org\/wp-content\/uploads\/2023\/06\/07-copy-1.jpg\" class=\"attachment-large size-large wp-image-1067\" alt=\"\" srcset=\"https:\/\/www.worldcocoaconference.org\/wp-content\/uploads\/2023\/06\/07-copy-1.jpg 1200w, https:\/\/www.worldcocoaconference.org\/wp-content\/uploads\/2023\/06\/07-copy-1-768x1088.jpg 768w, https:\/\/www.worldcocoaconference.org\/wp-content\/uploads\/2023\/06\/07-copy-1-1084x1536.jpg 1084w\" sizes=\"(max-width: 1200px) 100vw, 1200px\" \/>\t\t\t\t\t\t\t\t\t\t\t\t\t\t\t<\/div>\n\t\t\t\t<\/div>\n\t\t\t\t\t<\/div>\n\t\t<\/div>\n\t\t\t\t<div class=\"elementor-column elementor-col-50 elementor-inner-column elementor-element elementor-element-f7fb7d4\" data-id=\"f7fb7d4\" data-element_type=\"column\" data-e-type=\"column\">\n\t\t\t<div class=\"elementor-widget-wrap elementor-element-populated\">\n\t\t\t\t\t\t<div class=\"elementor-element elementor-element-2bf8772 elementor-widget elementor-widget-image\" data-id=\"2bf8772\" data-element_type=\"widget\" data-e-type=\"widget\" data-widget_type=\"image.default\">\n\t\t\t\t<div class=\"elementor-widget-container\">\n\t\t\t\t\t\t\t\t\t\t\t\t\t\t\t<img decoding=\"async\" width=\"1200\" height=\"1700\" src=\"https:\/\/www.worldcocoaconference.org\/wp-content\/uploads\/2023\/06\/P1010301-copy-kopieren-1.jpg\" class=\"attachment-large size-large wp-image-1070\" alt=\"\" srcset=\"https:\/\/www.worldcocoaconference.org\/wp-content\/uploads\/2023\/06\/P1010301-copy-kopieren-1.jpg 1200w, https:\/\/www.worldcocoaconference.org\/wp-content\/uploads\/2023\/06\/P1010301-copy-kopieren-1-768x1088.jpg 768w, https:\/\/www.worldcocoaconference.org\/wp-content\/uploads\/2023\/06\/P1010301-copy-kopieren-1-1084x1536.jpg 1084w\" sizes=\"(max-width: 1200px) 100vw, 1200px\" \/>\t\t\t\t\t\t\t\t\t\t\t\t\t\t\t<\/div>\n\t\t\t\t<\/div>\n\t\t\t\t\t<\/div>\n\t\t<\/div>\n\t\t\t\t\t<\/div>\n\t\t<\/section>\n\t\t\t\t\t<\/div>\n\t\t<\/div>\n\t\t\t\t\t<\/div>\n\t\t<\/section>\n\t\t\t\t<\/div>\n\t\t","protected":false},"excerpt":{"rendered":"<p>Bruxelles &amp; Belgique Bienvenue \u00e0 Bruxelles et en Belgique ! Nous sommes ravis de vous accueillir pour la 5\u00e8me World Cocoa Conference 2024, qui se tiendra au Square Brussels Convention Center, id\u00e9alement situ\u00e9 au c\u0153ur de la ville. Le centre est facilement accessible gr\u00e2ce \u00e0 un excellent r\u00e9seau de transports en commun, comprenant de nombreuses [&hellip;]<\/p>\n","protected":false},"author":1,"featured_media":0,"parent":0,"menu_order":0,"comment_status":"closed","ping_status":"closed","template":"elementor_header_footer","meta":{"sfsi_plus_gutenberg_text_before_share":"","sfsi_plus_gutenberg_show_text_before_share":"","sfsi_plus_gutenberg_icon_type":"","sfsi_plus_gutenberg_icon_alignemt":"","sfsi_plus_gutenburg_max_per_row":"","_lmt_disableupdate":"","_lmt_disable":"","footnotes":""},"class_list":["post-461","page","type-page","status-publish","hentry"],"_links":{"self":[{"href":"https:\/\/www.worldcocoaconference.org\/fr\/wp-json\/wp\/v2\/pages\/461","targetHints":{"allow":["GET"]}}],"collection":[{"href":"https:\/\/www.worldcocoaconference.org\/fr\/wp-json\/wp\/v2\/pages"}],"about":[{"href":"https:\/\/www.worldcocoaconference.org\/fr\/wp-json\/wp\/v2\/types\/page"}],"author":[{"embeddable":true,"href":"https:\/\/www.worldcocoaconference.org\/fr\/wp-json\/wp\/v2\/users\/1"}],"replies":[{"embeddable":true,"href":"https:\/\/www.worldcocoaconference.org\/fr\/wp-json\/wp\/v2\/comments?post=461"}],"version-history":[{"count":30,"href":"https:\/\/www.worldcocoaconference.org\/fr\/wp-json\/wp\/v2\/pages\/461\/revisions"}],"predecessor-version":[{"id":3408,"href":"https:\/\/www.worldcocoaconference.org\/fr\/wp-json\/wp\/v2\/pages\/461\/revisions\/3408"}],"wp:attachment":[{"href":"https:\/\/www.worldcocoaconference.org\/fr\/wp-json\/wp\/v2\/media?parent=461"}],"curies":[{"name":"wp","href":"https:\/\/api.w.org\/{rel}","templated":true}]}}