{"id":523,"date":"2023-05-09T12:58:25","date_gmt":"2023-05-09T10:58:25","guid":{"rendered":"https:\/\/www.worldcocoaconference.org\/informations-sur-les-voyages\/"},"modified":"2023-11-27T18:09:14","modified_gmt":"2023-11-27T17:09:14","slug":"informations-sur-les-voyages","status":"publish","type":"page","link":"https:\/\/www.worldcocoaconference.org\/fr\/informations-sur-les-voyages\/","title":{"rendered":"Voyage et H\u00e9bergement"},"content":{"rendered":"\t\t<div data-elementor-type=\"wp-page\" data-elementor-id=\"523\" class=\"elementor elementor-523 elementor-289\" data-elementor-post-type=\"page\">\n\t\t\t\t\t\t<section class=\"elementor-section elementor-top-section elementor-element elementor-element-b104b96 elementor-section-height-min-height elementor-section-full_width elementor-section-items-bottom elementor-section-height-default\" data-id=\"b104b96\" data-element_type=\"section\" data-e-type=\"section\" data-settings=\"{&quot;background_background&quot;:&quot;classic&quot;}\">\n\t\t\t\t\t\t<div class=\"elementor-container elementor-column-gap-default\">\n\t\t\t\t\t<div class=\"elementor-column elementor-col-100 elementor-top-column elementor-element elementor-element-2ec50ae\" data-id=\"2ec50ae\" data-element_type=\"column\" data-e-type=\"column\">\n\t\t\t<div class=\"elementor-widget-wrap\">\n\t\t\t\t\t\t\t<\/div>\n\t\t<\/div>\n\t\t\t\t\t<\/div>\n\t\t<\/section>\n\t\t\t\t<section class=\"elementor-section elementor-top-section elementor-element elementor-element-3ec5a2c elementor-section-boxed elementor-section-height-default elementor-section-height-default\" data-id=\"3ec5a2c\" data-element_type=\"section\" data-e-type=\"section\">\n\t\t\t\t\t\t\t<div class=\"elementor-background-overlay\"><\/div>\n\t\t\t\t\t\t\t<div class=\"elementor-container elementor-column-gap-default\">\n\t\t\t\t\t<div class=\"elementor-column elementor-col-100 elementor-top-column elementor-element elementor-element-8a4081d\" data-id=\"8a4081d\" data-element_type=\"column\" data-e-type=\"column\">\n\t\t\t<div class=\"elementor-widget-wrap elementor-element-populated\">\n\t\t\t\t\t\t<div class=\"elementor-element elementor-element-e760e55 elementor-widget elementor-widget-heading\" data-id=\"e760e55\" data-element_type=\"widget\" data-e-type=\"widget\" data-widget_type=\"heading.default\">\n\t\t\t\t<div class=\"elementor-widget-container\">\n\t\t\t\t\t<h2 class=\"elementor-heading-title elementor-size-default\">H\u00f4tels<\/h2>\t\t\t\t<\/div>\n\t\t\t\t<\/div>\n\t\t\t\t<div class=\"elementor-element elementor-element-6f39a30 elementor-widget elementor-widget-text-editor\" data-id=\"6f39a30\" data-element_type=\"widget\" data-e-type=\"widget\" data-widget_type=\"text-editor.default\">\n\t\t\t\t<div class=\"elementor-widget-container\">\n\t\t\t\t\t\t\t\t\t<p class=\"p1\"><strong><span lang=\"EN-GB\">Ne perdez pas le sommeil pour votre r\u00e9servation d&rsquo;h\u00f4tel, \u00e9vitez le stress et r\u00e9servez vos chambres d&rsquo;h\u00f4tel d\u00e8s maintenant.<\/span><\/strong><\/p>\n\t\t\t\t\t\t\t\t<\/div>\n\t\t\t\t<\/div>\n\t\t\t\t<div class=\"elementor-element elementor-element-2d8162b elementor-widget elementor-widget-text-editor\" data-id=\"2d8162b\" data-element_type=\"widget\" data-e-type=\"widget\" data-widget_type=\"text-editor.default\">\n\t\t\t\t<div class=\"elementor-widget-container\">\n\t\t\t\t\t\t\t\t\t<p><span lang=\"EN-GB\">Tarifs r\u00e9duits et assistance \u00e0 la r\u00e9servation via le Brussels Booking Desk*.<\/span><\/p>\n<ul type=\"disc\">\n<li class=\"xxxxxxxxmsonormal\"><span lang=\"EN-GB\">R\u00e9servez directement dans l&rsquo;un des h\u00f4tels situ\u00e9s \u00e0 distance de marche du lieu de la conf\u00e9rence<\/span><\/li>\n<li class=\"xxxxxxxxmsonormal\"><span lang=\"EN-GB\">Des tarifs r\u00e9duits ont \u00e9t\u00e9 n\u00e9goci\u00e9s pour vous, la disponibilit\u00e9 est assur\u00e9e jusqu&rsquo;\u00e0 4 semaines avant votre date d&rsquo;arriv\u00e9e<\/span><\/li>\n<\/ul>\n<p class=\"xxxxxxxxmsonormal\">\n<p class=\"xxxxxxxxmsonormal\">Veuillez proc\u00e9der \u00e0 votre r\u00e9servation via <a title=\"https:\/\/secure.hotel.visitbrussels.be\/event\/world-cocoa-conference-2024\/congress\/search?lang=en\" href=\"https:\/\/secure.hotel.visitbrussels.be\/event\/world-cocoa-conference-2024\/congress\/search?lang=en\" target=\"_blank\" rel=\"noopener\"><b>ce lien<\/b><\/a>.<\/p>\n<p><strong><span lang=\"EN-GB\">Premier arriv\u00e9, premier servi&#8230; Faites vite !<\/span><\/strong><\/p>\n<p><strong><u><span lang=\"EN-GB\">Besoin de plus d&rsquo;informations ?<\/span><\/u><\/strong><\/p>\n<p><span lang=\"EN-GB\">Olivier Nussbaum, l&rsquo;expert en h\u00e9bergement \u00e0 Bruxelles, sera votre guide h\u00f4telier.<span class=\"apple-converted-space\"> <\/span><\/span><\/p>\n<p><span lang=\"EN-GB\">Vous pouvez le contacter par e-mail \u00e0 l&rsquo;adresse<\/span> <span lang=\"EN-GB\"><a title=\"mailto:info@brusselsbookingdesk.be\" href=\"mailto:info@brusselsbookingdesk.be\">info@brusselsbookingdesk.be<\/a><\/span><span lang=\"EN-GB\">, ou l&rsquo;appeler au<\/span> <strong><span lang=\"EN-GB\">+<a href=\"tel:+32498717542\">32498717542<\/a><\/span><\/strong><span lang=\"EN-GB\">.<\/span><\/p>\n<div>\n<p><em><span lang=\"EN-GB\">*Brussels Booking Desk est le seul partenaire officiel de la World Cocoa Conference 2024 et un soutien local de la Communaut\u00e9 H\u00f4teli\u00e8re de Bruxelles et de<\/span><\/em><span class=\"apple-converted-space\"><i><span lang=\"EN-GB\"> <\/span><\/i><\/span><em><span lang=\"EN-GB\">visit.brussels. <\/span><\/em> <\/p>\n<\/div>\n\t\t\t\t\t\t\t\t<\/div>\n\t\t\t\t<\/div>\n\t\t\t\t<div class=\"elementor-element elementor-element-78fa4eb elementor-widget-divider--view-line elementor-widget elementor-widget-divider\" data-id=\"78fa4eb\" data-element_type=\"widget\" data-e-type=\"widget\" data-widget_type=\"divider.default\">\n\t\t\t\t<div class=\"elementor-widget-container\">\n\t\t\t\t\t\t\t<div class=\"elementor-divider\">\n\t\t\t<span class=\"elementor-divider-separator\">\n\t\t\t\t\t\t<\/span>\n\t\t<\/div>\n\t\t\t\t\t\t<\/div>\n\t\t\t\t<\/div>\n\t\t\t\t<div class=\"elementor-element elementor-element-ff44c15 elementor-widget elementor-widget-heading\" data-id=\"ff44c15\" data-element_type=\"widget\" data-e-type=\"widget\" data-widget_type=\"heading.default\">\n\t\t\t\t<div class=\"elementor-widget-container\">\n\t\t\t\t\t<h2 class=\"elementor-heading-title elementor-size-default\">Tarifs sp\u00e9ciaux des compagnies a\u00e9riennes du groupe Lufthansa \u2013 Transporteurs officiels<\/h2>\t\t\t\t<\/div>\n\t\t\t\t<\/div>\n\t\t\t\t<section class=\"elementor-section elementor-inner-section elementor-element elementor-element-8ab6727 elementor-section-boxed elementor-section-height-default elementor-section-height-default\" data-id=\"8ab6727\" data-element_type=\"section\" data-e-type=\"section\">\n\t\t\t\t\t\t<div class=\"elementor-container elementor-column-gap-default\">\n\t\t\t\t\t<div class=\"elementor-column elementor-col-33 elementor-inner-column elementor-element elementor-element-e4b048d\" data-id=\"e4b048d\" data-element_type=\"column\" data-e-type=\"column\">\n\t\t\t<div class=\"elementor-widget-wrap\">\n\t\t\t\t\t\t\t<\/div>\n\t\t<\/div>\n\t\t\t\t<div class=\"elementor-column elementor-col-33 elementor-inner-column elementor-element elementor-element-a2765ac\" data-id=\"a2765ac\" data-element_type=\"column\" data-e-type=\"column\">\n\t\t\t<div class=\"elementor-widget-wrap elementor-element-populated\">\n\t\t\t\t\t\t<div class=\"elementor-element elementor-element-71d86df elementor-widget elementor-widget-image\" data-id=\"71d86df\" data-element_type=\"widget\" data-e-type=\"widget\" data-widget_type=\"image.default\">\n\t\t\t\t<div class=\"elementor-widget-container\">\n\t\t\t\t\t\t\t\t\t\t\t\t\t\t\t<img fetchpriority=\"high\" decoding=\"async\" width=\"1851\" height=\"358\" src=\"https:\/\/www.worldcocoaconference.org\/wp-content\/uploads\/2023\/11\/Lufthansa-Group_alone.png\" class=\"attachment-large size-large wp-image-3031\" alt=\"\" srcset=\"https:\/\/www.worldcocoaconference.org\/wp-content\/uploads\/2023\/11\/Lufthansa-Group_alone.png 1851w, https:\/\/www.worldcocoaconference.org\/wp-content\/uploads\/2023\/11\/Lufthansa-Group_alone-768x149.png 768w, https:\/\/www.worldcocoaconference.org\/wp-content\/uploads\/2023\/11\/Lufthansa-Group_alone-1536x297.png 1536w\" sizes=\"(max-width: 1851px) 100vw, 1851px\" \/>\t\t\t\t\t\t\t\t\t\t\t\t\t\t\t<\/div>\n\t\t\t\t<\/div>\n\t\t\t\t\t<\/div>\n\t\t<\/div>\n\t\t\t\t<div class=\"elementor-column elementor-col-33 elementor-inner-column elementor-element elementor-element-d121996\" data-id=\"d121996\" data-element_type=\"column\" data-e-type=\"column\">\n\t\t\t<div class=\"elementor-widget-wrap\">\n\t\t\t\t\t\t\t<\/div>\n\t\t<\/div>\n\t\t\t\t\t<\/div>\n\t\t<\/section>\n\t\t\t\t<section class=\"elementor-section elementor-inner-section elementor-element elementor-element-5e5eae7 elementor-section-boxed elementor-section-height-default elementor-section-height-default\" data-id=\"5e5eae7\" data-element_type=\"section\" data-e-type=\"section\">\n\t\t\t\t\t\t<div class=\"elementor-container elementor-column-gap-default\">\n\t\t\t\t\t<div class=\"elementor-column elementor-col-25 elementor-inner-column elementor-element elementor-element-d33ce10\" data-id=\"d33ce10\" data-element_type=\"column\" data-e-type=\"column\">\n\t\t\t<div class=\"elementor-widget-wrap elementor-element-populated\">\n\t\t\t\t\t\t<div class=\"elementor-element elementor-element-0689691 elementor-widget elementor-widget-image\" data-id=\"0689691\" data-element_type=\"widget\" data-e-type=\"widget\" data-widget_type=\"image.default\">\n\t\t\t\t<div class=\"elementor-widget-container\">\n\t\t\t\t\t\t\t\t\t\t\t\t\t\t\t<img decoding=\"async\" width=\"918\" height=\"250\" src=\"https:\/\/www.worldcocoaconference.org\/wp-content\/uploads\/2023\/11\/1280px-Austrian_Airlines_Logo_neu.svg_-1.png\" class=\"attachment-large size-large wp-image-3022\" alt=\"\" srcset=\"https:\/\/www.worldcocoaconference.org\/wp-content\/uploads\/2023\/11\/1280px-Austrian_Airlines_Logo_neu.svg_-1.png 918w, https:\/\/www.worldcocoaconference.org\/wp-content\/uploads\/2023\/11\/1280px-Austrian_Airlines_Logo_neu.svg_-1-768x209.png 768w\" sizes=\"(max-width: 918px) 100vw, 918px\" \/>\t\t\t\t\t\t\t\t\t\t\t\t\t\t\t<\/div>\n\t\t\t\t<\/div>\n\t\t\t\t\t<\/div>\n\t\t<\/div>\n\t\t\t\t<div class=\"elementor-column elementor-col-25 elementor-inner-column elementor-element elementor-element-0e3693b\" data-id=\"0e3693b\" data-element_type=\"column\" data-e-type=\"column\">\n\t\t\t<div class=\"elementor-widget-wrap elementor-element-populated\">\n\t\t\t\t\t\t<div class=\"elementor-element elementor-element-1629823 elementor-widget elementor-widget-image\" data-id=\"1629823\" data-element_type=\"widget\" data-e-type=\"widget\" data-widget_type=\"image.default\">\n\t\t\t\t<div class=\"elementor-widget-container\">\n\t\t\t\t\t\t\t\t\t\t\t\t\t\t\t<img decoding=\"async\" width=\"3840\" height=\"920\" src=\"https:\/\/www.worldcocoaconference.org\/wp-content\/uploads\/2023\/11\/Brussels-Airlines-Logo-1.png\" class=\"attachment-large size-large wp-image-3025\" alt=\"\" srcset=\"https:\/\/www.worldcocoaconference.org\/wp-content\/uploads\/2023\/11\/Brussels-Airlines-Logo-1.png 3840w, https:\/\/www.worldcocoaconference.org\/wp-content\/uploads\/2023\/11\/Brussels-Airlines-Logo-1-768x184.png 768w, https:\/\/www.worldcocoaconference.org\/wp-content\/uploads\/2023\/11\/Brussels-Airlines-Logo-1-1536x368.png 1536w, https:\/\/www.worldcocoaconference.org\/wp-content\/uploads\/2023\/11\/Brussels-Airlines-Logo-1-2048x491.png 2048w\" sizes=\"(max-width: 3840px) 100vw, 3840px\" \/>\t\t\t\t\t\t\t\t\t\t\t\t\t\t\t<\/div>\n\t\t\t\t<\/div>\n\t\t\t\t\t<\/div>\n\t\t<\/div>\n\t\t\t\t<div class=\"elementor-column elementor-col-25 elementor-inner-column elementor-element elementor-element-21c1807\" data-id=\"21c1807\" data-element_type=\"column\" data-e-type=\"column\">\n\t\t\t<div class=\"elementor-widget-wrap elementor-element-populated\">\n\t\t\t\t\t\t<div class=\"elementor-element elementor-element-2d04e43 elementor-widget elementor-widget-image\" data-id=\"2d04e43\" data-element_type=\"widget\" data-e-type=\"widget\" data-widget_type=\"image.default\">\n\t\t\t\t<div class=\"elementor-widget-container\">\n\t\t\t\t\t\t\t\t\t\t\t\t\t\t\t<img loading=\"lazy\" decoding=\"async\" width=\"1200\" height=\"345\" src=\"https:\/\/www.worldcocoaconference.org\/wp-content\/uploads\/2023\/11\/Eurowings_Logo.svg_-1.png\" class=\"attachment-large size-large wp-image-3028\" alt=\"\" srcset=\"https:\/\/www.worldcocoaconference.org\/wp-content\/uploads\/2023\/11\/Eurowings_Logo.svg_-1.png 1200w, https:\/\/www.worldcocoaconference.org\/wp-content\/uploads\/2023\/11\/Eurowings_Logo.svg_-1-768x221.png 768w\" sizes=\"(max-width: 1200px) 100vw, 1200px\" \/>\t\t\t\t\t\t\t\t\t\t\t\t\t\t\t<\/div>\n\t\t\t\t<\/div>\n\t\t\t\t\t<\/div>\n\t\t<\/div>\n\t\t\t\t<div class=\"elementor-column elementor-col-25 elementor-inner-column elementor-element elementor-element-909cd53\" data-id=\"909cd53\" data-element_type=\"column\" data-e-type=\"column\">\n\t\t\t<div class=\"elementor-widget-wrap elementor-element-populated\">\n\t\t\t\t\t\t<div class=\"elementor-element elementor-element-fbed868 elementor-widget elementor-widget-image\" data-id=\"fbed868\" data-element_type=\"widget\" data-e-type=\"widget\" data-widget_type=\"image.default\">\n\t\t\t\t<div class=\"elementor-widget-container\">\n\t\t\t\t\t\t\t\t\t\t\t\t\t\t\t<img loading=\"lazy\" decoding=\"async\" width=\"1008\" height=\"284\" src=\"https:\/\/www.worldcocoaconference.org\/wp-content\/uploads\/2023\/11\/Swiss_International_Air_Lines-Logo.wine_.png\" class=\"attachment-large size-large wp-image-3034\" alt=\"\" srcset=\"https:\/\/www.worldcocoaconference.org\/wp-content\/uploads\/2023\/11\/Swiss_International_Air_Lines-Logo.wine_.png 1008w, https:\/\/www.worldcocoaconference.org\/wp-content\/uploads\/2023\/11\/Swiss_International_Air_Lines-Logo.wine_-768x216.png 768w\" sizes=\"(max-width: 1008px) 100vw, 1008px\" \/>\t\t\t\t\t\t\t\t\t\t\t\t\t\t\t<\/div>\n\t\t\t\t<\/div>\n\t\t\t\t\t<\/div>\n\t\t<\/div>\n\t\t\t\t\t<\/div>\n\t\t<\/section>\n\t\t\t\t<section class=\"elementor-section elementor-inner-section elementor-element elementor-element-cd36ee9 elementor-section-boxed elementor-section-height-default elementor-section-height-default\" data-id=\"cd36ee9\" data-element_type=\"section\" data-e-type=\"section\">\n\t\t\t\t\t\t<div class=\"elementor-container elementor-column-gap-default\">\n\t\t\t\t\t<div class=\"elementor-column elementor-col-100 elementor-inner-column elementor-element elementor-element-062305d\" data-id=\"062305d\" data-element_type=\"column\" data-e-type=\"column\">\n\t\t\t<div class=\"elementor-widget-wrap elementor-element-populated\">\n\t\t\t\t\t\t<div class=\"elementor-element elementor-element-b3ae23e elementor-widget elementor-widget-text-editor\" data-id=\"b3ae23e\" data-element_type=\"widget\" data-e-type=\"widget\" data-widget_type=\"text-editor.default\">\n\t\t\t\t<div class=\"elementor-widget-container\">\n\t\t\t\t\t\t\t\t\t<p>Les compagnies a\u00e9riennes du groupe Lufthansa rassemblent les gens \u2013 chaque jour, dans le monde entier et apportent leur soutien \u00e0 la Conf\u00e9rence Mondiale du Cacao en tant que transporteur officiel.  Airlines et d\u2019Eurowings offre des possibilit\u00e9s optimales de connexion et de combinaison, ce qui vous permet de b\u00e9n\u00e9ficier de vols rapides et directs vers l\u2019\u00e9v\u00e9nement.<\/p>\n<p>Le code de la conf\u00e9rence est BEAUXLN.<\/p>\n<p>Les tarifs pr\u00e9f\u00e9rentiels pour la conf\u00e9rence sont automatiquement mis \u00e0 jour via <a href=\"https:\/\/www.lufthansa.com\/de\/en\/meetings-and-events-delegates\" target=\"_blank\" rel=\"noopener\"><strong>ce lien<\/strong><\/a>.<\/p>\n<p><strong>NB : Veuillez activer les fen\u00eatres pop-up en permanence dans votre navigateur lors de la r\u00e9servation, sinon la fen\u00eatre de la plateforme de r\u00e9servation ne s&rsquo;ouvrira pas.<\/strong><\/p>\n\t\t\t\t\t\t\t\t<\/div>\n\t\t\t\t<\/div>\n\t\t\t\t\t<\/div>\n\t\t<\/div>\n\t\t\t\t\t<\/div>\n\t\t<\/section>\n\t\t\t\t<div class=\"elementor-element elementor-element-0438b4f elementor-widget-divider--view-line elementor-widget elementor-widget-divider\" data-id=\"0438b4f\" data-element_type=\"widget\" data-e-type=\"widget\" data-widget_type=\"divider.default\">\n\t\t\t\t<div class=\"elementor-widget-container\">\n\t\t\t\t\t\t\t<div class=\"elementor-divider\">\n\t\t\t<span class=\"elementor-divider-separator\">\n\t\t\t\t\t\t<\/span>\n\t\t<\/div>\n\t\t\t\t\t\t<\/div>\n\t\t\t\t<\/div>\n\t\t\t\t<div class=\"elementor-element elementor-element-3545eaa elementor-widget elementor-widget-heading\" data-id=\"3545eaa\" data-element_type=\"widget\" data-e-type=\"widget\" data-widget_type=\"heading.default\">\n\t\t\t\t<div class=\"elementor-widget-container\">\n\t\t\t\t\t<h2 class=\"elementor-heading-title elementor-size-default\">VISA<\/h2>\t\t\t\t<\/div>\n\t\t\t\t<\/div>\n\t\t\t\t<div class=\"elementor-element elementor-element-4914a0f elementor-widget elementor-widget-text-editor\" data-id=\"4914a0f\" data-element_type=\"widget\" data-e-type=\"widget\" data-widget_type=\"text-editor.default\">\n\t\t\t\t<div class=\"elementor-widget-container\">\n\t\t\t\t\t\t\t\t\t<h2><em>Pour les pays de l&rsquo;Union europ\u00e9enne :<\/em><\/h2>\n<p>Les participants de l&rsquo;Union europ\u00e9enne (UE) n&rsquo;ont pas besoin de visa pour entrer en Belgique. Vous pouvez <strong>entrer dans le pays avec une carte d\u2019identit\u00e9 ou un passeport en cours de validit\u00e9<\/strong>.<\/p>\n<h2><em>Pour les pays en dehors de l&rsquo;Union europ\u00e9enne :  <\/em><\/h2>\n<p>Les ressortissants de la plupart des pays non membres de l\u2019UE <strong>ont besoin d\u2019un visa<\/strong>. Pour un court s\u00e9jour, vous pouvez demander un <em>visa Schengen<\/em>, qui vous permettra de s\u00e9journer 90 jours au maximum dans notre beau pays. Veuillez noter que les visiteurs des \u00c9tats-Unis d&rsquo;Am\u00e9rique et du Canada n&rsquo;ont pas besoin de visa pour entrer dans l&rsquo;Union europ\u00e9enne.<\/p>\n<h2><strong>Veuillez noter que les r\u00e8gles en mati\u00e8re de visa diff\u00e8rent d&rsquo;un pays \u00e0 l&rsquo;autre.  <\/strong><\/h2>\n<p>Pour plus d\u2019informations concernant les exigences en mati\u00e8re de visa, voici un lien vers le site web des Affaires \u00e9trang\u00e8res de Belgique : <a href=\"https:\/\/diplomatie.belgium.be\/en\/travel-belgium\/visa-belgium\" target=\"_blank\" rel=\"noopener\">Visa pour la Belgique | SPF Affaires \u00e9trang\u00e8res \u2013 Commerce ext\u00e9rieur et coop\u00e9ration au d\u00e9veloppement<\/a><\/p>\n<p><span lang=\"EN-US\">Une lettre d\u2019invitation officielle peut \u00eatre demand\u00e9e en contactant<\/span> <b><u><span lang=\"EN-US\"><a href=\"mailto:secretariat@cocoabrussels2024.be\">secretariat@cocoabrussels2024.be<\/a><\/span><\/u><\/b> afin de faciliter la demande de visa.<span lang=\"EN-US\"> Veuillez noter que cette lettre ne peut \u00eatre adress\u00e9e qu&rsquo;apr\u00e8s l&rsquo;inscription et le paiement int\u00e9gral des frais d&rsquo;inscription. <\/span><\/p>\n\t\t\t\t\t\t\t\t<\/div>\n\t\t\t\t<\/div>\n\t\t\t\t<div class=\"elementor-element elementor-element-cf7fce9 elementor-widget-divider--view-line elementor-widget elementor-widget-divider\" data-id=\"cf7fce9\" data-element_type=\"widget\" data-e-type=\"widget\" data-widget_type=\"divider.default\">\n\t\t\t\t<div class=\"elementor-widget-container\">\n\t\t\t\t\t\t\t<div class=\"elementor-divider\">\n\t\t\t<span class=\"elementor-divider-separator\">\n\t\t\t\t\t\t<\/span>\n\t\t<\/div>\n\t\t\t\t\t\t<\/div>\n\t\t\t\t<\/div>\n\t\t\t\t<div class=\"elementor-element elementor-element-17e907e elementor-widget elementor-widget-heading\" data-id=\"17e907e\" data-element_type=\"widget\" data-e-type=\"widget\" data-widget_type=\"heading.default\">\n\t\t\t\t<div class=\"elementor-widget-container\">\n\t\t\t\t\t<h2 class=\"elementor-heading-title elementor-size-default\">Localisation<\/h2>\t\t\t\t<\/div>\n\t\t\t\t<\/div>\n\t\t\t\t<section class=\"elementor-section elementor-inner-section elementor-element elementor-element-ac561b0 elementor-section-boxed elementor-section-height-default elementor-section-height-default\" data-id=\"ac561b0\" data-element_type=\"section\" data-e-type=\"section\">\n\t\t\t\t\t\t<div class=\"elementor-container elementor-column-gap-default\">\n\t\t\t\t\t<div class=\"elementor-column elementor-col-50 elementor-inner-column elementor-element elementor-element-a01da9d\" data-id=\"a01da9d\" data-element_type=\"column\" data-e-type=\"column\">\n\t\t\t<div class=\"elementor-widget-wrap elementor-element-populated\">\n\t\t\t\t\t\t<div class=\"elementor-element elementor-element-e07d930 elementor-widget elementor-widget-text-editor\" data-id=\"e07d930\" data-element_type=\"widget\" data-e-type=\"widget\" data-widget_type=\"text-editor.default\">\n\t\t\t\t<div class=\"elementor-widget-container\">\n\t\t\t\t\t\t\t\t\t<p>Entr\u00e9e en verre<br \/>Mont des Arts\/Kunstberg<br \/>B-1000 Bruxelles<\/p>\n<p class=\"p1\"><span class=\"phone\">+32 2 515 13 00<\/span> <br \/><a class=\"email\" href=\"mailto:info@square-brussels.com\">info@square-brussels.com<\/a><\/p>\n\t\t\t\t\t\t\t\t<\/div>\n\t\t\t\t<\/div>\n\t\t\t\t\t<\/div>\n\t\t<\/div>\n\t\t\t\t<div class=\"elementor-column elementor-col-50 elementor-inner-column elementor-element elementor-element-89741dc\" data-id=\"89741dc\" data-element_type=\"column\" data-e-type=\"column\">\n\t\t\t<div class=\"elementor-widget-wrap elementor-element-populated\">\n\t\t\t\t\t\t<div class=\"elementor-element elementor-element-d1467e1 elementor-widget elementor-widget-google_maps\" data-id=\"d1467e1\" data-element_type=\"widget\" data-e-type=\"widget\" data-widget_type=\"google_maps.default\">\n\t\t\t\t<div class=\"elementor-widget-container\">\n\t\t\t\t\t\t\t<div class=\"elementor-custom-embed\">\n\t\t\t<iframe loading=\"lazy\"\n\t\t\t\t\tsrc=\"https:\/\/maps.google.com\/maps?q=the%20square%2C%20brussels&#038;t=m&#038;z=14&#038;output=embed&#038;iwloc=near\"\n\t\t\t\t\ttitle=\"the square, brussels\"\n\t\t\t\t\taria-label=\"the square, brussels\"\n\t\t\t><\/iframe>\n\t\t<\/div>\n\t\t\t\t\t\t<\/div>\n\t\t\t\t<\/div>\n\t\t\t\t\t<\/div>\n\t\t<\/div>\n\t\t\t\t\t<\/div>\n\t\t<\/section>\n\t\t\t\t\t<\/div>\n\t\t<\/div>\n\t\t\t\t\t<\/div>\n\t\t<\/section>\n\t\t\t\t<\/div>\n\t\t","protected":false},"excerpt":{"rendered":"<p>H\u00f4tels Ne perdez pas le sommeil pour votre r\u00e9servation d&rsquo;h\u00f4tel, \u00e9vitez le stress et r\u00e9servez vos chambres d&rsquo;h\u00f4tel d\u00e8s maintenant. Tarifs r\u00e9duits et assistance \u00e0 la r\u00e9servation via le Brussels Booking Desk*. R\u00e9servez directement dans l&rsquo;un des h\u00f4tels situ\u00e9s \u00e0 distance de marche du lieu de la conf\u00e9rence Des tarifs r\u00e9duits ont \u00e9t\u00e9 n\u00e9goci\u00e9s pour [&hellip;]<\/p>\n","protected":false},"author":1,"featured_media":0,"parent":0,"menu_order":0,"comment_status":"closed","ping_status":"closed","template":"elementor_header_footer","meta":{"sfsi_plus_gutenberg_text_before_share":"","sfsi_plus_gutenberg_show_text_before_share":"","sfsi_plus_gutenberg_icon_type":"","sfsi_plus_gutenberg_icon_alignemt":"","sfsi_plus_gutenburg_max_per_row":"","_lmt_disableupdate":"","_lmt_disable":"","footnotes":""},"class_list":["post-523","page","type-page","status-publish","hentry"],"_links":{"self":[{"href":"https:\/\/www.worldcocoaconference.org\/fr\/wp-json\/wp\/v2\/pages\/523","targetHints":{"allow":["GET"]}}],"collection":[{"href":"https:\/\/www.worldcocoaconference.org\/fr\/wp-json\/wp\/v2\/pages"}],"about":[{"href":"https:\/\/www.worldcocoaconference.org\/fr\/wp-json\/wp\/v2\/types\/page"}],"author":[{"embeddable":true,"href":"https:\/\/www.worldcocoaconference.org\/fr\/wp-json\/wp\/v2\/users\/1"}],"replies":[{"embeddable":true,"href":"https:\/\/www.worldcocoaconference.org\/fr\/wp-json\/wp\/v2\/comments?post=523"}],"version-history":[{"count":33,"href":"https:\/\/www.worldcocoaconference.org\/fr\/wp-json\/wp\/v2\/pages\/523\/revisions"}],"predecessor-version":[{"id":3080,"href":"https:\/\/www.worldcocoaconference.org\/fr\/wp-json\/wp\/v2\/pages\/523\/revisions\/3080"}],"wp:attachment":[{"href":"https:\/\/www.worldcocoaconference.org\/fr\/wp-json\/wp\/v2\/media?parent=523"}],"curies":[{"name":"wp","href":"https:\/\/api.w.org\/{rel}","templated":true}]}}